{"id":749891,"date":"2025-08-28T04:07:05","date_gmt":"2025-08-28T01:07:05","guid":{"rendered":"https:\/\/roveyayinevi.com.tr\/index.php\/urun\/narnia-gunlukleri-6-gumus-sandalye\/"},"modified":"2026-04-16T03:03:13","modified_gmt":"2026-04-16T00:03:13","slug":"narnia-gunlukleri-6-gumus-sandalye","status":"publish","type":"product","link":"https:\/\/roveyayinevi.com.tr\/index.php\/urun\/narnia-gunlukleri-6-gumus-sandalye\/","title":{"rendered":"Narnia G\u00fcnl\u00fckleri 6 &#8211; G\u00fcm\u00fc\u015f Sandalye"},"content":{"rendered":"<p>KAYIP PRENS\u0130N PE\u015e\u0130NDE Kaderi \u015feytani bir b\u00fcy\u00fcn\u00fcn bozulmas\u0131na ba\u011fl\u0131, kendini bekleyen tehlikeden habersiz bir \u00fclke: Narnia Kay\u0131p prensi bulmak \u00fczere g\u00f6revlendirilen bir grup arkada\u015f, tehlikelerle dolu bir yolculu\u011fa \u00e7\u0131kar. Ancak bu g\u00f6rev onlar\u0131 \u00e7ok g\u00fczel, bir o kadar da \u00f6l\u00fcmc\u00fcl bir cad\u0131yla kar\u015f\u0131 kar\u015f\u0131ya b\u0131rak\u0131r.     <\/p>\n","protected":false},"excerpt":{"rendered":"<p>KAYIP PRENS\u0130N PE\u015e\u0130NDE Kaderi \u015feytani bir b\u00fcy\u00fcn\u00fcn bozulmas\u0131na ba\u011fl\u0131, kendini bekleyen tehlikeden habersiz bir \u00fclke: Narnia Kay\u0131p prensi bulmak \u00fczere g\u00f6revlendirilen bir grup arkada\u015f, tehlikelerle dolu<span class=\"excerpt-hellip\"> [\u2026]<\/span><\/p>\n","protected":false},"featured_media":0,"template":"","meta":{"_monsterinsights_skip_tracking":false,"_monsterinsights_sitenote_active":false,"_monsterinsights_sitenote_note":"","_monsterinsights_sitenote_category":0},"product_brand":[],"product_cat":[12689,12274],"product_tag":[],"class_list":{"0":"post-749891","1":"product","2":"type-product","3":"status-publish","5":"product_cat-cizgi-roman-cocuk-ve-genclik-kitaplari","6":"product_cat-cocuk-ve-genclik-kitaplari","7":"pa_cilt-ciltsiz","8":"pa_tur-kitap","9":"pa_yayinevi-dogan-cocuk","10":"pa_yazar-c-s-lewis","12":"first","13":"instock","14":"sale","15":"shipping-taxable","16":"purchasable","17":"product-type-simple"},"_links":{"self":[{"href":"https:\/\/roveyayinevi.com.tr\/index.php\/wp-json\/wp\/v2\/product\/749891","targetHints":{"allow":["GET"]}}],"collection":[{"href":"https:\/\/roveyayinevi.com.tr\/index.php\/wp-json\/wp\/v2\/product"}],"about":[{"href":"https:\/\/roveyayinevi.com.tr\/index.php\/wp-json\/wp\/v2\/types\/product"}],"wp:attachment":[{"href":"https:\/\/roveyayinevi.com.tr\/index.php\/wp-json\/wp\/v2\/media?parent=749891"}],"wp:term":[{"taxonomy":"product_brand","embeddable":true,"href":"https:\/\/roveyayinevi.com.tr\/index.php\/wp-json\/wp\/v2\/product_brand?post=749891"},{"taxonomy":"product_cat","embeddable":true,"href":"https:\/\/roveyayinevi.com.tr\/index.php\/wp-json\/wp\/v2\/product_cat?post=749891"},{"taxonomy":"product_tag","embeddable":true,"href":"https:\/\/roveyayinevi.com.tr\/index.php\/wp-json\/wp\/v2\/product_tag?post=749891"}],"curies":[{"name":"wp","href":"https:\/\/api.w.org\/{rel}","templated":true}]}}