{"id":749890,"date":"2025-08-28T04:07:04","date_gmt":"2025-08-28T01:07:04","guid":{"rendered":"https:\/\/roveyayinevi.com.tr\/index.php\/urun\/narnia-gunlukleri-3-at-ve-cocuk\/"},"modified":"2026-04-16T03:03:13","modified_gmt":"2026-04-16T00:03:13","slug":"narnia-gunlukleri-3-at-ve-cocuk","status":"publish","type":"product","link":"https:\/\/roveyayinevi.com.tr\/index.php\/urun\/narnia-gunlukleri-3-at-ve-cocuk\/","title":{"rendered":"Narnia G\u00fcnl\u00fckleri 3 &#8211; At ve \u00c7ocuk"},"content":{"rendered":"<p>\u00d6ZG\u00dcRL\u00dc\u011eE D\u00d6RTNALA Konu\u015fan atlar\u0131n \u00fclkesi, k\u00f6t\u00fclerin kap\u0131s\u0131na dayand\u0131\u011f\u0131 NARN\u0130A D\u00f6rt ka\u00e7ak, tehlikeli bir yolculuk i\u00e7in g\u00fc\u00e7lerini birle\u015ftirir. Tek ama\u00e7lar\u0131 ya\u015fad\u0131klar\u0131 ac\u0131mas\u0131z ve s\u0131\u011f hayattan kurtulmakt\u0131r ama k\u0131sa s\u00fcrede kendilerini korkun\u00e7 bir sava\u015f\u0131n ortas\u0131nda bulurlar. \u00dcstelik hem kendilerinin hem de Narnia\u2019n\u0131n yazg\u0131s\u0131 bu sava\u015fa ba\u011fl\u0131d\u0131r. <\/p>\n","protected":false},"excerpt":{"rendered":"<p>\u00d6ZG\u00dcRL\u00dc\u011eE D\u00d6RTNALA Konu\u015fan atlar\u0131n \u00fclkesi, k\u00f6t\u00fclerin kap\u0131s\u0131na dayand\u0131\u011f\u0131 NARN\u0130A D\u00f6rt ka\u00e7ak, tehlikeli bir yolculuk i\u00e7in g\u00fc\u00e7lerini birle\u015ftirir. Tek ama\u00e7lar\u0131 ya\u015fad\u0131klar\u0131 ac\u0131mas\u0131z ve s\u0131\u011f hayattan kurtulmakt\u0131r ama<span class=\"excerpt-hellip\"> [\u2026]<\/span><\/p>\n","protected":false},"featured_media":0,"template":"","meta":{"_monsterinsights_skip_tracking":false,"_monsterinsights_sitenote_active":false,"_monsterinsights_sitenote_note":"","_monsterinsights_sitenote_category":0},"product_brand":[],"product_cat":[12689,12274],"product_tag":[],"class_list":{"0":"post-749890","1":"product","2":"type-product","3":"status-publish","5":"product_cat-cizgi-roman-cocuk-ve-genclik-kitaplari","6":"product_cat-cocuk-ve-genclik-kitaplari","7":"pa_cilt-ciltsiz","8":"pa_tur-kitap","9":"pa_yayinevi-dogan-cocuk","10":"pa_yazar-c-s-lewis","12":"first","13":"instock","14":"sale","15":"shipping-taxable","16":"purchasable","17":"product-type-simple"},"_links":{"self":[{"href":"https:\/\/roveyayinevi.com.tr\/index.php\/wp-json\/wp\/v2\/product\/749890","targetHints":{"allow":["GET"]}}],"collection":[{"href":"https:\/\/roveyayinevi.com.tr\/index.php\/wp-json\/wp\/v2\/product"}],"about":[{"href":"https:\/\/roveyayinevi.com.tr\/index.php\/wp-json\/wp\/v2\/types\/product"}],"wp:attachment":[{"href":"https:\/\/roveyayinevi.com.tr\/index.php\/wp-json\/wp\/v2\/media?parent=749890"}],"wp:term":[{"taxonomy":"product_brand","embeddable":true,"href":"https:\/\/roveyayinevi.com.tr\/index.php\/wp-json\/wp\/v2\/product_brand?post=749890"},{"taxonomy":"product_cat","embeddable":true,"href":"https:\/\/roveyayinevi.com.tr\/index.php\/wp-json\/wp\/v2\/product_cat?post=749890"},{"taxonomy":"product_tag","embeddable":true,"href":"https:\/\/roveyayinevi.com.tr\/index.php\/wp-json\/wp\/v2\/product_tag?post=749890"}],"curies":[{"name":"wp","href":"https:\/\/api.w.org\/{rel}","templated":true}]}}