{"id":749883,"date":"2025-08-28T04:06:52","date_gmt":"2025-08-28T01:06:52","guid":{"rendered":"https:\/\/roveyayinevi.com.tr\/index.php\/urun\/karbogazi-askina\/"},"modified":"2026-04-16T03:03:13","modified_gmt":"2026-04-16T00:03:13","slug":"karbogazi-askina","status":"publish","type":"product","link":"https:\/\/roveyayinevi.com.tr\/index.php\/urun\/karbogazi-askina\/","title":{"rendered":"Karbo\u011faz\u0131 A\u015fk\u0131na"},"content":{"rendered":"<p>\u201cSava\u015f m\u00fcttefikler i\u00e7in bitmi\u015f olabilir ama bizi ilgilendiren sava\u015f, kendi istikbalimizin sava\u015f\u0131d\u0131r. O da \u015fimdi ba\u015fl\u0131yor.&#8221; Karbo\u011faz\u0131 A\u015fk\u0131na; Mondros Ate\u015fkes Anla\u015fmas\u0131 sonras\u0131 \u015eam\u2019dan Adana\u2019ya gelen Mustafa Kemal\u2019in bu emriyle ba\u015flar. Karbo\u011faz\u0131 A\u015fk\u0131na; Kurtulu\u015f Sava\u015f\u0131m\u0131z esnas\u0131nda Toroslar\u0131n zirvesindeki o zamanlar ad\u0131 Panz\u0131n \u00c7ukuru olan bug\u00fcnk\u00fc G\u00fclek\u2019ten k\u0131rk d\u00f6rt kahraman\u0131n Verd\u00fcn\u2019de Almanlara kar\u015f\u0131 yapt\u0131klar\u0131 savunmayla  \u00fcst\u00fcn cesaret ni\u015fan\u0131 verilen 412. Frans\u0131z Avc\u0131 Taburuna kar\u015f\u0131  Karbo\u011faz\u0131\u2019nda verdi\u011fi amans\u0131z m\u00fccadelenin hikayesidir. Pozant\u0131, Elmal\u0131, Belemedik, Tekir, Panz\u0131n \u00c7ukuru, K\u0131z\u0131lalan, G\u00f6yn\u00fck Tepesi, Y\u0131lan Ovas\u0131, K\u0131rkp\u0131nar, Gerlez, Karbo\u011faz\u0131\u2026 \u201cArtin ben d\u00fc\u015fman\u0131m\u0131 k\u00fc\u00e7\u00fcmseyemem. Kilikya cephesinde hep duydum bu \u201cBir avu\u00e7 k\u00f6yl\u00fc\u201d laf\u0131n\u0131. Sadece bir laf. Albay Gracy\u2019nin tank\u0131 bir varilden korkup ka\u00e7m\u0131\u015ft\u0131, unutma. Bunu nas\u0131l a\u00e7\u0131klayacaks\u0131n? \u201cBir avu\u00e7 k\u00f6yl\u00fc\u201d s\u00f6z\u00fcyle mi? Onlar vatanseverler. Onlar yurtlar\u0131n\u0131 savunan cesur insanlar.\u201d Binba\u015f\u0131 Mesnil\u2026 (Karbo\u011faz\u0131 A\u015fk\u0131na, sf.220) Y\u00fcrekleri vatan sevgisiyle, Karbo\u011faz\u0131 A\u015fk\u0131\u2019yla yan\u0131p tutu\u015fan Ramazan, Osman, Ayd\u0131nl\u0131 Y\u00f6r\u00fckleri, Kumcu Veli, Haydar A\u011fa, Zeynel\u2026 Hay\u0131rl\u0131 Bac\u0131, H\u00fcr\u00fc Gelin, Koca Ana, Z\u00f6hre Ebe, Hat\u00e7a Kar\u0131\u2026 \u00c7oban Memed ve y\u00f6r\u00fck k\u0131z\u0131  Hat\u00e7e\u2026 Bat\u0131 Kilikya M\u0131nt\u0131ka Kumandan\u0131  Tekelio\u011flu Sinan, Panz\u0131n \u00c7ukuru M\u00fcfreze Kumandan\u0131 Te\u011fmen Kemal, Hac\u0131 Yolda\u015f, Kara Afet\u2026 Kuvayi Milliyeciler. \u201cBir avu\u00e7 k\u00f6yl\u00fc\u201d olarak tabir edilen k\u0131rk d\u00f6rt G\u00fclekli. *** Binba\u015f\u0131 Mesnil kumandas\u0131ndaki \u00fcst\u00fcn cesaret ni\u015fan\u0131 alm\u0131\u015f 412. Frans\u0131z Avc\u0131 Taburu Karbo\u011faz\u0131\u2019na do\u011fru inerken Hat\u00e7a Kad\u0131n ke\u00e7ilerini \u00f6n\u00fcne katm\u0131\u015f Elmal\u0131 yamac\u0131na do\u011fru t\u0131rman\u0131yordu. Y\u00f6r\u00fc\u011f\u00fcn s\u00fct\u00fc, yo\u011furdu, peyniri lezzetli olurdu ama y\u00fcre\u011findeki vatan sevgisini Frans\u0131z\u2019\u0131n anlamas\u0131 m\u00fcmk\u00fcn de\u011fildi. (Karbo\u011faz\u0131 A\u015fk\u0131na, sf.242) \u00c7amalan, Kara Bomba m\u00fcfrezeleri haz\u0131rd\u0131. Hamit Hoca, \u015eahbaz Yusuf, Dubarac\u0131 Mehmet, Ahmet \u00c7avu\u015f, G\u00fclekli Piyade Ali, Hac\u0131 H\u00fcseyin A\u011fa, T\u0131rl\u0131k Molla Mehmet, G\u00fclekli Fettah, Cevdet \u00c7avu\u015f, Bucakl\u0131 Hasan A\u011fa, Mucurlu Ahmet, Cin Osman, Ramazan\u2026 Ve iki minik kuvvac\u0131: \u00c7oban O\u011flan ve Filik Ke\u00e7isi haz\u0131rd\u0131. Panz\u0131n \u00c7ukuru haz\u0131rd\u0131. T\u00fcm Toroslar haz\u0131rd\u0131. Ya Verd\u00fcn Kahraman\u0131 Frans\u0131z Avc\u0131 Taburu?<\/p>\n","protected":false},"excerpt":{"rendered":"<p>\u201cSava\u015f m\u00fcttefikler i\u00e7in bitmi\u015f olabilir ama bizi ilgilendiren sava\u015f, kendi istikbalimizin sava\u015f\u0131d\u0131r. O da \u015fimdi ba\u015fl\u0131yor.&#8221; Karbo\u011faz\u0131 A\u015fk\u0131na; Mondros Ate\u015fkes Anla\u015fmas\u0131 sonras\u0131 \u015eam\u2019dan Adana\u2019ya gelen Mustafa<span class=\"excerpt-hellip\"> [\u2026]<\/span><\/p>\n","protected":false},"featured_media":0,"template":"","meta":{"_monsterinsights_skip_tracking":false,"_monsterinsights_sitenote_active":false,"_monsterinsights_sitenote_note":"","_monsterinsights_sitenote_category":0},"product_brand":[],"product_cat":[12291,12711],"product_tag":[],"class_list":{"0":"post-749883","1":"product","2":"type-product","3":"status-publish","5":"product_cat-edebiyat","6":"product_cat-roman-oyku","7":"pa_cilt-ciltsiz","8":"pa_tur-kitap","9":"pa_yayinevi-platanus-publishing","10":"pa_yazar-ozgen-dikmen","12":"first","13":"instock","14":"sale","15":"shipping-taxable","16":"purchasable","17":"product-type-simple"},"_links":{"self":[{"href":"https:\/\/roveyayinevi.com.tr\/index.php\/wp-json\/wp\/v2\/product\/749883","targetHints":{"allow":["GET"]}}],"collection":[{"href":"https:\/\/roveyayinevi.com.tr\/index.php\/wp-json\/wp\/v2\/product"}],"about":[{"href":"https:\/\/roveyayinevi.com.tr\/index.php\/wp-json\/wp\/v2\/types\/product"}],"wp:attachment":[{"href":"https:\/\/roveyayinevi.com.tr\/index.php\/wp-json\/wp\/v2\/media?parent=749883"}],"wp:term":[{"taxonomy":"product_brand","embeddable":true,"href":"https:\/\/roveyayinevi.com.tr\/index.php\/wp-json\/wp\/v2\/product_brand?post=749883"},{"taxonomy":"product_cat","embeddable":true,"href":"https:\/\/roveyayinevi.com.tr\/index.php\/wp-json\/wp\/v2\/product_cat?post=749883"},{"taxonomy":"product_tag","embeddable":true,"href":"https:\/\/roveyayinevi.com.tr\/index.php\/wp-json\/wp\/v2\/product_tag?post=749883"}],"curies":[{"name":"wp","href":"https:\/\/api.w.org\/{rel}","templated":true}]}}