{"id":749882,"date":"2025-08-28T04:06:50","date_gmt":"2025-08-28T01:06:50","guid":{"rendered":"https:\/\/roveyayinevi.com.tr\/index.php\/urun\/mumkunler-koprusu-sinan\/"},"modified":"2026-04-16T03:03:13","modified_gmt":"2026-04-16T00:03:13","slug":"mumkunler-koprusu-sinan","status":"publish","type":"product","link":"https:\/\/roveyayinevi.com.tr\/index.php\/urun\/mumkunler-koprusu-sinan\/","title":{"rendered":"M\u00fcmk\u00fcnler K\u00f6pr\u00fcs\u00fc \/ Sinan"},"content":{"rendered":"<p>1942 Adapazar\u0131 do\u011fumluyum. \u0130stanbul Ye\u015filk\u00f6y\u2019de ba\u015flad\u0131\u011f\u0131m ilkokulu Amasya\u2019da s\u00fcrd\u00fcr\u00fcp, Kastamonu Ta\u015fk\u00f6pr\u00fc\u2019de tamamlad\u0131m. Ortaokulu Manisa Ala\u015fehir\u2019de, liseyi \u0130zmir Kar\u015f\u0131yaka\u2019da okudum. 1974\u2019te G\u00fczel Sanatlar Akademisi Y. Mimarl\u0131k B\u00f6l\u00fcm\u00fc\u2019n\u00fc bitirdim.   Mimar olarak, ya\u015fam sahnesinde sert u\u00e7lu kalemimle \u00e7izgiler \u00e7izmekten yorulunca; bir ekran ba\u015f\u0131na ge\u00e7ip, d\u00fc\u015fler d\u00fcnyas\u0131nda oyunlar yazmay\u0131 se\u00e7tim. Art\u0131k \u015fantiyelerde uygulad\u0131\u011f\u0131m projeler yerine sahnede yorumlanan oyunlar\u0131m olacakt\u0131.   Bir \u00f6m\u00fcr boyu, Koca Sinan\u2019\u0131n eserlerindeki hikmeti ta\u015flar\u0131n aras\u0131nda aray\u0131p durdum. Sonunda ger\u00e7ek eserin \u201c\u0130nsan Sinan\u201d oldu\u011funu anlad\u0131m. O; \u2018H\u00fcnk\u00e2r ile Mimar\u2019da Kanuni S\u00fcleyman\u2019la, \u2018D\u00fc\u015flerde Selimiye\u2019de Sar\u0131 Selim\u2019le s\u00f6yle\u015firken, sohbetlerine tan\u0131k oldum.   \u2018M\u00fcmk\u00fcnler K\u00f6pr\u00fcs\u00fc\u2019 inanc\u0131n; soyutu somut k\u0131lma erdemiyle O\u2019nu Koca Sinan yapan yolu, \u2018Sinan S\u00fcleymaniye\u2019de ise onun yaratt\u0131\u011f\u0131, hem de onu yaratan k\u00fclt\u00fcr\u00fc g\u00f6sterdi bana&#8230;<\/p>\n","protected":false},"excerpt":{"rendered":"<p>1942 Adapazar\u0131 do\u011fumluyum. \u0130stanbul Ye\u015filk\u00f6y\u2019de ba\u015flad\u0131\u011f\u0131m ilkokulu Amasya\u2019da s\u00fcrd\u00fcr\u00fcp, Kastamonu Ta\u015fk\u00f6pr\u00fc\u2019de tamamlad\u0131m. Ortaokulu Manisa Ala\u015fehir\u2019de, liseyi \u0130zmir Kar\u015f\u0131yaka\u2019da okudum. 1974\u2019te G\u00fczel Sanatlar Akademisi Y. Mimarl\u0131k B\u00f6l\u00fcm\u00fc\u2019n\u00fc<span class=\"excerpt-hellip\"> [\u2026]<\/span><\/p>\n","protected":false},"featured_media":0,"template":"","meta":{"_monsterinsights_skip_tracking":false,"_monsterinsights_sitenote_active":false,"_monsterinsights_sitenote_note":"","_monsterinsights_sitenote_category":0},"product_brand":[],"product_cat":[12291,14272],"product_tag":[],"class_list":{"0":"post-749882","1":"product","2":"type-product","3":"status-publish","5":"product_cat-edebiyat","6":"product_cat-tiyatro","7":"pa_cilt-ciltsiz","8":"pa_tur-kitap","9":"pa_yayinevi-platanus-publishing","10":"pa_yazar-cem-gunen","12":"first","13":"instock","14":"sale","15":"shipping-taxable","16":"purchasable","17":"product-type-simple"},"_links":{"self":[{"href":"https:\/\/roveyayinevi.com.tr\/index.php\/wp-json\/wp\/v2\/product\/749882","targetHints":{"allow":["GET"]}}],"collection":[{"href":"https:\/\/roveyayinevi.com.tr\/index.php\/wp-json\/wp\/v2\/product"}],"about":[{"href":"https:\/\/roveyayinevi.com.tr\/index.php\/wp-json\/wp\/v2\/types\/product"}],"wp:attachment":[{"href":"https:\/\/roveyayinevi.com.tr\/index.php\/wp-json\/wp\/v2\/media?parent=749882"}],"wp:term":[{"taxonomy":"product_brand","embeddable":true,"href":"https:\/\/roveyayinevi.com.tr\/index.php\/wp-json\/wp\/v2\/product_brand?post=749882"},{"taxonomy":"product_cat","embeddable":true,"href":"https:\/\/roveyayinevi.com.tr\/index.php\/wp-json\/wp\/v2\/product_cat?post=749882"},{"taxonomy":"product_tag","embeddable":true,"href":"https:\/\/roveyayinevi.com.tr\/index.php\/wp-json\/wp\/v2\/product_tag?post=749882"}],"curies":[{"name":"wp","href":"https:\/\/api.w.org\/{rel}","templated":true}]}}