{"id":749879,"date":"2025-08-28T04:06:45","date_gmt":"2025-08-28T01:06:45","guid":{"rendered":"https:\/\/roveyayinevi.com.tr\/index.php\/urun\/martilarin-kalbinde-ne-var\/"},"modified":"2026-04-16T03:03:13","modified_gmt":"2026-04-16T00:03:13","slug":"martilarin-kalbinde-ne-var","status":"publish","type":"product","link":"https:\/\/roveyayinevi.com.tr\/index.php\/urun\/martilarin-kalbinde-ne-var\/","title":{"rendered":"Mart\u0131lar\u0131n Kalbinde Ne Var?"},"content":{"rendered":"<p>Her zaman benim u\u00e7tu\u011fum yerde u\u00e7an siyah bir ku\u015f var. Onu g\u00f6rd\u00fcn m\u00fc?\u201d Babas\u0131 g\u00fcld\u00fc. \u201cO senin g\u00f6lgen, Larus. Hepimizde var.\u201d \u201cNeden?\u201d \u201cBilmiyorum ama durum bu.\u201d \u201cNe i\u015fe yar\u0131yor?\u201d \u201cBence bir i\u015fe yaram\u0131yor. Ya da belki bize hayatta oldu\u011fumuzu hat\u0131rlat\u0131yor \u00e7\u00fcnk\u00fc \u00f6l\u00fc mart\u0131lar\u0131n g\u00f6lgeleri yoktur.\u201d *** U\u00e7maya ba\u015flad\u0131\u011f\u0131 ilk g\u00fcnlerde, Larus kendi g\u00f6lgesini izlemekten keyif al\u0131yordu. Bazen onu altta g\u00f6r\u00fcyor, bazen solda, bazen sa\u011fda, bazen de sanki ka\u00e7mak istercesine, onu yakalamaya c\u00fcret edercesine \u00f6n\u00fcnden gidiyordu. Bir s\u00fcre sonra Larus onu yakalamaya \u00e7al\u0131\u015fm\u0131\u015f ama o ne kadar h\u0131zl\u0131 u\u00e7arsa g\u00f6lge de o kadar h\u0131zlanm\u0131\u015f ve kendisine yeti\u015fmesine asla izin vermemi\u015fti.<\/p>\n","protected":false},"excerpt":{"rendered":"<p>Her zaman benim u\u00e7tu\u011fum yerde u\u00e7an siyah bir ku\u015f var. Onu g\u00f6rd\u00fcn m\u00fc?\u201d Babas\u0131 g\u00fcld\u00fc. \u201cO senin g\u00f6lgen, Larus. Hepimizde var.\u201d \u201cNeden?\u201d \u201cBilmiyorum ama durum bu.\u201d<span class=\"excerpt-hellip\"> [\u2026]<\/span><\/p>\n","protected":false},"featured_media":0,"template":"","meta":{"_monsterinsights_skip_tracking":false,"_monsterinsights_sitenote_active":false,"_monsterinsights_sitenote_note":"","_monsterinsights_sitenote_category":0},"product_brand":[],"product_cat":[12291,12711],"product_tag":[],"class_list":{"0":"post-749879","1":"product","2":"type-product","3":"status-publish","5":"product_cat-edebiyat","6":"product_cat-roman-oyku","7":"pa_cilt-ciltsiz","8":"pa_tur-kitap","9":"pa_yayinevi-q-yayinlari","10":"pa_yazar-guido-baldassarri","12":"first","13":"instock","14":"sale","15":"shipping-taxable","16":"purchasable","17":"product-type-simple"},"_links":{"self":[{"href":"https:\/\/roveyayinevi.com.tr\/index.php\/wp-json\/wp\/v2\/product\/749879","targetHints":{"allow":["GET"]}}],"collection":[{"href":"https:\/\/roveyayinevi.com.tr\/index.php\/wp-json\/wp\/v2\/product"}],"about":[{"href":"https:\/\/roveyayinevi.com.tr\/index.php\/wp-json\/wp\/v2\/types\/product"}],"wp:attachment":[{"href":"https:\/\/roveyayinevi.com.tr\/index.php\/wp-json\/wp\/v2\/media?parent=749879"}],"wp:term":[{"taxonomy":"product_brand","embeddable":true,"href":"https:\/\/roveyayinevi.com.tr\/index.php\/wp-json\/wp\/v2\/product_brand?post=749879"},{"taxonomy":"product_cat","embeddable":true,"href":"https:\/\/roveyayinevi.com.tr\/index.php\/wp-json\/wp\/v2\/product_cat?post=749879"},{"taxonomy":"product_tag","embeddable":true,"href":"https:\/\/roveyayinevi.com.tr\/index.php\/wp-json\/wp\/v2\/product_tag?post=749879"}],"curies":[{"name":"wp","href":"https:\/\/api.w.org\/{rel}","templated":true}]}}