{"id":749876,"date":"2025-08-28T04:06:40","date_gmt":"2025-08-28T01:06:40","guid":{"rendered":"https:\/\/roveyayinevi.com.tr\/index.php\/urun\/hayatim-roman-3\/"},"modified":"2026-04-16T03:03:13","modified_gmt":"2026-04-16T00:03:13","slug":"hayatim-roman-3","status":"publish","type":"product","link":"https:\/\/roveyayinevi.com.tr\/index.php\/urun\/hayatim-roman-3\/","title":{"rendered":"Hayat\u0131m Roman"},"content":{"rendered":"<p>\u201cBu kitab\u0131 yazmamdaki ama\u00e7; pek \u00e7ok otobiyografide hedeflendi\u011fi gibi yapt\u0131klar\u0131mla b\u00f6b\u00fcrlenmek, alk\u0131\u015f ve takdir toplamak de\u011fil. Tam tersi, \u00e7o\u011fu zaman planlad\u0131\u011f\u0131m gibi gitmeyen, ba\u015far\u0131lar kadar hayalk\u0131r\u0131kl\u0131klar\u0131 ve mahcubiyetlerle de \u00f6r\u00fcl\u00fc bir \u00f6m\u00fcrden, insanlara na\u00e7izane dersler, tecr\u00fcbeler dam\u0131tmak. \u00d6zellikle de gazetecilik mesle\u011fine at\u0131lmak isteyen gen\u00e7lere k\u0131y\u0131 feneri olmak&#8230;\u201d   \u00dclkemizde televizyon ele\u015ftirmenli\u011fi denince akla ilk gelen isim olan Y\u00fcksel Aytu\u011f\u2019un Hayat\u0131m Roman kitab\u0131, deneyimli bir gazetecinin meslekte ve hayatta ya\u015fad\u0131klar\u0131n\u0131 iyisiyle k\u00f6t\u00fcs\u00fcyle bize anlatmas\u0131n\u0131n yan\u0131 s\u0131ra s\u00fcr\u00fckleyici bir yak\u0131n tarih okumas\u0131. <\/p>\n","protected":false},"excerpt":{"rendered":"<p>\u201cBu kitab\u0131 yazmamdaki ama\u00e7; pek \u00e7ok otobiyografide hedeflendi\u011fi gibi yapt\u0131klar\u0131mla b\u00f6b\u00fcrlenmek, alk\u0131\u015f ve takdir toplamak de\u011fil. Tam tersi, \u00e7o\u011fu zaman planlad\u0131\u011f\u0131m gibi gitmeyen, ba\u015far\u0131lar kadar hayalk\u0131r\u0131kl\u0131klar\u0131<span class=\"excerpt-hellip\"> [\u2026]<\/span><\/p>\n","protected":false},"featured_media":0,"template":"","meta":{"_monsterinsights_skip_tracking":false,"_monsterinsights_sitenote_active":false,"_monsterinsights_sitenote_note":"","_monsterinsights_sitenote_category":0},"product_brand":[],"product_cat":[14009,12291],"product_tag":[],"class_list":{"0":"post-749876","1":"product","2":"type-product","3":"status-publish","5":"product_cat-biyografi-otobiyografi-edebiyat","6":"product_cat-edebiyat","7":"pa_cilt-ciltsiz","8":"pa_tur-kitap","9":"pa_yayinevi-turkuvaz-kitap","10":"pa_yazar-yuksel-aytug","12":"first","13":"instock","14":"sale","15":"shipping-taxable","16":"purchasable","17":"product-type-simple"},"_links":{"self":[{"href":"https:\/\/roveyayinevi.com.tr\/index.php\/wp-json\/wp\/v2\/product\/749876","targetHints":{"allow":["GET"]}}],"collection":[{"href":"https:\/\/roveyayinevi.com.tr\/index.php\/wp-json\/wp\/v2\/product"}],"about":[{"href":"https:\/\/roveyayinevi.com.tr\/index.php\/wp-json\/wp\/v2\/types\/product"}],"wp:attachment":[{"href":"https:\/\/roveyayinevi.com.tr\/index.php\/wp-json\/wp\/v2\/media?parent=749876"}],"wp:term":[{"taxonomy":"product_brand","embeddable":true,"href":"https:\/\/roveyayinevi.com.tr\/index.php\/wp-json\/wp\/v2\/product_brand?post=749876"},{"taxonomy":"product_cat","embeddable":true,"href":"https:\/\/roveyayinevi.com.tr\/index.php\/wp-json\/wp\/v2\/product_cat?post=749876"},{"taxonomy":"product_tag","embeddable":true,"href":"https:\/\/roveyayinevi.com.tr\/index.php\/wp-json\/wp\/v2\/product_tag?post=749876"}],"curies":[{"name":"wp","href":"https:\/\/api.w.org\/{rel}","templated":true}]}}