{"id":749875,"date":"2025-08-28T04:06:39","date_gmt":"2025-08-28T01:06:39","guid":{"rendered":"https:\/\/roveyayinevi.com.tr\/index.php\/urun\/bildiginiz-gibi-degil\/"},"modified":"2026-04-16T03:03:13","modified_gmt":"2026-04-16T00:03:13","slug":"bildiginiz-gibi-degil","status":"publish","type":"product","link":"https:\/\/roveyayinevi.com.tr\/index.php\/urun\/bildiginiz-gibi-degil\/","title":{"rendered":"Bildi\u011finiz Gibi De\u011fil"},"content":{"rendered":"<p>Kendi ayaklar\u0131m\u0131z \u00fczerine durma kararl\u0131l\u0131\u011f\u0131m\u0131z d\u0131\u015f mihraklar\u0131 ve uzant\u0131lar\u0131n\u0131 ciddi \u015fekilde rahats\u0131z etti\u011fi i\u00e7in \u00e7e\u015fitli sald\u0131r\u0131lara maruz kal\u0131yoruz. En vahimi de olumsuz alg\u0131larla milletimizi kand\u0131rmaya \u00e7al\u0131\u015fanlar.   T\u00fcrkiye\u2019nin \u015fahlan\u0131\u015f\u0131n\u0131 inkar eden ya da itibars\u0131zla\u015ft\u0131rmaya \u00e7al\u0131\u015fanlar kendisine yeten ve ihracat \u015fampiyonu olan T\u00fcrkiye\u2019de tar\u0131m\u0131n bitti\u011fini iddia edebiliyor, d\u00fcnyada 20. b\u00fcy\u00fck ekonomi oldu\u011fumuzu inkar ediyor ve Savunma Sanayinde y\u00fczde 80\u2019i bulan yerlili\u011fi k\u00fc\u00e7\u00fcms\u00fcyorlar\u2026   \u00dclkemiz ger\u00e7eklerini \u00f6\u011frenmeye merakl\u0131 \u0130hsan, Mustafa, Remzi, Mehmet ve Selim\u2019in; gazeteci Melih, emekli \u00f6\u011fretmen Halil, Enerji Bakanl\u0131\u011f\u0131 eski \u00e7al\u0131\u015fan\u0131 Y\u00fcksel, pilot Necmi gibi isimlerle keyifli sohbetlerinden olu\u015fan kitap, T\u00fcrkiye ger\u00e7eklerinin bilinmesini hedefliyor.   Ekonomiden tar\u0131ma, e\u011fitimden sa\u011fl\u0131\u011fa, savunma sanayinden OSB\u2019lere\u2026 Kaynaklardan elde edilen bilgilerin sohbet \u015feklinde aktar\u0131ld\u0131\u011f\u0131 Bildi\u011finiz Gibi De\u011fil, fark\u0131ndal\u0131\u011f\u0131n\u0131z\u0131 art\u0131rmaya talip. <\/p>\n","protected":false},"excerpt":{"rendered":"<p>Kendi ayaklar\u0131m\u0131z \u00fczerine durma kararl\u0131l\u0131\u011f\u0131m\u0131z d\u0131\u015f mihraklar\u0131 ve uzant\u0131lar\u0131n\u0131 ciddi \u015fekilde rahats\u0131z etti\u011fi i\u00e7in \u00e7e\u015fitli sald\u0131r\u0131lara maruz kal\u0131yoruz. En vahimi de olumsuz alg\u0131larla milletimizi kand\u0131rmaya \u00e7al\u0131\u015fanlar.<span class=\"excerpt-hellip\"> [\u2026]<\/span><\/p>\n","protected":false},"featured_media":0,"template":"","meta":{"_monsterinsights_skip_tracking":false,"_monsterinsights_sitenote_active":false,"_monsterinsights_sitenote_note":"","_monsterinsights_sitenote_category":0},"product_brand":[],"product_cat":[14841,13043],"product_tag":[],"class_list":{"0":"post-749875","1":"product","2":"type-product","3":"status-publish","5":"product_cat-arastirma-inceleme-kuram","6":"product_cat-ekonomi","7":"pa_cilt-ciltsiz","8":"pa_tur-kitap","9":"pa_yayinevi-turkuvaz-kitap","10":"pa_yazar-ekrem-kiziltas","12":"first","13":"instock","14":"sale","15":"shipping-taxable","16":"purchasable","17":"product-type-simple"},"_links":{"self":[{"href":"https:\/\/roveyayinevi.com.tr\/index.php\/wp-json\/wp\/v2\/product\/749875","targetHints":{"allow":["GET"]}}],"collection":[{"href":"https:\/\/roveyayinevi.com.tr\/index.php\/wp-json\/wp\/v2\/product"}],"about":[{"href":"https:\/\/roveyayinevi.com.tr\/index.php\/wp-json\/wp\/v2\/types\/product"}],"wp:attachment":[{"href":"https:\/\/roveyayinevi.com.tr\/index.php\/wp-json\/wp\/v2\/media?parent=749875"}],"wp:term":[{"taxonomy":"product_brand","embeddable":true,"href":"https:\/\/roveyayinevi.com.tr\/index.php\/wp-json\/wp\/v2\/product_brand?post=749875"},{"taxonomy":"product_cat","embeddable":true,"href":"https:\/\/roveyayinevi.com.tr\/index.php\/wp-json\/wp\/v2\/product_cat?post=749875"},{"taxonomy":"product_tag","embeddable":true,"href":"https:\/\/roveyayinevi.com.tr\/index.php\/wp-json\/wp\/v2\/product_tag?post=749875"}],"curies":[{"name":"wp","href":"https:\/\/api.w.org\/{rel}","templated":true}]}}