{"id":749874,"date":"2025-08-28T04:06:38","date_gmt":"2025-08-28T01:06:38","guid":{"rendered":"https:\/\/roveyayinevi.com.tr\/index.php\/urun\/islam-dusuncesinde-temel-kavramlar-vahiyilhamkesfsezgifiraset-ve-ruya\/"},"modified":"2026-04-16T03:03:13","modified_gmt":"2026-04-16T00:03:13","slug":"islam-dusuncesinde-temel-kavramlar-vahiyilhamkesfsezgifiraset-ve-ruya","status":"publish","type":"product","link":"https:\/\/roveyayinevi.com.tr\/index.php\/urun\/islam-dusuncesinde-temel-kavramlar-vahiyilhamkesfsezgifiraset-ve-ruya\/","title":{"rendered":"\u0130slam D\u00fc\u015f\u00fcncesinde Temel Kavramlar Vahiy,\u0130lham,Ke\u015ff,Sezgi,Firaset ve R\u00fcya"},"content":{"rendered":"<p>\u0130SLAM D\u00dc\u015e\u00dcNCES\u0130NDE TEMEL KAVRAMLAR VAH\u0130Y, \u0130LHAM, KE\u015eF, SEZG\u0130, F\u0130R\u00c2SET VE R\u00dcYA <\/p>\n","protected":false},"excerpt":{"rendered":"<p>\u0130SLAM D\u00dc\u015e\u00dcNCES\u0130NDE TEMEL KAVRAMLAR VAH\u0130Y, \u0130LHAM, KE\u015eF, SEZG\u0130, F\u0130R\u00c2SET VE R\u00dcYA<\/p>\n","protected":false},"featured_media":0,"template":"","meta":{"_monsterinsights_skip_tracking":false,"_monsterinsights_sitenote_active":false,"_monsterinsights_sitenote_note":"","_monsterinsights_sitenote_category":0},"product_brand":[],"product_cat":[12573,12566],"product_tag":[],"class_list":{"0":"post-749874","1":"product","2":"type-product","3":"status-publish","5":"product_cat-akademik-kitaplar","6":"product_cat-egitim","7":"pa_cilt-ciltsiz","8":"pa_tur-kitap","9":"pa_yayinevi-soncag-akademik-kitaplar","10":"pa_yazar-kolektif","12":"first","13":"instock","14":"sale","15":"shipping-taxable","16":"purchasable","17":"product-type-simple"},"_links":{"self":[{"href":"https:\/\/roveyayinevi.com.tr\/index.php\/wp-json\/wp\/v2\/product\/749874","targetHints":{"allow":["GET"]}}],"collection":[{"href":"https:\/\/roveyayinevi.com.tr\/index.php\/wp-json\/wp\/v2\/product"}],"about":[{"href":"https:\/\/roveyayinevi.com.tr\/index.php\/wp-json\/wp\/v2\/types\/product"}],"wp:attachment":[{"href":"https:\/\/roveyayinevi.com.tr\/index.php\/wp-json\/wp\/v2\/media?parent=749874"}],"wp:term":[{"taxonomy":"product_brand","embeddable":true,"href":"https:\/\/roveyayinevi.com.tr\/index.php\/wp-json\/wp\/v2\/product_brand?post=749874"},{"taxonomy":"product_cat","embeddable":true,"href":"https:\/\/roveyayinevi.com.tr\/index.php\/wp-json\/wp\/v2\/product_cat?post=749874"},{"taxonomy":"product_tag","embeddable":true,"href":"https:\/\/roveyayinevi.com.tr\/index.php\/wp-json\/wp\/v2\/product_tag?post=749874"}],"curies":[{"name":"wp","href":"https:\/\/api.w.org\/{rel}","templated":true}]}}