{"id":749872,"date":"2025-08-28T04:06:34","date_gmt":"2025-08-28T01:06:34","guid":{"rendered":"https:\/\/roveyayinevi.com.tr\/index.php\/urun\/tahir-uzgorun-kaleminden-ali-nihat-tarlan-ve-amil-celebioglunun-ders-notlari\/"},"modified":"2026-04-16T03:03:13","modified_gmt":"2026-04-16T00:03:13","slug":"tahir-uzgorun-kaleminden-ali-nihat-tarlan-ve-amil-celebioglunun-ders-notlari","status":"publish","type":"product","link":"https:\/\/roveyayinevi.com.tr\/index.php\/urun\/tahir-uzgorun-kaleminden-ali-nihat-tarlan-ve-amil-celebioglunun-ders-notlari\/","title":{"rendered":"Tahir \u00dczg\u00f6r&#8217;\u00fcn Kaleminden Ali Nihat Tarlan ve \u00c2mil \u00c7elebio\u011flu&#8217;nun Ders Notlar\u0131"},"content":{"rendered":"<p>Son y\u0131llarda klasik edebiyat\u0131m\u0131za y\u00f6nelik ilginin artmas\u0131yla bu edeb\u00ee gelene\u011fe ait metinlerin farkl\u0131 bak\u0131\u015f a\u00e7\u0131lar\u0131yla ele al\u0131nd\u0131\u011f\u0131 g\u00f6r\u00fclmektedir. Gerek akademik gerek pop\u00fcler yay\u0131nlarda g\u00f6r\u00fclen klasik metinleri anlamaya y\u00f6nelik bu \u00e7aba, k\u00fclt\u00fcr ve edebiyat\u0131m\u0131z a\u00e7\u0131s\u0131ndan olduk\u00e7a sevindiricidir. Bu t\u00fcr \u00e7al\u0131\u015fmalarda zaman zaman metinlerin modern yakla\u015f\u0131mlarla de\u011ferlendirildi\u011fi veya metinler aras\u0131l\u0131k yoluyla farkl\u0131 edebi geleneklerle klasik metinler aras\u0131nda ilgi kuruldu\u011fu g\u00f6r\u00fclse de \u00e7al\u0131\u015fmalar\u0131n \u00e7o\u011funun temelinde elinizdeki kitapta oldu\u011fu gibi klasik \u015ferh y\u00f6nteminin bulundu\u011fu dikkati \u00e7eker.Bu kitap \u00fclkemizde metin \u015ferhi konusunda otorite kabul edilen iki \u00f6nemli hocan\u0131n, Prof. Dr. Ali Nihat Tarlan ve Prof. Dr. \u00c2mil \u00c7elebio\u011flu\u2019nun derslerinde Prof. Dr. Tahir \u00dczg\u00f6r taraf\u0131ndan tutulan ders notlar\u0131n\u0131n bir araya getirilmesiye olu\u015ftu. Ali Nihat Tarlan\u2019\u0131n ders notlar\u0131 Tahir \u00dczg\u00f6r Hoca\u2019n\u0131n lisans, \u00c2mil \u00c7elebio\u011flu\u2019nun ders notlar\u0131 ise doktora e\u011fitimi y\u0131llar\u0131nda tuttu\u011fu notlar\u0131 ihtiva etmektedir.Notlarda klasik edebiyat\u0131m\u0131z\u0131n Kad\u0131 Bur\u00e2haneddin, Ahmed-i D\u00e2\u2018\u00ee, Fuz\u00fbl\u00ee, B\u00e2k\u00ee, Nev\u2018\u00ee, Ta\u015fl\u0131cal\u0131 Yahy\u00e2, \u015eeyh G\u00e2lib gibi bir\u00e7ok \u015fairine ait gazel ve beyitlerin yan\u0131nda H\u00e2f\u0131z-\u0131 \u015e\u00eer\u00e2z\u00ee, Sa\u2018d\u00ee-i \u015e\u00eer\u00e2z\u00ee ve S\u00e2\u2018ib-i Tebr\u00eez\u00ee gibi Fars edebiyat\u0131 temsilcilerine ait \u015fiirlere yer verildi\u011fi de g\u00f6r\u00fclmektedir. Bu y\u00f6n\u00fcyle kitap, klasik T\u00fcrk ve \u0130ran edebiyatlar\u0131n\u0131n edeb\u00ee gelenek bak\u0131m\u0131ndan yak\u0131nl\u0131klar\u0131n\u0131 ortaya koyan bir belge niteli\u011findedir.Kitapta metin \u015ferhi yan\u0131nda edeb\u00ee bilgileri ihtiva eden bir b\u00f6l\u00fcm de yer almaktad\u0131r. Tahir \u00dczg\u00f6r Hoca\u2019n\u0131n \u00c2mil \u00c7elebio\u011flu taraf\u0131ndan verilen doktora derslerinde tuttu\u011fu notlara dayanan bu b\u00f6l\u00fcm, klasik T\u00fcrk \u015fiiri alan\u0131nda \u00f6zellikle lisans\u00fcst\u00fc seviyede e\u011fitim g\u00f6rmek isteyen gen\u00e7 ara\u015ft\u0131rmac\u0131lar\u0131n sahip olmalar\u0131 gereken temel m\u00fcktesabat\u0131 ihtiva etmesi bak\u0131m\u0131ndan son derece \u00f6nemlidir.<\/p>\n","protected":false},"excerpt":{"rendered":"<p>Son y\u0131llarda klasik edebiyat\u0131m\u0131za y\u00f6nelik ilginin artmas\u0131yla bu edeb\u00ee gelene\u011fe ait metinlerin farkl\u0131 bak\u0131\u015f a\u00e7\u0131lar\u0131yla ele al\u0131nd\u0131\u011f\u0131 g\u00f6r\u00fclmektedir. Gerek akademik gerek pop\u00fcler yay\u0131nlarda g\u00f6r\u00fclen klasik metinleri<span class=\"excerpt-hellip\"> [\u2026]<\/span><\/p>\n","protected":false},"featured_media":0,"template":"","meta":{"_monsterinsights_skip_tracking":false,"_monsterinsights_sitenote_active":false,"_monsterinsights_sitenote_note":"","_monsterinsights_sitenote_category":0},"product_brand":[],"product_cat":[13072,12291],"product_tag":[],"class_list":{"0":"post-749872","1":"product","2":"type-product","3":"status-publish","5":"product_cat-arastirma-inceleme-referans","6":"product_cat-edebiyat","7":"pa_cilt-ciltsiz","8":"pa_tur-kitap","9":"pa_yayinevi-otuken-nesriyat","10":"pa_yazar-erdogan-tastan","12":"first","13":"instock","14":"sale","15":"shipping-taxable","16":"purchasable","17":"product-type-simple"},"_links":{"self":[{"href":"https:\/\/roveyayinevi.com.tr\/index.php\/wp-json\/wp\/v2\/product\/749872","targetHints":{"allow":["GET"]}}],"collection":[{"href":"https:\/\/roveyayinevi.com.tr\/index.php\/wp-json\/wp\/v2\/product"}],"about":[{"href":"https:\/\/roveyayinevi.com.tr\/index.php\/wp-json\/wp\/v2\/types\/product"}],"wp:attachment":[{"href":"https:\/\/roveyayinevi.com.tr\/index.php\/wp-json\/wp\/v2\/media?parent=749872"}],"wp:term":[{"taxonomy":"product_brand","embeddable":true,"href":"https:\/\/roveyayinevi.com.tr\/index.php\/wp-json\/wp\/v2\/product_brand?post=749872"},{"taxonomy":"product_cat","embeddable":true,"href":"https:\/\/roveyayinevi.com.tr\/index.php\/wp-json\/wp\/v2\/product_cat?post=749872"},{"taxonomy":"product_tag","embeddable":true,"href":"https:\/\/roveyayinevi.com.tr\/index.php\/wp-json\/wp\/v2\/product_tag?post=749872"}],"curies":[{"name":"wp","href":"https:\/\/api.w.org\/{rel}","templated":true}]}}