{"id":749863,"date":"2025-08-28T04:06:21","date_gmt":"2025-08-28T01:06:21","guid":{"rendered":"https:\/\/roveyayinevi.com.tr\/index.php\/urun\/mukemmel-zamanlama-gitmek-mi-zor-kalmak-mi\/"},"modified":"2026-04-16T03:03:13","modified_gmt":"2026-04-16T00:03:13","slug":"mukemmel-zamanlama-gitmek-mi-zor-kalmak-mi","status":"publish","type":"product","link":"https:\/\/roveyayinevi.com.tr\/index.php\/urun\/mukemmel-zamanlama-gitmek-mi-zor-kalmak-mi\/","title":{"rendered":"M\u00fckemmel Zamanlama Gitmek mi Zor, Kalmak m\u0131?"},"content":{"rendered":"<p>M\u00dcKEMMEL ZAMANLAMA Gitmek mi Zor, Kalmak m\u0131? Y\u00fcr\u00fcmeyen \u015feyi neden s\u00fcrd\u00fcr\u00fcr\u00fcz? Y\u00fcr\u00fcyen \u015feyi neden sabote ederiz? Hayatta en s\u0131k kar\u015f\u0131la\u015f\u0131lan sorunlardan biri \u201cy\u00fcr\u00fcmeyen bir \u015feyi gere\u011finden fazla s\u00fcrd\u00fcrmek\u201dtir. Bu \u201cy\u00fcr\u00fcmeyen \u015fey\u201d sahip oldu\u011fumuz her \u015feye; ili\u015fkilerimize, i\u015fimize, ac\u0131lar\u0131m\u0131za, \u00e7\u00f6z\u00fcms\u00fcz kalm\u0131\u015f \u00e7at\u0131\u015fmalara, ailevi sorunlara, belli bir inan\u00e7, organizasyon ya da kurumla aram\u0131zda olu\u015fmu\u015f ba\u011flara uyarlanabilir. Rahats\u0131z veya huzursuz oldu\u011fumuz alan\u0131m\u0131zdan \u00e7\u0131kmak da konfor alan\u0131m\u0131zdan \u00e7\u0131kmak kadar korkutabilir. Di\u011fer taraftan hayatta yeterince uzun s\u00fcrd\u00fcrmedi\u011fimiz \u015feyler de vard\u0131r. Ger\u00e7ekten y\u00fcr\u00fcyebilecek bir ili\u015fkiyi ya da aidiyeti s\u00fcrd\u00fcrmek i\u00e7in yeterince sabretmez, emek vermeyiz. Psikoterapist David Richo her iki se\u00e7ene\u011fi de ele al\u0131yor; nihayetinde ancak gitmeye haz\u0131rsak gider, kalmaya haz\u0131rsak kal\u0131r\u0131z. Ama sadece bir se\u00e7im yapmaktan daha fazla bir \u015fey olan \u201chaz\u0131r olmak\u201d elimizde olmayan bir sayaca, yani zamana ba\u011fl\u0131d\u0131r. Vaktinden \u00f6nce harekete ge\u00e7mememiz ve vakit geldi\u011finde oyalanmamam\u0131z gerekir. ZAMANLAMA HER \u015eEYD\u0130R. Bu kitap hayattaki \u00f6nemli kararlara y\u00f6nelik kendi m\u00fckemmel zamanlamam\u0131z\u0131 anlayarak harekete ge\u00e7memize yard\u0131mc\u0131 olacakt\u0131r. \u00f6ylelikle kap\u0131lar\u0131n hi\u00e7bir zaman y\u00fcz\u00fcm\u00fcze kapanmad\u0131\u011f\u0131 ve kilitli olmad\u0131\u011f\u0131 bir d\u00fcnyaya ad\u0131m atabiliriz\u2026<\/p>\n","protected":false},"excerpt":{"rendered":"<p>M\u00dcKEMMEL ZAMANLAMA Gitmek mi Zor, Kalmak m\u0131? Y\u00fcr\u00fcmeyen \u015feyi neden s\u00fcrd\u00fcr\u00fcr\u00fcz? Y\u00fcr\u00fcyen \u015feyi neden sabote ederiz? Hayatta en s\u0131k kar\u015f\u0131la\u015f\u0131lan sorunlardan biri \u201cy\u00fcr\u00fcmeyen bir \u015feyi gere\u011finden<span class=\"excerpt-hellip\"> [\u2026]<\/span><\/p>\n","protected":false},"featured_media":0,"template":"","meta":{"_monsterinsights_skip_tracking":false,"_monsterinsights_sitenote_active":false,"_monsterinsights_sitenote_note":"","_monsterinsights_sitenote_category":0},"product_brand":[],"product_cat":[12364,12376],"product_tag":[],"class_list":{"0":"post-749863","1":"product","2":"type-product","3":"status-publish","5":"product_cat-genel-konular","6":"product_cat-kisisel-gelisim","7":"pa_cilt-ciltsiz","8":"pa_tur-kitap","9":"pa_yayinevi-kuraldisi-yayinevi","10":"pa_yazar-david-richo","12":"first","13":"instock","14":"sale","15":"shipping-taxable","16":"purchasable","17":"product-type-simple"},"_links":{"self":[{"href":"https:\/\/roveyayinevi.com.tr\/index.php\/wp-json\/wp\/v2\/product\/749863","targetHints":{"allow":["GET"]}}],"collection":[{"href":"https:\/\/roveyayinevi.com.tr\/index.php\/wp-json\/wp\/v2\/product"}],"about":[{"href":"https:\/\/roveyayinevi.com.tr\/index.php\/wp-json\/wp\/v2\/types\/product"}],"wp:attachment":[{"href":"https:\/\/roveyayinevi.com.tr\/index.php\/wp-json\/wp\/v2\/media?parent=749863"}],"wp:term":[{"taxonomy":"product_brand","embeddable":true,"href":"https:\/\/roveyayinevi.com.tr\/index.php\/wp-json\/wp\/v2\/product_brand?post=749863"},{"taxonomy":"product_cat","embeddable":true,"href":"https:\/\/roveyayinevi.com.tr\/index.php\/wp-json\/wp\/v2\/product_cat?post=749863"},{"taxonomy":"product_tag","embeddable":true,"href":"https:\/\/roveyayinevi.com.tr\/index.php\/wp-json\/wp\/v2\/product_tag?post=749863"}],"curies":[{"name":"wp","href":"https:\/\/api.w.org\/{rel}","templated":true}]}}