{"id":749851,"date":"2025-08-28T04:06:02","date_gmt":"2025-08-28T01:06:02","guid":{"rendered":"https:\/\/roveyayinevi.com.tr\/index.php\/urun\/kitap-3\/"},"modified":"2026-04-16T03:03:12","modified_gmt":"2026-04-16T00:03:12","slug":"kitap-3","status":"publish","type":"product","link":"https:\/\/roveyayinevi.com.tr\/index.php\/urun\/kitap-3\/","title":{"rendered":"Kitap"},"content":{"rendered":"<p>Kitap dedi\u011fimiz \u015fey nedir? Sadece beyaz k\u00e2\u011f\u0131t \u00fczerinde siyah kelimeler mi? Yoksa \u00e7ok daha fazlas\u0131 m\u0131?David Miles\u2019\u0131n yaz\u0131p Natalie Hoopes\u2019un resimlendirdi\u011fi bu \u00f6yk\u00fcde bir kitab\u0131n ne oldu\u011fu masals\u0131 bir dille anlat\u0131l\u0131yor. Tabletlerin ve cep telefonlar\u0131n\u0131n g\u00fcn\u00fcn her an\u0131n\u0131 i\u015fgal etti\u011fi ve \u00e7ocuklar\u0131n tek e\u011flence kayna\u011f\u0131 oldu\u011fu \u015fu g\u00fcnlerde, bir kitab\u0131n sadece sat\u0131rlardan ve yaz\u0131lardan ibaret olmad\u0131\u011f\u0131n\u0131 hat\u0131rlat\u0131yor Kitap. \u0130nsan\u0131n hayal g\u00fcc\u00fcn\u00fcn s\u0131n\u0131rlar\u0131n\u0131 nas\u0131l zorlad\u0131\u011f\u0131n\u0131 ve ufkunu a\u00e7t\u0131\u011f\u0131n\u0131 anlat\u0131yor. B\u00fct\u00fcn bunlar\u0131 yaparken de kitab\u0131n asla pili bitmiyor, ekran\u0131 kapanm\u0131yor.Kitap, 3 ya\u015f ve \u00fczerindeki \u00e7ocuklara tavsiye edebilece\u011fimiz, kitapla tan\u0131\u015fmalar\u0131n\u0131 sa\u011flayacak ve k\u00fc\u00e7\u00fck ya\u015ftan kitap sevgisi uyand\u0131racak harika bir \u00f6yk\u00fc. <\/p>\n","protected":false},"excerpt":{"rendered":"<p>Kitap dedi\u011fimiz \u015fey nedir? Sadece beyaz k\u00e2\u011f\u0131t \u00fczerinde siyah kelimeler mi? Yoksa \u00e7ok daha fazlas\u0131 m\u0131?David Miles\u2019\u0131n yaz\u0131p Natalie Hoopes\u2019un resimlendirdi\u011fi bu \u00f6yk\u00fcde bir kitab\u0131n ne<span class=\"excerpt-hellip\"> [\u2026]<\/span><\/p>\n","protected":false},"featured_media":0,"template":"","meta":{"_monsterinsights_skip_tracking":false,"_monsterinsights_sitenote_active":false,"_monsterinsights_sitenote_note":"","_monsterinsights_sitenote_category":0},"product_brand":[],"product_cat":[12274,12518],"product_tag":[],"class_list":{"0":"post-749851","1":"product","2":"type-product","3":"status-publish","5":"product_cat-cocuk-ve-genclik-kitaplari","6":"product_cat-okul-oncesi-kitaplar","7":"pa_cilt-ciltsiz","8":"pa_tur-kitap","9":"pa_yayinevi-redhouse-kidz-yayinlari","10":"pa_yazar-david-miles","12":"first","13":"instock","14":"sale","15":"shipping-taxable","16":"purchasable","17":"product-type-simple"},"_links":{"self":[{"href":"https:\/\/roveyayinevi.com.tr\/index.php\/wp-json\/wp\/v2\/product\/749851","targetHints":{"allow":["GET"]}}],"collection":[{"href":"https:\/\/roveyayinevi.com.tr\/index.php\/wp-json\/wp\/v2\/product"}],"about":[{"href":"https:\/\/roveyayinevi.com.tr\/index.php\/wp-json\/wp\/v2\/types\/product"}],"wp:attachment":[{"href":"https:\/\/roveyayinevi.com.tr\/index.php\/wp-json\/wp\/v2\/media?parent=749851"}],"wp:term":[{"taxonomy":"product_brand","embeddable":true,"href":"https:\/\/roveyayinevi.com.tr\/index.php\/wp-json\/wp\/v2\/product_brand?post=749851"},{"taxonomy":"product_cat","embeddable":true,"href":"https:\/\/roveyayinevi.com.tr\/index.php\/wp-json\/wp\/v2\/product_cat?post=749851"},{"taxonomy":"product_tag","embeddable":true,"href":"https:\/\/roveyayinevi.com.tr\/index.php\/wp-json\/wp\/v2\/product_tag?post=749851"}],"curies":[{"name":"wp","href":"https:\/\/api.w.org\/{rel}","templated":true}]}}