{"id":749849,"date":"2025-08-28T04:05:59","date_gmt":"2025-08-28T01:05:59","guid":{"rendered":"https:\/\/roveyayinevi.com.tr\/index.php\/urun\/kelime-atlasi-ciltli\/"},"modified":"2026-04-16T03:03:12","modified_gmt":"2026-04-16T00:03:12","slug":"kelime-atlasi-ciltli","status":"publish","type":"product","link":"https:\/\/roveyayinevi.com.tr\/index.php\/urun\/kelime-atlasi-ciltli\/","title":{"rendered":"Kelime Atlas\u0131 (Ciltli)"},"content":{"rendered":"<p>Ruhun g\u0131das\u0131 m\u00fczik, para, patates, \u00e7ay, \u00e7orba, robot, internet ve her g\u00fcn kulland\u0131\u011f\u0131m\u0131z y\u00fczlerce kelime ne zaman, nas\u0131l ve nereden geldi?Bug\u00fcn bizim i\u00e7in vazge\u00e7ilmez olan bir\u00e7ok kelime, bir zamanlar bir yerlerde, yeni bulunmu\u015f \u015feyler i\u00e7in yak\u0131\u015ft\u0131r\u0131lm\u0131\u015f isimlerdi. Mesela \u015fampuan Hindistan\u2019dan, kahve Etiyopya\u2019dan, timsah M\u0131s\u0131r&#8217;dan gelip girmi\u015f s\u00f6zl\u00fc\u011f\u00fcm\u00fcze.Kelime Atlas\u0131, okurunu daha ilk sayfas\u0131ndan itibaren d\u00fcnyan\u0131n en b\u00fcy\u00fck bulu\u015fu \u201cdil\u201di olu\u015fturan kelimelerle birlikte heyecanl\u0131 bir yolculu\u011fa \u00e7\u0131kar\u0131yor.\u015ea\u015f\u0131rt\u0131c\u0131 hik\u00e2yeleriyle d\u00fcnyan\u0131n d\u00f6rt bir yan\u0131ndan gelip dilimize yerle\u015fmi\u015f g\u00fczel kelimeler bu atlasta<\/p>\n","protected":false},"excerpt":{"rendered":"<p>Ruhun g\u0131das\u0131 m\u00fczik, para, patates, \u00e7ay, \u00e7orba, robot, internet ve her g\u00fcn kulland\u0131\u011f\u0131m\u0131z y\u00fczlerce kelime ne zaman, nas\u0131l ve nereden geldi?Bug\u00fcn bizim i\u00e7in vazge\u00e7ilmez olan bir\u00e7ok<span class=\"excerpt-hellip\"> [\u2026]<\/span><\/p>\n","protected":false},"featured_media":0,"template":"","meta":{"_monsterinsights_skip_tracking":false,"_monsterinsights_sitenote_active":false,"_monsterinsights_sitenote_note":"","_monsterinsights_sitenote_category":0},"product_brand":[],"product_cat":[12274,15842],"product_tag":[],"class_list":{"0":"post-749849","1":"product","2":"type-product","3":"status-publish","5":"product_cat-cocuk-ve-genclik-kitaplari","6":"product_cat-egitici-kitaplar","7":"pa_cilt-ciltli","8":"pa_tur-kitap","9":"pa_yayinevi-taze-kitap","10":"pa_yazar-halenur-calisan-gurbuz","12":"first","13":"instock","14":"sale","15":"shipping-taxable","16":"purchasable","17":"product-type-simple"},"_links":{"self":[{"href":"https:\/\/roveyayinevi.com.tr\/index.php\/wp-json\/wp\/v2\/product\/749849","targetHints":{"allow":["GET"]}}],"collection":[{"href":"https:\/\/roveyayinevi.com.tr\/index.php\/wp-json\/wp\/v2\/product"}],"about":[{"href":"https:\/\/roveyayinevi.com.tr\/index.php\/wp-json\/wp\/v2\/types\/product"}],"wp:attachment":[{"href":"https:\/\/roveyayinevi.com.tr\/index.php\/wp-json\/wp\/v2\/media?parent=749849"}],"wp:term":[{"taxonomy":"product_brand","embeddable":true,"href":"https:\/\/roveyayinevi.com.tr\/index.php\/wp-json\/wp\/v2\/product_brand?post=749849"},{"taxonomy":"product_cat","embeddable":true,"href":"https:\/\/roveyayinevi.com.tr\/index.php\/wp-json\/wp\/v2\/product_cat?post=749849"},{"taxonomy":"product_tag","embeddable":true,"href":"https:\/\/roveyayinevi.com.tr\/index.php\/wp-json\/wp\/v2\/product_tag?post=749849"}],"curies":[{"name":"wp","href":"https:\/\/api.w.org\/{rel}","templated":true}]}}