{"id":749845,"date":"2025-08-28T04:05:53","date_gmt":"2025-08-28T01:05:53","guid":{"rendered":"https:\/\/roveyayinevi.com.tr\/index.php\/urun\/cocuktan-evcil-hayvan-olmaz\/"},"modified":"2026-04-16T03:03:12","modified_gmt":"2026-04-16T00:03:12","slug":"cocuktan-evcil-hayvan-olmaz","status":"publish","type":"product","link":"https:\/\/roveyayinevi.com.tr\/index.php\/urun\/cocuktan-evcil-hayvan-olmaz\/","title":{"rendered":"\u00c7ocuktan Evcil Hayvan Olmaz"},"content":{"rendered":"<p>Bir ay\u0131 ve evcil hayvan\u0131 olan \u00e7ocu\u011fun hik\u00e2yesi Peter Brown\u2019\u0131n ilk kitab\u0131 Arkada\u015f\u0131m Olacaks\u0131n\u2019\u0131n ana karakteri Ay\u0131 Lucy\u2019nin hik\u00e2yesi devam ediyor. \u00c7ocuktan Evcil Hayvan Olmaz kitab\u0131nda Lucy, evcil hayvan olarak bir \u00e7ocuk sahipleniyor ve hayvan sahibi olman\u0131n zorluklar\u0131n\u0131 ba\u015f\u0131na gelen t\u00fcrl\u00fc komik olayla deneyimliyor<\/p>\n","protected":false},"excerpt":{"rendered":"<p>Bir ay\u0131 ve evcil hayvan\u0131 olan \u00e7ocu\u011fun hik\u00e2yesi Peter Brown\u2019\u0131n ilk kitab\u0131 Arkada\u015f\u0131m Olacaks\u0131n\u2019\u0131n ana karakteri Ay\u0131 Lucy\u2019nin hik\u00e2yesi devam ediyor. \u00c7ocuktan Evcil Hayvan Olmaz kitab\u0131nda<span class=\"excerpt-hellip\"> [\u2026]<\/span><\/p>\n","protected":false},"featured_media":0,"template":"","meta":{"_monsterinsights_skip_tracking":false,"_monsterinsights_sitenote_active":false,"_monsterinsights_sitenote_note":"","_monsterinsights_sitenote_category":0},"product_brand":[],"product_cat":[12274,12284],"product_tag":[],"class_list":{"0":"post-749845","1":"product","2":"type-product","3":"status-publish","5":"product_cat-cocuk-ve-genclik-kitaplari","6":"product_cat-hikayeler","7":"pa_cilt-ciltsiz","8":"pa_tur-kitap","9":"pa_yayinevi-hep-kitap","10":"pa_yazar-peter-brown","12":"first","13":"instock","14":"sale","15":"shipping-taxable","16":"purchasable","17":"product-type-simple"},"_links":{"self":[{"href":"https:\/\/roveyayinevi.com.tr\/index.php\/wp-json\/wp\/v2\/product\/749845","targetHints":{"allow":["GET"]}}],"collection":[{"href":"https:\/\/roveyayinevi.com.tr\/index.php\/wp-json\/wp\/v2\/product"}],"about":[{"href":"https:\/\/roveyayinevi.com.tr\/index.php\/wp-json\/wp\/v2\/types\/product"}],"wp:attachment":[{"href":"https:\/\/roveyayinevi.com.tr\/index.php\/wp-json\/wp\/v2\/media?parent=749845"}],"wp:term":[{"taxonomy":"product_brand","embeddable":true,"href":"https:\/\/roveyayinevi.com.tr\/index.php\/wp-json\/wp\/v2\/product_brand?post=749845"},{"taxonomy":"product_cat","embeddable":true,"href":"https:\/\/roveyayinevi.com.tr\/index.php\/wp-json\/wp\/v2\/product_cat?post=749845"},{"taxonomy":"product_tag","embeddable":true,"href":"https:\/\/roveyayinevi.com.tr\/index.php\/wp-json\/wp\/v2\/product_tag?post=749845"}],"curies":[{"name":"wp","href":"https:\/\/api.w.org\/{rel}","templated":true}]}}