{"id":749844,"date":"2025-08-28T04:05:51","date_gmt":"2025-08-28T01:05:51","guid":{"rendered":"https:\/\/roveyayinevi.com.tr\/index.php\/urun\/can-ve-badem-iz-pesinde-battaniyemi-kim-aldi\/"},"modified":"2026-04-12T03:06:39","modified_gmt":"2026-04-12T00:06:39","slug":"can-ve-badem-iz-pesinde-battaniyemi-kim-aldi","status":"publish","type":"product","link":"https:\/\/roveyayinevi.com.tr\/index.php\/urun\/can-ve-badem-iz-pesinde-battaniyemi-kim-aldi\/","title":{"rendered":"Can ve Badem \u0130z Pe\u015finde &#8211; Battaniyemi Kim Ald\u0131?"},"content":{"rendered":"<p>Ara\u015ft\u0131rmac\u0131 bir \u00e7ocuk olan Can bebekli\u011finden beri ayn\u0131 battaniye ile yatar. Anneannesinin \u00f6rdu\u0308\u011fu\u0308 battaniyeyi \u00e7ok sever. Bir gu\u0308n eve geldi\u011finde battaniyesini bulamaz. K\u00f6pe\u011fi Badem de ortal\u0131klarda g\u00f6ru\u0308nmeyince battaniyenin pe\u015fine tek ba\u015f\u0131na du\u0308\u015fer.<\/p>\n","protected":false},"excerpt":{"rendered":"<p>Ara\u015ft\u0131rmac\u0131 bir \u00e7ocuk olan Can bebekli\u011finden beri ayn\u0131 battaniye ile yatar. Anneannesinin \u00f6rdu\u0308\u011fu\u0308 battaniyeyi \u00e7ok sever. Bir gu\u0308n eve geldi\u011finde battaniyesini bulamaz. K\u00f6pe\u011fi Badem de ortal\u0131klarda<span class=\"excerpt-hellip\"> [\u2026]<\/span><\/p>\n","protected":false},"featured_media":0,"template":"","meta":{"_monsterinsights_skip_tracking":false,"_monsterinsights_sitenote_active":false,"_monsterinsights_sitenote_note":"","_monsterinsights_sitenote_category":0},"product_brand":[],"product_cat":[12274,12284],"product_tag":[],"class_list":{"0":"post-749844","1":"product","2":"type-product","3":"status-publish","5":"product_cat-cocuk-ve-genclik-kitaplari","6":"product_cat-hikayeler","7":"pa_cilt-ciltsiz","8":"pa_tur-kitap","9":"pa_yayinevi-hep-kitap","10":"pa_yazar-ozge-lokmanhekim","12":"first","13":"instock","14":"sale","15":"shipping-taxable","16":"purchasable","17":"product-type-simple"},"_links":{"self":[{"href":"https:\/\/roveyayinevi.com.tr\/index.php\/wp-json\/wp\/v2\/product\/749844","targetHints":{"allow":["GET"]}}],"collection":[{"href":"https:\/\/roveyayinevi.com.tr\/index.php\/wp-json\/wp\/v2\/product"}],"about":[{"href":"https:\/\/roveyayinevi.com.tr\/index.php\/wp-json\/wp\/v2\/types\/product"}],"wp:attachment":[{"href":"https:\/\/roveyayinevi.com.tr\/index.php\/wp-json\/wp\/v2\/media?parent=749844"}],"wp:term":[{"taxonomy":"product_brand","embeddable":true,"href":"https:\/\/roveyayinevi.com.tr\/index.php\/wp-json\/wp\/v2\/product_brand?post=749844"},{"taxonomy":"product_cat","embeddable":true,"href":"https:\/\/roveyayinevi.com.tr\/index.php\/wp-json\/wp\/v2\/product_cat?post=749844"},{"taxonomy":"product_tag","embeddable":true,"href":"https:\/\/roveyayinevi.com.tr\/index.php\/wp-json\/wp\/v2\/product_tag?post=749844"}],"curies":[{"name":"wp","href":"https:\/\/api.w.org\/{rel}","templated":true}]}}