{"id":749843,"date":"2025-08-28T04:05:50","date_gmt":"2025-08-28T01:05:50","guid":{"rendered":"https:\/\/roveyayinevi.com.tr\/index.php\/urun\/can-ve-badem-iz-pesinde-badem-nereye-kayboldu\/"},"modified":"2026-04-12T03:06:38","modified_gmt":"2026-04-12T00:06:38","slug":"can-ve-badem-iz-pesinde-badem-nereye-kayboldu","status":"publish","type":"product","link":"https:\/\/roveyayinevi.com.tr\/index.php\/urun\/can-ve-badem-iz-pesinde-badem-nereye-kayboldu\/","title":{"rendered":"Can Ve Badem \u0130z Pe\u015finde &#8211; Badem Nereye Kayboldu?"},"content":{"rendered":"<p>Can ve ailesi, babas\u0131n\u0131n yeni i\u015finden dolay\u0131 ta\u015f\u0131nmak zorunda kal\u0131r. T\u00fcm aile yeni d\u00fczenlerine uyum sa\u011flamaya \u00e7al\u0131\u015f\u0131rken ta\u015f\u0131nman\u0131n neden oldu\u011fu tela\u015f ve kar\u0131\u015f\u0131kl\u0131kta Badem ortadan kaybolur. \u00dcstelik bu \u015fartlarda Badem\u2019i bulmak, samanl\u0131kta i\u011fne aramaktan farks\u0131zd\u0131r. Badem nereye kaybolmu\u015ftur dersiniz? <\/p>\n","protected":false},"excerpt":{"rendered":"<p>Can ve ailesi, babas\u0131n\u0131n yeni i\u015finden dolay\u0131 ta\u015f\u0131nmak zorunda kal\u0131r. T\u00fcm aile yeni d\u00fczenlerine uyum sa\u011flamaya \u00e7al\u0131\u015f\u0131rken ta\u015f\u0131nman\u0131n neden oldu\u011fu tela\u015f ve kar\u0131\u015f\u0131kl\u0131kta Badem ortadan kaybolur.<span class=\"excerpt-hellip\"> [\u2026]<\/span><\/p>\n","protected":false},"featured_media":0,"template":"","meta":{"_monsterinsights_skip_tracking":false,"_monsterinsights_sitenote_active":false,"_monsterinsights_sitenote_note":"","_monsterinsights_sitenote_category":0},"product_brand":[],"product_cat":[12274,12284],"product_tag":[],"class_list":{"0":"post-749843","1":"product","2":"type-product","3":"status-publish","5":"product_cat-cocuk-ve-genclik-kitaplari","6":"product_cat-hikayeler","7":"pa_cilt-ciltsiz","8":"pa_tur-kitap","9":"pa_yayinevi-hep-kitap","10":"pa_yazar-ozge-lokmanhekim","12":"first","13":"instock","14":"sale","15":"shipping-taxable","16":"purchasable","17":"product-type-simple"},"_links":{"self":[{"href":"https:\/\/roveyayinevi.com.tr\/index.php\/wp-json\/wp\/v2\/product\/749843","targetHints":{"allow":["GET"]}}],"collection":[{"href":"https:\/\/roveyayinevi.com.tr\/index.php\/wp-json\/wp\/v2\/product"}],"about":[{"href":"https:\/\/roveyayinevi.com.tr\/index.php\/wp-json\/wp\/v2\/types\/product"}],"wp:attachment":[{"href":"https:\/\/roveyayinevi.com.tr\/index.php\/wp-json\/wp\/v2\/media?parent=749843"}],"wp:term":[{"taxonomy":"product_brand","embeddable":true,"href":"https:\/\/roveyayinevi.com.tr\/index.php\/wp-json\/wp\/v2\/product_brand?post=749843"},{"taxonomy":"product_cat","embeddable":true,"href":"https:\/\/roveyayinevi.com.tr\/index.php\/wp-json\/wp\/v2\/product_cat?post=749843"},{"taxonomy":"product_tag","embeddable":true,"href":"https:\/\/roveyayinevi.com.tr\/index.php\/wp-json\/wp\/v2\/product_tag?post=749843"}],"curies":[{"name":"wp","href":"https:\/\/api.w.org\/{rel}","templated":true}]}}