{"id":749841,"date":"2025-08-28T04:05:47","date_gmt":"2025-08-28T01:05:47","guid":{"rendered":"https:\/\/roveyayinevi.com.tr\/index.php\/urun\/ben-annemi-isterim-haydi-herkes-okula\/"},"modified":"2026-04-16T03:03:12","modified_gmt":"2026-04-16T00:03:12","slug":"ben-annemi-isterim-haydi-herkes-okula","status":"publish","type":"product","link":"https:\/\/roveyayinevi.com.tr\/index.php\/urun\/ben-annemi-isterim-haydi-herkes-okula\/","title":{"rendered":"Ben Annemi \u0130sterim! &#8211; Haydi Herkes Okula"},"content":{"rendered":"<p>\u0130talya\u2019n\u0131n sevilen \u00e7ocuk kitaplar\u0131 yazar\u0131 ve \u00e7izeri, bol \u00f6d\u00fcll\u00fc Nicoletta Costa, \u00e7ocuklar\u0131n okuldaki g\u00fcnl\u00fck ya\u015fam\u0131n\u0131 anlat\u0131yor. P\u0131nar ilk defa annesinden birka\u00e7 g\u00fcn ayr\u0131 kalacak. Annesinin \u00f6zlemiyle dolup ta\u015ft\u0131\u011f\u0131nda yard\u0131m\u0131na \u00f6\u011fretmeni ve arkada\u015flar\u0131 ko\u015fuyor. G\u00fczel bir \u015fark\u0131 \u00f6\u011frenmek her zaman iyi gelir. \u00c7ocuklar\u0131n okuma becerisini geli\u015ftirmek ve ba\u011f\u0131ms\u0131z birer okur olmalar\u0131 yolunda onlara kolayl\u0131k sa\u011flamak amac\u0131yla kaleme al\u0131nan dizide \u00e7ocuklar\u0131n okul hayat\u0131nda kar\u015f\u0131la\u015ft\u0131klar\u0131 s\u0131k\u0131nt\u0131 veren konular da ele al\u0131n\u0131yor. Dizi, tasar\u0131m\u0131, metin yo\u011funlu\u011fu ve kullan\u0131lan fontuyla, okuma yazmay\u0131 \u00f6\u011frenen \u00e7ocuklara destek oluyor.<\/p>\n","protected":false},"excerpt":{"rendered":"<p>\u0130talya\u2019n\u0131n sevilen \u00e7ocuk kitaplar\u0131 yazar\u0131 ve \u00e7izeri, bol \u00f6d\u00fcll\u00fc Nicoletta Costa, \u00e7ocuklar\u0131n okuldaki g\u00fcnl\u00fck ya\u015fam\u0131n\u0131 anlat\u0131yor. P\u0131nar ilk defa annesinden birka\u00e7 g\u00fcn ayr\u0131 kalacak. Annesinin \u00f6zlemiyle<span class=\"excerpt-hellip\"> [\u2026]<\/span><\/p>\n","protected":false},"featured_media":0,"template":"","meta":{"_monsterinsights_skip_tracking":false,"_monsterinsights_sitenote_active":false,"_monsterinsights_sitenote_note":"","_monsterinsights_sitenote_category":0},"product_brand":[],"product_cat":[12274,12284],"product_tag":[],"class_list":{"0":"post-749841","1":"product","2":"type-product","3":"status-publish","5":"product_cat-cocuk-ve-genclik-kitaplari","6":"product_cat-hikayeler","7":"pa_cilt-ciltsiz","8":"pa_tur-kitap","9":"pa_yayinevi-hep-kitap","10":"pa_yazar-nicoletta-costa","12":"first","13":"instock","14":"sale","15":"shipping-taxable","16":"purchasable","17":"product-type-simple"},"_links":{"self":[{"href":"https:\/\/roveyayinevi.com.tr\/index.php\/wp-json\/wp\/v2\/product\/749841","targetHints":{"allow":["GET"]}}],"collection":[{"href":"https:\/\/roveyayinevi.com.tr\/index.php\/wp-json\/wp\/v2\/product"}],"about":[{"href":"https:\/\/roveyayinevi.com.tr\/index.php\/wp-json\/wp\/v2\/types\/product"}],"wp:attachment":[{"href":"https:\/\/roveyayinevi.com.tr\/index.php\/wp-json\/wp\/v2\/media?parent=749841"}],"wp:term":[{"taxonomy":"product_brand","embeddable":true,"href":"https:\/\/roveyayinevi.com.tr\/index.php\/wp-json\/wp\/v2\/product_brand?post=749841"},{"taxonomy":"product_cat","embeddable":true,"href":"https:\/\/roveyayinevi.com.tr\/index.php\/wp-json\/wp\/v2\/product_cat?post=749841"},{"taxonomy":"product_tag","embeddable":true,"href":"https:\/\/roveyayinevi.com.tr\/index.php\/wp-json\/wp\/v2\/product_tag?post=749841"}],"curies":[{"name":"wp","href":"https:\/\/api.w.org\/{rel}","templated":true}]}}