{"id":749836,"date":"2025-08-28T04:05:39","date_gmt":"2025-08-28T01:05:39","guid":{"rendered":"https:\/\/roveyayinevi.com.tr\/index.php\/urun\/ben-ve-mikroplar\/"},"modified":"2026-04-16T03:03:12","modified_gmt":"2026-04-16T00:03:12","slug":"ben-ve-mikroplar","status":"publish","type":"product","link":"https:\/\/roveyayinevi.com.tr\/index.php\/urun\/ben-ve-mikroplar\/","title":{"rendered":"Ben ve Mikroplar"},"content":{"rendered":"<p>E\u011flenceli, anla\u015f\u0131l\u0131r, ilgin\u00e7 ve bilimsel&#8230;   Mikroplar\u0131n harika ve hantal d\u00fcnyalar\u0131yla tan\u0131\u015f\u0131n! Ya\u015fayan milyonlarca canl\u0131ya ev sahipli\u011fi yap\u0131yorsunuz. Ufak otostop\u00e7ular\u0131n\u0131z \u00e7o\u011funlukla bakteriler olsa da mantarlar, arkeler, vir\u00fcsler ve daha fazlas\u0131 da size kat\u0131labilir.   Mikroplar hakk\u0131nda daha fazla bilgi sahibi olmaya ne dersiniz?   \u00c7e\u015fit \u00e7e\u015fit \u015fekilleri ve birbirinden farkl\u0131 \u00f6zellikleriyle mikroplar asl\u0131nda ya\u015fant\u0131n\u0131zda sand\u0131\u011f\u0131n\u0131zdan \u00e7ok daha fazla yer kapl\u0131yor. \u00d6d\u00fcll\u00fc yazar Philip Bunting, mikroplar\u0131n hayat\u0131m\u0131zdaki yerini e\u011flenceli ve anla\u015f\u0131l\u0131r bir dille anlat\u0131yor. Haydi gelin hep beraber mikroplar\u0131n ilgin\u00e7 d\u00fcnyas\u0131na g\u00f6z atal\u0131m<\/p>\n","protected":false},"excerpt":{"rendered":"<p>E\u011flenceli, anla\u015f\u0131l\u0131r, ilgin\u00e7 ve bilimsel&#8230; Mikroplar\u0131n harika ve hantal d\u00fcnyalar\u0131yla tan\u0131\u015f\u0131n! Ya\u015fayan milyonlarca canl\u0131ya ev sahipli\u011fi yap\u0131yorsunuz. Ufak otostop\u00e7ular\u0131n\u0131z \u00e7o\u011funlukla bakteriler olsa da mantarlar, arkeler, vir\u00fcsler<span class=\"excerpt-hellip\"> [\u2026]<\/span><\/p>\n","protected":false},"featured_media":0,"template":"","meta":{"_monsterinsights_skip_tracking":false,"_monsterinsights_sitenote_active":false,"_monsterinsights_sitenote_note":"","_monsterinsights_sitenote_category":0},"product_brand":[],"product_cat":[13829,12274],"product_tag":[],"class_list":{"0":"post-749836","1":"product","2":"type-product","3":"status-publish","5":"product_cat-bilimsel-kitaplar","6":"product_cat-cocuk-ve-genclik-kitaplari","7":"pa_cilt-ciltsiz","8":"pa_tur-kitap","9":"pa_yayinevi-masalperest-ozel-urun","10":"pa_yazar-philip-bunting","12":"first","13":"instock","14":"sale","15":"shipping-taxable","16":"purchasable","17":"product-type-simple"},"_links":{"self":[{"href":"https:\/\/roveyayinevi.com.tr\/index.php\/wp-json\/wp\/v2\/product\/749836","targetHints":{"allow":["GET"]}}],"collection":[{"href":"https:\/\/roveyayinevi.com.tr\/index.php\/wp-json\/wp\/v2\/product"}],"about":[{"href":"https:\/\/roveyayinevi.com.tr\/index.php\/wp-json\/wp\/v2\/types\/product"}],"wp:attachment":[{"href":"https:\/\/roveyayinevi.com.tr\/index.php\/wp-json\/wp\/v2\/media?parent=749836"}],"wp:term":[{"taxonomy":"product_brand","embeddable":true,"href":"https:\/\/roveyayinevi.com.tr\/index.php\/wp-json\/wp\/v2\/product_brand?post=749836"},{"taxonomy":"product_cat","embeddable":true,"href":"https:\/\/roveyayinevi.com.tr\/index.php\/wp-json\/wp\/v2\/product_cat?post=749836"},{"taxonomy":"product_tag","embeddable":true,"href":"https:\/\/roveyayinevi.com.tr\/index.php\/wp-json\/wp\/v2\/product_tag?post=749836"}],"curies":[{"name":"wp","href":"https:\/\/api.w.org\/{rel}","templated":true}]}}