{"id":749834,"date":"2025-08-28T04:05:35","date_gmt":"2025-08-28T01:05:35","guid":{"rendered":"https:\/\/roveyayinevi.com.tr\/index.php\/urun\/julia-donaldsondan-dramalar-uc-akilli-keci\/"},"modified":"2026-04-16T03:03:12","modified_gmt":"2026-04-16T00:03:12","slug":"julia-donaldsondan-dramalar-uc-akilli-keci","status":"publish","type":"product","link":"https:\/\/roveyayinevi.com.tr\/index.php\/urun\/julia-donaldsondan-dramalar-uc-akilli-keci\/","title":{"rendered":"Julia Donaldson&#8217;dan Dramalar &#8211; \u00dc\u00e7 Ak\u0131ll\u0131 Ke\u00e7i"},"content":{"rendered":"<p>\u00dc\u00e7 ak\u0131ll\u0131 ke\u00e7i \u00e7ok a\u00e7\u2026 Nehrin kar\u015f\u0131 taraf\u0131na ge\u00e7ip oradaki otlar\u0131 yemek istiyorlar ancak k\u00f6pr\u00fcn\u00fcn alt\u0131nda bir trol var. Trole yakalanmadan kar\u015f\u0131ya ge\u00e7menin bir yolunu bulmal\u0131lar. Ak\u0131ll\u0131 B\u00fcy\u00fck Ke\u00e7i\u2019nin akl\u0131na muhte\u015fem bir fikir geliyor. Bakal\u0131m \u00fc\u00e7 ak\u0131ll\u0131 ke\u00e7i trol\u00fc atlatmay\u0131 ba\u015farabilecek mi?\u00dcnl\u00fc yazar Julia Donaldson\u2019dan e\u011flenceli bir drama etkinli\u011fi!Hikayedeki karakterleri \u00e7ocu\u011funuzla birlikte canland\u0131r\u0131n, daha sonra da ondan hik\u00e2yeyi kendi kelimeleriyle yeniden anlatmas\u0131n\u0131 ve karakterleri konu\u015fturmas\u0131n\u0131 isteyin. Bu sayede hem \u00e7ocu\u011funuzla keyifli vakit ge\u00e7irecek hem de onun hayal g\u00fcc\u00fcn\u00fcn zenginle\u015fmesine katk\u0131da bulunacaks\u0131n\u0131z.<\/p>\n","protected":false},"excerpt":{"rendered":"<p>\u00dc\u00e7 ak\u0131ll\u0131 ke\u00e7i \u00e7ok a\u00e7\u2026 Nehrin kar\u015f\u0131 taraf\u0131na ge\u00e7ip oradaki otlar\u0131 yemek istiyorlar ancak k\u00f6pr\u00fcn\u00fcn alt\u0131nda bir trol var. Trole yakalanmadan kar\u015f\u0131ya ge\u00e7menin bir yolunu bulmal\u0131lar.<span class=\"excerpt-hellip\"> [\u2026]<\/span><\/p>\n","protected":false},"featured_media":0,"template":"","meta":{"_monsterinsights_skip_tracking":false,"_monsterinsights_sitenote_active":false,"_monsterinsights_sitenote_note":"","_monsterinsights_sitenote_category":0},"product_brand":[],"product_cat":[12274,12284],"product_tag":[],"class_list":{"0":"post-749834","1":"product","2":"type-product","3":"status-publish","5":"product_cat-cocuk-ve-genclik-kitaplari","6":"product_cat-hikayeler","7":"pa_cilt-ciltsiz","8":"pa_tur-kitap","9":"pa_yayinevi-1001-cicek-kitaplar","10":"pa_yazar-julia-donaldson","12":"first","13":"instock","14":"sale","15":"shipping-taxable","16":"purchasable","17":"product-type-simple"},"_links":{"self":[{"href":"https:\/\/roveyayinevi.com.tr\/index.php\/wp-json\/wp\/v2\/product\/749834","targetHints":{"allow":["GET"]}}],"collection":[{"href":"https:\/\/roveyayinevi.com.tr\/index.php\/wp-json\/wp\/v2\/product"}],"about":[{"href":"https:\/\/roveyayinevi.com.tr\/index.php\/wp-json\/wp\/v2\/types\/product"}],"wp:attachment":[{"href":"https:\/\/roveyayinevi.com.tr\/index.php\/wp-json\/wp\/v2\/media?parent=749834"}],"wp:term":[{"taxonomy":"product_brand","embeddable":true,"href":"https:\/\/roveyayinevi.com.tr\/index.php\/wp-json\/wp\/v2\/product_brand?post=749834"},{"taxonomy":"product_cat","embeddable":true,"href":"https:\/\/roveyayinevi.com.tr\/index.php\/wp-json\/wp\/v2\/product_cat?post=749834"},{"taxonomy":"product_tag","embeddable":true,"href":"https:\/\/roveyayinevi.com.tr\/index.php\/wp-json\/wp\/v2\/product_tag?post=749834"}],"curies":[{"name":"wp","href":"https:\/\/api.w.org\/{rel}","templated":true}]}}