{"id":749829,"date":"2025-08-28T04:04:52","date_gmt":"2025-08-28T01:04:52","guid":{"rendered":"https:\/\/roveyayinevi.com.tr\/index.php\/urun\/hadi-isiklari-kapat-leonard\/"},"modified":"2026-04-16T03:03:12","modified_gmt":"2026-04-16T00:03:12","slug":"hadi-isiklari-kapat-leonard","status":"publish","type":"product","link":"https:\/\/roveyayinevi.com.tr\/index.php\/urun\/hadi-isiklari-kapat-leonard\/","title":{"rendered":"Hadi I\u015f\u0131klar\u0131 Kapat Leonard"},"content":{"rendered":"<p>Leonard, uyku zaman\u0131n\u0131n gelmesinden pek ho\u015flanmazd\u0131. \u00d6zellikle de be\u015f burunlu, yedi kuyruklu, on bir elli, all\u0131 pullu bir canavar yatak odas\u0131n\u0131n bir k\u00f6\u015fesinde saklan\u0131yorsa&#8230;Leonard bir daha hi\u00e7 uyuyamayaca\u011f\u0131n\u0131 d\u00fc\u015f\u00fcn\u00fcyordu. Ta ki o \u00e7ok gizemli kitab\u0131 ke\u015ffedene kadar: CANAVARLAR NASIL KORKUTULUR?<\/p>\n","protected":false},"excerpt":{"rendered":"<p>Leonard, uyku zaman\u0131n\u0131n gelmesinden pek ho\u015flanmazd\u0131. \u00d6zellikle de be\u015f burunlu, yedi kuyruklu, on bir elli, all\u0131 pullu bir canavar yatak odas\u0131n\u0131n bir k\u00f6\u015fesinde saklan\u0131yorsa&#8230;Leonard bir daha<span class=\"excerpt-hellip\"> [\u2026]<\/span><\/p>\n","protected":false},"featured_media":0,"template":"","meta":{"_monsterinsights_skip_tracking":false,"_monsterinsights_sitenote_active":false,"_monsterinsights_sitenote_note":"","_monsterinsights_sitenote_category":0},"product_brand":[],"product_cat":[12274,12284],"product_tag":[],"class_list":{"0":"post-749829","1":"product","2":"type-product","3":"status-publish","5":"product_cat-cocuk-ve-genclik-kitaplari","6":"product_cat-hikayeler","7":"pa_cilt-ciltsiz","8":"pa_tur-kitap","9":"pa_yayinevi-hep-kitap","10":"pa_yazar-josh-pyke","12":"first","13":"instock","14":"sale","15":"shipping-taxable","16":"purchasable","17":"product-type-simple"},"_links":{"self":[{"href":"https:\/\/roveyayinevi.com.tr\/index.php\/wp-json\/wp\/v2\/product\/749829","targetHints":{"allow":["GET"]}}],"collection":[{"href":"https:\/\/roveyayinevi.com.tr\/index.php\/wp-json\/wp\/v2\/product"}],"about":[{"href":"https:\/\/roveyayinevi.com.tr\/index.php\/wp-json\/wp\/v2\/types\/product"}],"wp:attachment":[{"href":"https:\/\/roveyayinevi.com.tr\/index.php\/wp-json\/wp\/v2\/media?parent=749829"}],"wp:term":[{"taxonomy":"product_brand","embeddable":true,"href":"https:\/\/roveyayinevi.com.tr\/index.php\/wp-json\/wp\/v2\/product_brand?post=749829"},{"taxonomy":"product_cat","embeddable":true,"href":"https:\/\/roveyayinevi.com.tr\/index.php\/wp-json\/wp\/v2\/product_cat?post=749829"},{"taxonomy":"product_tag","embeddable":true,"href":"https:\/\/roveyayinevi.com.tr\/index.php\/wp-json\/wp\/v2\/product_tag?post=749829"}],"curies":[{"name":"wp","href":"https:\/\/api.w.org\/{rel}","templated":true}]}}