{"id":749826,"date":"2025-08-28T04:04:47","date_gmt":"2025-08-28T01:04:47","guid":{"rendered":"https:\/\/roveyayinevi.com.tr\/index.php\/urun\/cocuk-yenilikciler-mucitlerin-ve-onculerin-gercek-cocukluk-hikayeleri\/"},"modified":"2026-04-13T03:08:45","modified_gmt":"2026-04-13T00:08:45","slug":"cocuk-yenilikciler-mucitlerin-ve-onculerin-gercek-cocukluk-hikayeleri","status":"publish","type":"product","link":"https:\/\/roveyayinevi.com.tr\/index.php\/urun\/cocuk-yenilikciler-mucitlerin-ve-onculerin-gercek-cocukluk-hikayeleri\/","title":{"rendered":"\u00c7ocuk Yenilik\u00e7iler: Mucitlerin ve \u00d6nc\u00fclerin Ger\u00e7ek \u00c7ocukluk Hikayeleri"},"content":{"rendered":"<p>Tarih boyunca insanlar deneyimledi, icat etti ve bir \u015feyler yapman\u0131n yeni yollar\u0131n\u0131 yaratt\u0131. \u00c7ocuk Yenilik\u00e7iler, teknoloji, e\u011fitim, ticaret, bilim, sanat ve e\u011flence gibi \u00e7e\u015fitli alanlar \u00fczerine kafa yoran bir grup parlak zek\u00e2l\u0131 d\u00fc\u015f\u00fcn\u00fcr\u00fcn hik\u00e2yelerini anlat\u0131yor.<\/p>\n","protected":false},"excerpt":{"rendered":"<p>Tarih boyunca insanlar deneyimledi, icat etti ve bir \u015feyler yapman\u0131n yeni yollar\u0131n\u0131 yaratt\u0131. \u00c7ocuk Yenilik\u00e7iler, teknoloji, e\u011fitim, ticaret, bilim, sanat ve e\u011flence gibi \u00e7e\u015fitli alanlar \u00fczerine<span class=\"excerpt-hellip\"> [\u2026]<\/span><\/p>\n","protected":false},"featured_media":0,"template":"","meta":{"_monsterinsights_skip_tracking":false,"_monsterinsights_sitenote_active":false,"_monsterinsights_sitenote_note":"","_monsterinsights_sitenote_category":0},"product_brand":[],"product_cat":[12274,12284],"product_tag":[],"class_list":{"0":"post-749826","1":"product","2":"type-product","3":"status-publish","5":"product_cat-cocuk-ve-genclik-kitaplari","6":"product_cat-hikayeler","7":"pa_cilt-ciltsiz","8":"pa_tur-kitap","9":"pa_yayinevi-hep-kitap","10":"pa_yazar-robin-stevenson","12":"first","13":"instock","14":"sale","15":"shipping-taxable","16":"purchasable","17":"product-type-simple"},"_links":{"self":[{"href":"https:\/\/roveyayinevi.com.tr\/index.php\/wp-json\/wp\/v2\/product\/749826","targetHints":{"allow":["GET"]}}],"collection":[{"href":"https:\/\/roveyayinevi.com.tr\/index.php\/wp-json\/wp\/v2\/product"}],"about":[{"href":"https:\/\/roveyayinevi.com.tr\/index.php\/wp-json\/wp\/v2\/types\/product"}],"wp:attachment":[{"href":"https:\/\/roveyayinevi.com.tr\/index.php\/wp-json\/wp\/v2\/media?parent=749826"}],"wp:term":[{"taxonomy":"product_brand","embeddable":true,"href":"https:\/\/roveyayinevi.com.tr\/index.php\/wp-json\/wp\/v2\/product_brand?post=749826"},{"taxonomy":"product_cat","embeddable":true,"href":"https:\/\/roveyayinevi.com.tr\/index.php\/wp-json\/wp\/v2\/product_cat?post=749826"},{"taxonomy":"product_tag","embeddable":true,"href":"https:\/\/roveyayinevi.com.tr\/index.php\/wp-json\/wp\/v2\/product_tag?post=749826"}],"curies":[{"name":"wp","href":"https:\/\/api.w.org\/{rel}","templated":true}]}}