{"id":749824,"date":"2025-08-28T04:04:44","date_gmt":"2025-08-28T01:04:44","guid":{"rendered":"https:\/\/roveyayinevi.com.tr\/index.php\/urun\/egitimde-olcme-ve-degerlendirme-3\/"},"modified":"2026-04-16T03:03:12","modified_gmt":"2026-04-16T00:03:12","slug":"egitimde-olcme-ve-degerlendirme-3","status":"publish","type":"product","link":"https:\/\/roveyayinevi.com.tr\/index.php\/urun\/egitimde-olcme-ve-degerlendirme-3\/","title":{"rendered":"E\u011fitimde \u00d6l\u00e7me ve De\u011ferlendirme"},"content":{"rendered":"<p>E\u011fitimde \u00f6l\u00e7me ve de\u011ferlendirme i\u015flemleri e\u011fitim sisteminin kalite kontrol s\u00fcreci niteli\u011findedir. \u00d6l\u00e7me ve de\u011ferlendirme i\u015flemlerinde ve y\u00f6ntemlerinde yeterlik, her \u00fclkede \u00f6\u011fretmenlerin temel yeterlik alanlar\u0131ndan biri olarak kabul edilmektedir. Bu kitap, \u00f6\u011fretmen adaylar\u0131n\u0131n bu y\u00f6nde yeterli\u011fini geli\u015ftirmek \u00fczere okutulan \u00f6l\u00e7me ve de\u011ferlendirme derslerinde yararlanacaklar\u0131 temel bir kaynak olmay\u0131, alanda hizmet veren \u00f6\u011fretmenler i\u00e7in \u00f6\u011frenci ba\u015far\u0131s\u0131n\u0131 \u00f6l\u00e7me ve de\u011ferlendirme i\u015flemlerinde yararlanacaklar\u0131 bir ba\u015fvuru kitab\u0131 olmay\u0131 hedeflemektedir. Ayr\u0131ca y\u00fcksek lisans e\u011fitimini \u00f6l\u00e7me ve de\u011ferlendirme alan\u0131nda yapmay\u0131 tercih edenler i\u00e7in ilk y\u0131llarda yararlanabilecekleri bir alana haz\u0131rl\u0131k kitab\u0131 niteli\u011findedir. <\/p>\n","protected":false},"excerpt":{"rendered":"<p>E\u011fitimde \u00f6l\u00e7me ve de\u011ferlendirme i\u015flemleri e\u011fitim sisteminin kalite kontrol s\u00fcreci niteli\u011findedir. \u00d6l\u00e7me ve de\u011ferlendirme i\u015flemlerinde ve y\u00f6ntemlerinde yeterlik, her \u00fclkede \u00f6\u011fretmenlerin temel yeterlik alanlar\u0131ndan biri olarak<span class=\"excerpt-hellip\"> [\u2026]<\/span><\/p>\n","protected":false},"featured_media":0,"template":"","meta":{"_monsterinsights_skip_tracking":false,"_monsterinsights_sitenote_active":false,"_monsterinsights_sitenote_note":"","_monsterinsights_sitenote_category":0},"product_brand":[],"product_cat":[12573,12566],"product_tag":[],"class_list":{"0":"post-749824","1":"product","2":"type-product","3":"status-publish","5":"product_cat-akademik-kitaplar","6":"product_cat-egitim","7":"pa_cilt-ciltsiz","8":"pa_tur-kitap","9":"pa_yayinevi-ani-yayincilik","10":"pa_yazar-kolektif","12":"first","13":"instock","14":"sale","15":"shipping-taxable","16":"purchasable","17":"product-type-simple"},"_links":{"self":[{"href":"https:\/\/roveyayinevi.com.tr\/index.php\/wp-json\/wp\/v2\/product\/749824","targetHints":{"allow":["GET"]}}],"collection":[{"href":"https:\/\/roveyayinevi.com.tr\/index.php\/wp-json\/wp\/v2\/product"}],"about":[{"href":"https:\/\/roveyayinevi.com.tr\/index.php\/wp-json\/wp\/v2\/types\/product"}],"wp:attachment":[{"href":"https:\/\/roveyayinevi.com.tr\/index.php\/wp-json\/wp\/v2\/media?parent=749824"}],"wp:term":[{"taxonomy":"product_brand","embeddable":true,"href":"https:\/\/roveyayinevi.com.tr\/index.php\/wp-json\/wp\/v2\/product_brand?post=749824"},{"taxonomy":"product_cat","embeddable":true,"href":"https:\/\/roveyayinevi.com.tr\/index.php\/wp-json\/wp\/v2\/product_cat?post=749824"},{"taxonomy":"product_tag","embeddable":true,"href":"https:\/\/roveyayinevi.com.tr\/index.php\/wp-json\/wp\/v2\/product_tag?post=749824"}],"curies":[{"name":"wp","href":"https:\/\/api.w.org\/{rel}","templated":true}]}}