{"id":749823,"date":"2025-08-28T04:04:43","date_gmt":"2025-08-28T01:04:43","guid":{"rendered":"https:\/\/roveyayinevi.com.tr\/index.php\/urun\/temel-psikoloji-moduler-bir-yaklasim\/"},"modified":"2026-04-16T03:03:12","modified_gmt":"2026-04-16T00:03:12","slug":"temel-psikoloji-moduler-bir-yaklasim","status":"publish","type":"product","link":"https:\/\/roveyayinevi.com.tr\/index.php\/urun\/temel-psikoloji-moduler-bir-yaklasim\/","title":{"rendered":"Temel Psikoloji Mod\u00fcler Bir Yakla\u015f\u0131m"},"content":{"rendered":"<p>Temel Psikoloji: Mod\u00fcler Bir Yakla\u015f\u0131m \u201cZihnimizi, Duygular\u0131m\u0131z\u0131 ve Bedenimizi Anlamak\u201d kitab\u0131, alanlar\u0131nda etkin olan Brett W. Pelham ve David Boninger taraf\u0131ndan kaleme al\u0131nm\u0131\u015f, psikolojiye ilgi duyan ve temel d\u00fczeyde bilgi sahibi olmak isteyen herkese hitap edebilecek nitelikte bir kitapt\u0131r. 36 mod\u00fclden olu\u015fan bu kitapta, mizahi ve \u00f6yk\u00fcsel anlat\u0131m tarz\u0131 benimsenerek okuyucu a\u00e7\u0131s\u0131ndan ak\u0131c\u0131l\u0131\u011f\u0131n sa\u011flanmas\u0131 ama\u00e7lanm\u0131\u015ft\u0131r.   <\/p>\n","protected":false},"excerpt":{"rendered":"<p>Temel Psikoloji: Mod\u00fcler Bir Yakla\u015f\u0131m \u201cZihnimizi, Duygular\u0131m\u0131z\u0131 ve Bedenimizi Anlamak\u201d kitab\u0131, alanlar\u0131nda etkin olan Brett W. Pelham ve David Boninger taraf\u0131ndan kaleme al\u0131nm\u0131\u015f, psikolojiye ilgi duyan<span class=\"excerpt-hellip\"> [\u2026]<\/span><\/p>\n","protected":false},"featured_media":0,"template":"","meta":{"_monsterinsights_skip_tracking":false,"_monsterinsights_sitenote_active":false,"_monsterinsights_sitenote_note":"","_monsterinsights_sitenote_category":0},"product_brand":[],"product_cat":[12357],"product_tag":[],"class_list":{"0":"post-749823","1":"product","2":"type-product","3":"status-publish","5":"product_cat-psikoloji","6":"pa_cilt-ciltsiz","7":"pa_tur-kitap","8":"pa_yayinevi-ani-yayincilik","9":"pa_yazar-brett-w-pelham-david-boninger","11":"first","12":"instock","13":"sale","14":"shipping-taxable","15":"purchasable","16":"product-type-simple"},"_links":{"self":[{"href":"https:\/\/roveyayinevi.com.tr\/index.php\/wp-json\/wp\/v2\/product\/749823","targetHints":{"allow":["GET"]}}],"collection":[{"href":"https:\/\/roveyayinevi.com.tr\/index.php\/wp-json\/wp\/v2\/product"}],"about":[{"href":"https:\/\/roveyayinevi.com.tr\/index.php\/wp-json\/wp\/v2\/types\/product"}],"wp:attachment":[{"href":"https:\/\/roveyayinevi.com.tr\/index.php\/wp-json\/wp\/v2\/media?parent=749823"}],"wp:term":[{"taxonomy":"product_brand","embeddable":true,"href":"https:\/\/roveyayinevi.com.tr\/index.php\/wp-json\/wp\/v2\/product_brand?post=749823"},{"taxonomy":"product_cat","embeddable":true,"href":"https:\/\/roveyayinevi.com.tr\/index.php\/wp-json\/wp\/v2\/product_cat?post=749823"},{"taxonomy":"product_tag","embeddable":true,"href":"https:\/\/roveyayinevi.com.tr\/index.php\/wp-json\/wp\/v2\/product_tag?post=749823"}],"curies":[{"name":"wp","href":"https:\/\/api.w.org\/{rel}","templated":true}]}}