{"id":749820,"date":"2025-08-28T04:04:38","date_gmt":"2025-08-28T01:04:38","guid":{"rendered":"https:\/\/roveyayinevi.com.tr\/index.php\/urun\/levent-kamilin-uykusu\/"},"modified":"2026-04-16T03:03:12","modified_gmt":"2026-04-16T00:03:12","slug":"levent-kamilin-uykusu","status":"publish","type":"product","link":"https:\/\/roveyayinevi.com.tr\/index.php\/urun\/levent-kamilin-uykusu\/","title":{"rendered":"Levent Kamil&#8217;in Uykusu"},"content":{"rendered":"<p>Levent \u0130lk Okuma Kitaplar\u0131m 2, okumay\u0131 yeni \u00f6\u011frenen minik okurlar\u0131n kendilerinden bir par\u00e7a bulacaklar\u0131 e\u011flenceli maceralardan olu\u015fuyor. Okumay\u0131 kolayla\u015ft\u0131r\u0131c\u0131 ak\u0131c\u0131 ve temiz T\u00fcrk\u00e7e ile yaz\u0131lan, \u00e7ocu\u011funuzun g\u00f6rsel ve bili\u015fsel zek\u00e2s\u0131n\u0131 destekleyen komik, e\u011flenceli ve heyecan dolu bu kitaplar\u0131 \u00e7ocuklar \u00e7ok sevecekler&#8230; <\/p>\n","protected":false},"excerpt":{"rendered":"<p>Levent \u0130lk Okuma Kitaplar\u0131m 2, okumay\u0131 yeni \u00f6\u011frenen minik okurlar\u0131n kendilerinden bir par\u00e7a bulacaklar\u0131 e\u011flenceli maceralardan olu\u015fuyor. Okumay\u0131 kolayla\u015ft\u0131r\u0131c\u0131 ak\u0131c\u0131 ve temiz T\u00fcrk\u00e7e ile yaz\u0131lan, \u00e7ocu\u011funuzun<span class=\"excerpt-hellip\"> [\u2026]<\/span><\/p>\n","protected":false},"featured_media":0,"template":"","meta":{"_monsterinsights_skip_tracking":false,"_monsterinsights_sitenote_active":false,"_monsterinsights_sitenote_note":"","_monsterinsights_sitenote_category":0},"product_brand":[],"product_cat":[12275,12274],"product_tag":[],"class_list":{"0":"post-749820","1":"product","2":"type-product","3":"status-publish","5":"product_cat-6-12-yas-kitaplari","6":"product_cat-cocuk-ve-genclik-kitaplari","7":"pa_cilt-ciltsiz","8":"pa_tur-kitap","9":"pa_yayinevi-timas-cocuk","10":"pa_yazar-mustafa-orakci","12":"first","13":"instock","14":"sale","15":"shipping-taxable","16":"purchasable","17":"product-type-simple"},"_links":{"self":[{"href":"https:\/\/roveyayinevi.com.tr\/index.php\/wp-json\/wp\/v2\/product\/749820","targetHints":{"allow":["GET"]}}],"collection":[{"href":"https:\/\/roveyayinevi.com.tr\/index.php\/wp-json\/wp\/v2\/product"}],"about":[{"href":"https:\/\/roveyayinevi.com.tr\/index.php\/wp-json\/wp\/v2\/types\/product"}],"wp:attachment":[{"href":"https:\/\/roveyayinevi.com.tr\/index.php\/wp-json\/wp\/v2\/media?parent=749820"}],"wp:term":[{"taxonomy":"product_brand","embeddable":true,"href":"https:\/\/roveyayinevi.com.tr\/index.php\/wp-json\/wp\/v2\/product_brand?post=749820"},{"taxonomy":"product_cat","embeddable":true,"href":"https:\/\/roveyayinevi.com.tr\/index.php\/wp-json\/wp\/v2\/product_cat?post=749820"},{"taxonomy":"product_tag","embeddable":true,"href":"https:\/\/roveyayinevi.com.tr\/index.php\/wp-json\/wp\/v2\/product_tag?post=749820"}],"curies":[{"name":"wp","href":"https:\/\/api.w.org\/{rel}","templated":true}]}}