{"id":749817,"date":"2025-08-28T04:04:33","date_gmt":"2025-08-28T01:04:33","guid":{"rendered":"https:\/\/roveyayinevi.com.tr\/index.php\/urun\/cocuk-universitesi-fizik-cekim-yasasi\/"},"modified":"2026-04-16T03:03:11","modified_gmt":"2026-04-16T00:03:11","slug":"cocuk-universitesi-fizik-cekim-yasasi","status":"publish","type":"product","link":"https:\/\/roveyayinevi.com.tr\/index.php\/urun\/cocuk-universitesi-fizik-cekim-yasasi\/","title":{"rendered":"\u00c7ocuk \u00dcniversitesi Fizik &#8211; \u00c7ekim Yasas\u0131"},"content":{"rendered":"<p>Dersimiz fizik, konumuz ku\u0308tle C\u0327EKI\u0307M YASASI, o\u0308g\u0306retmenimiz Newton!C\u0327evrende, Du\u0308nya&#8217;da ve Uzay&#8217;da bu muhtes\u0327em c\u0327ekim kuvveti hep var.Haydi birlikte kes\u0327fedelim?<\/p>\n","protected":false},"excerpt":{"rendered":"<p>Dersimiz fizik, konumuz ku\u0308tle C\u0327EKI\u0307M YASASI, o\u0308g\u0306retmenimiz Newton!C\u0327evrende, Du\u0308nya&#8217;da ve Uzay&#8217;da bu muhtes\u0327em c\u0327ekim kuvveti hep var.Haydi birlikte kes\u0327fedelim?<\/p>\n","protected":false},"featured_media":0,"template":"","meta":{"_monsterinsights_skip_tracking":false,"_monsterinsights_sitenote_active":false,"_monsterinsights_sitenote_note":"","_monsterinsights_sitenote_category":0},"product_brand":[],"product_cat":[12274],"product_tag":[],"class_list":{"0":"post-749817","1":"product","2":"type-product","3":"status-publish","5":"product_cat-cocuk-ve-genclik-kitaplari","6":"pa_cilt-ciltsiz","7":"pa_tur-kitap","8":"pa_yayinevi-sincap-kitap","9":"pa_yazar-kolektif","11":"first","12":"instock","13":"sale","14":"shipping-taxable","15":"purchasable","16":"product-type-simple"},"_links":{"self":[{"href":"https:\/\/roveyayinevi.com.tr\/index.php\/wp-json\/wp\/v2\/product\/749817","targetHints":{"allow":["GET"]}}],"collection":[{"href":"https:\/\/roveyayinevi.com.tr\/index.php\/wp-json\/wp\/v2\/product"}],"about":[{"href":"https:\/\/roveyayinevi.com.tr\/index.php\/wp-json\/wp\/v2\/types\/product"}],"wp:attachment":[{"href":"https:\/\/roveyayinevi.com.tr\/index.php\/wp-json\/wp\/v2\/media?parent=749817"}],"wp:term":[{"taxonomy":"product_brand","embeddable":true,"href":"https:\/\/roveyayinevi.com.tr\/index.php\/wp-json\/wp\/v2\/product_brand?post=749817"},{"taxonomy":"product_cat","embeddable":true,"href":"https:\/\/roveyayinevi.com.tr\/index.php\/wp-json\/wp\/v2\/product_cat?post=749817"},{"taxonomy":"product_tag","embeddable":true,"href":"https:\/\/roveyayinevi.com.tr\/index.php\/wp-json\/wp\/v2\/product_tag?post=749817"}],"curies":[{"name":"wp","href":"https:\/\/api.w.org\/{rel}","templated":true}]}}