{"id":749813,"date":"2025-08-28T04:04:28","date_gmt":"2025-08-28T01:04:28","guid":{"rendered":"https:\/\/roveyayinevi.com.tr\/index.php\/urun\/astrobiyoloji-ciltli\/"},"modified":"2026-04-16T03:03:11","modified_gmt":"2026-04-16T00:03:11","slug":"astrobiyoloji-ciltli","status":"publish","type":"product","link":"https:\/\/roveyayinevi.com.tr\/index.php\/urun\/astrobiyoloji-ciltli\/","title":{"rendered":"Astrobiyoloji (Ciltli)"},"content":{"rendered":"<p>Evrenimizdeki kozmik ortam i\u00e7erisinde ya\u015fam\u0131 ele alan Astrobiyoloji, konuyu hakk\u0131n\u0131 vererek anlatmak i\u00e7in astronomi, biyoloji, kimya, jeoloji, gezegen bilimi, fizik, sosyal bilimler gibi pek \u00e7ok bilim dal\u0131n\u0131 harmanl\u0131yor. Standart kozmolojik modele g\u00f6re, B\u00fcy\u00fck Patlamayla birlikte birinci ku\u015fak y\u0131ld\u0131zlar ortaya \u00e7\u0131kar ve daha sonra bu y\u0131ld\u0131zlar\u0131n \u00f6l\u00fcp patlamas\u0131yla ya\u015fam i\u00e7in gerekli olan elementler evrene sa\u00e7\u0131l\u0131r. Gezegenler yeni y\u0131ld\u0131zlar\u0131n etraf\u0131nda olu\u015fmaya ba\u015flar. Bu gezegenlerden baz\u0131lar\u0131 ya\u015famaya elveri\u015flidir ve en az birinde ya\u015fam ortaya \u00e7\u0131kar. Ya\u015fam, tek h\u00fccreli organizmalardan hayvanlara ge\u00e7i\u015f yaparak b\u00fcy\u00fcr ve t\u00fcm bu s\u00fcre boyunca yok olu\u015flarla zarar g\u00f6r\u00fcr. Nihayetinde, uzak y\u0131ld\u0131zlar\u0131 \u00e7evreleyen gezegenleri bulmaya kararl\u0131 bir zek\u00e2 geli\u015fmeye ba\u015flar ve di\u011fer uygarl\u0131klar\u0131 bulmak \u00fczere i\u015fe koyulur. Ancak \u015fu an di\u011fer gezegenlere gitme olana\u011f\u0131m\u0131z olmad\u0131\u011f\u0131 i\u00e7in ya\u015fama dair bildi\u011fimiz tek veri, D\u00fcnya\u2019daki ya\u015fam\u0131n kendisidir. \u0130\u015fte elinizdeki kitap D\u00fcnya \u00fczerindeki bildi\u011fimiz ya\u015fam\u0131n yap\u0131s\u0131, ili\u015fkileri ve yetenekleri hakk\u0131nda kapsaml\u0131 bir de\u011ferlendirme yapt\u0131ktan sonra, bunu kozmik ba\u011flam i\u00e7erisinde incelemektedir.   \u201cCockell\u2019in Astrobiyoloji\u2019si hem genel okur k\u00fctlesine hem de \u00fcniversite \u00f6\u011frencilerine hitap eden harika bir kitap.\u201d \u2013Astrobiology Journal   \u201cSonu\u00e7 olarak, mesle\u011finiz veya temel alan\u0131n\u0131z ne olursa olsun astrobiyoloji \u00f6\u011frenmek isteyenler i\u00e7in son derece yararl\u0131 bir kaynak.\u201d \u2013Lewis Dartnell, University of Kent   \u201cOkurlar 4 milyar y\u0131ll\u0131k evrimin \u00fcretti\u011fi g\u00f6z kama\u015ft\u0131r\u0131c\u0131 \u00e7e\u015fitlilikteki organizmalar\u0131n s\u0131n\u0131rs\u0131z g\u00f6r\u00fcnebilece\u011fini, ancak hepsinin evrensel yasalara uydu\u011funa dair net ve k\u0131\u015fk\u0131rt\u0131c\u0131 arg\u00fcmandan zevk alacaklard\u0131r.\u201d \u2013Kirkus Reviews<\/p>\n","protected":false},"excerpt":{"rendered":"<p>Evrenimizdeki kozmik ortam i\u00e7erisinde ya\u015fam\u0131 ele alan Astrobiyoloji, konuyu hakk\u0131n\u0131 vererek anlatmak i\u00e7in astronomi, biyoloji, kimya, jeoloji, gezegen bilimi, fizik, sosyal bilimler gibi pek \u00e7ok bilim<span class=\"excerpt-hellip\"> [\u2026]<\/span><\/p>\n","protected":false},"featured_media":0,"template":"","meta":{"_monsterinsights_skip_tracking":false,"_monsterinsights_sitenote_active":false,"_monsterinsights_sitenote_note":"","_monsterinsights_sitenote_category":0},"product_brand":[],"product_cat":[13005],"product_tag":[],"class_list":{"0":"post-749813","1":"product","2":"type-product","3":"status-publish","5":"product_cat-bilim-muhendislik","6":"pa_cilt-ciltli","7":"pa_tur-kitap","8":"pa_yayinevi-alfa-yayinlari","9":"pa_yazar-charles-c-cockell","11":"first","12":"instock","13":"sale","14":"shipping-taxable","15":"purchasable","16":"product-type-simple"},"_links":{"self":[{"href":"https:\/\/roveyayinevi.com.tr\/index.php\/wp-json\/wp\/v2\/product\/749813","targetHints":{"allow":["GET"]}}],"collection":[{"href":"https:\/\/roveyayinevi.com.tr\/index.php\/wp-json\/wp\/v2\/product"}],"about":[{"href":"https:\/\/roveyayinevi.com.tr\/index.php\/wp-json\/wp\/v2\/types\/product"}],"wp:attachment":[{"href":"https:\/\/roveyayinevi.com.tr\/index.php\/wp-json\/wp\/v2\/media?parent=749813"}],"wp:term":[{"taxonomy":"product_brand","embeddable":true,"href":"https:\/\/roveyayinevi.com.tr\/index.php\/wp-json\/wp\/v2\/product_brand?post=749813"},{"taxonomy":"product_cat","embeddable":true,"href":"https:\/\/roveyayinevi.com.tr\/index.php\/wp-json\/wp\/v2\/product_cat?post=749813"},{"taxonomy":"product_tag","embeddable":true,"href":"https:\/\/roveyayinevi.com.tr\/index.php\/wp-json\/wp\/v2\/product_tag?post=749813"}],"curies":[{"name":"wp","href":"https:\/\/api.w.org\/{rel}","templated":true}]}}