{"id":749812,"date":"2025-08-28T04:04:27","date_gmt":"2025-08-28T01:04:27","guid":{"rendered":"https:\/\/roveyayinevi.com.tr\/index.php\/urun\/simbatin-bahar-sarkisi-sivama-cilt\/"},"modified":"2026-04-16T03:03:11","modified_gmt":"2026-04-16T00:03:11","slug":"simbatin-bahar-sarkisi-sivama-cilt","status":"publish","type":"product","link":"https:\/\/roveyayinevi.com.tr\/index.php\/urun\/simbatin-bahar-sarkisi-sivama-cilt\/","title":{"rendered":"Simbat\u2019\u0131n Bahar \u015eark\u0131s\u0131 (S\u0131vama Cilt)"},"content":{"rendered":"<p>So\u011fuk bir k\u0131\u015f g\u00fcn\u00fcn\u00fc bahara\u00e7evirmek m\u00fcmk\u00fcn m\u00fc?Bu ormanda k\u0131\u015f\u0131n kimse \u00fc\u015f\u00fcmedi,ay\u0131 bile uykusunu terk etti.Haydi, kapa\u011f\u0131 yava\u015f\u00e7a arala,Simbat nas\u0131l bir \u00e7\u00f6z\u00fcm buldu acaba?Aman dikkat, biraz sesli bir kitap!Okumaya ba\u015flamadan \u00f6nce yan\u0131nabir enstr\u00fcman almay\u0131 unutma!<\/p>\n","protected":false},"excerpt":{"rendered":"<p>So\u011fuk bir k\u0131\u015f g\u00fcn\u00fcn\u00fc bahara\u00e7evirmek m\u00fcmk\u00fcn m\u00fc?Bu ormanda k\u0131\u015f\u0131n kimse \u00fc\u015f\u00fcmedi,ay\u0131 bile uykusunu terk etti.Haydi, kapa\u011f\u0131 yava\u015f\u00e7a arala,Simbat nas\u0131l bir \u00e7\u00f6z\u00fcm buldu acaba?Aman dikkat, biraz sesli<span class=\"excerpt-hellip\"> [\u2026]<\/span><\/p>\n","protected":false},"featured_media":0,"template":"","meta":{"_monsterinsights_skip_tracking":false,"_monsterinsights_sitenote_active":false,"_monsterinsights_sitenote_note":"","_monsterinsights_sitenote_category":0},"product_brand":[],"product_cat":[12274,12518],"product_tag":[],"class_list":{"0":"post-749812","1":"product","2":"type-product","3":"status-publish","5":"product_cat-cocuk-ve-genclik-kitaplari","6":"product_cat-okul-oncesi-kitaplar","7":"pa_cilt-ciltli","8":"pa_tur-kitap","9":"pa_yayinevi-ucan-fil-yayinlari","10":"pa_yazar-ozlem-fedai-korcak","12":"first","13":"instock","14":"sale","15":"shipping-taxable","16":"purchasable","17":"product-type-simple"},"_links":{"self":[{"href":"https:\/\/roveyayinevi.com.tr\/index.php\/wp-json\/wp\/v2\/product\/749812","targetHints":{"allow":["GET"]}}],"collection":[{"href":"https:\/\/roveyayinevi.com.tr\/index.php\/wp-json\/wp\/v2\/product"}],"about":[{"href":"https:\/\/roveyayinevi.com.tr\/index.php\/wp-json\/wp\/v2\/types\/product"}],"wp:attachment":[{"href":"https:\/\/roveyayinevi.com.tr\/index.php\/wp-json\/wp\/v2\/media?parent=749812"}],"wp:term":[{"taxonomy":"product_brand","embeddable":true,"href":"https:\/\/roveyayinevi.com.tr\/index.php\/wp-json\/wp\/v2\/product_brand?post=749812"},{"taxonomy":"product_cat","embeddable":true,"href":"https:\/\/roveyayinevi.com.tr\/index.php\/wp-json\/wp\/v2\/product_cat?post=749812"},{"taxonomy":"product_tag","embeddable":true,"href":"https:\/\/roveyayinevi.com.tr\/index.php\/wp-json\/wp\/v2\/product_tag?post=749812"}],"curies":[{"name":"wp","href":"https:\/\/api.w.org\/{rel}","templated":true}]}}