{"id":749810,"date":"2025-08-28T04:04:24","date_gmt":"2025-08-28T01:04:24","guid":{"rendered":"https:\/\/roveyayinevi.com.tr\/index.php\/urun\/osmanli-adet-merasim-ve-tabirleri-ciltli\/"},"modified":"2026-04-16T03:03:11","modified_gmt":"2026-04-16T00:03:11","slug":"osmanli-adet-merasim-ve-tabirleri-ciltli","status":"publish","type":"product","link":"https:\/\/roveyayinevi.com.tr\/index.php\/urun\/osmanli-adet-merasim-ve-tabirleri-ciltli\/","title":{"rendered":"Osmanl\u0131 Adet, Merasim ve Tabirleri (Ciltli)"},"content":{"rendered":"<p>Osmanl\u0131 k\u00fclt\u00fcr hayat\u0131na dair bug\u00fcne kadar yap\u0131lm\u0131\u015f en m\u00fchim \u00e7al\u0131\u015fmalardan biri olan Umur-\u0131 M\u00fclkiye Naz\u0131r\u0131 Pertev Pa\u015fa\u2019n\u0131n torunu Abd\u00fclaziz Bey\u2019in (1850-1918), \u00f6zg\u00fcn ad\u0131yla \u00c2dat ve Merasim-i Kad\u00eeme, Tabir\u00e2t ve Muamel\u00e2t-\u0131 Kavmiye-i Osmaniye adl\u0131 eseri, yazar\u0131n ya\u015fad\u0131\u011f\u0131 d\u00f6nemin fevkalade bir panoramas\u0131n\u0131 okura sunuyor. Abd\u00fclaziz Bey\u2019in Osmanl\u0131 toplumunun g\u00fcnl\u00fck ya\u015fam, t\u00f6renler, gelenek ve g\u00f6renekler ile kullan\u0131lan tabirler \u00fczerine bilgi ve g\u00f6zlemlerini kaleme ald\u0131\u011f\u0131 on d\u00f6rt defterden olu\u015fan bu k\u0131ymetli eser, merhum Prof. K\u00e2z\u0131m Ar\u0131san ile k\u0131z\u0131 Duygu Ar\u0131san G\u00fcnay taraf\u0131ndan adeta k\u0131l\u0131 k\u0131rk yararak haz\u0131rland\u0131. Okurun rahatl\u0131kla okuyabilmesi i\u00e7in sadele\u015ftirilen ve dipnotlarla zenginle\u015ftirilen eser, \u00f6zellikle \u0130stanbul ya\u015fam\u0131 ve k\u00fclt\u00fcr\u00fc konusunda nadide bir ba\u015fvuru kayna\u011f\u0131d\u0131r. Osmanl\u0131 \u00c2det, Merasim ve Tabirleri\u2019nde eski do\u011fum rit\u00fcellerinden evlenme t\u00f6renlerine, kocakar\u0131 ila\u00e7lar\u0131ndan musiki aletlerine ve spor kar\u015f\u0131la\u015fmalar\u0131na kadar zengin bir bilgi hazinesine ula\u015facak, eski \u0130stanbul\u2019daki g\u00fcndelik ya\u015fam\u0131, yemek tariflerini, sat\u0131c\u0131lar\u0131, pehlivanlar\u0131, giyim-ku\u015fam \u00e7e\u015fitlerini, bat\u0131l inan\u0131\u015flar\u0131, e\u011flenceleri, mehtap \u00e2lemlerini, s\u00fcnnet t\u00f6renlerini, falc\u0131lar\u0131, ak\u015famc\u0131lar\u0131, tulumbac\u0131lar\u0131 k\u0131sacas\u0131 yitip gitmi\u015f bir d\u00fcnyan\u0131n kay\u0131tlar\u0131n\u0131 bulacaks\u0131n\u0131z.<\/p>\n","protected":false},"excerpt":{"rendered":"<p>Osmanl\u0131 k\u00fclt\u00fcr hayat\u0131na dair bug\u00fcne kadar yap\u0131lm\u0131\u015f en m\u00fchim \u00e7al\u0131\u015fmalardan biri olan Umur-\u0131 M\u00fclkiye Naz\u0131r\u0131 Pertev Pa\u015fa\u2019n\u0131n torunu Abd\u00fclaziz Bey\u2019in (1850-1918), \u00f6zg\u00fcn ad\u0131yla \u00c2dat ve Merasim-i<span class=\"excerpt-hellip\"> [\u2026]<\/span><\/p>\n","protected":false},"featured_media":0,"template":"","meta":{"_monsterinsights_skip_tracking":false,"_monsterinsights_sitenote_active":false,"_monsterinsights_sitenote_note":"","_monsterinsights_sitenote_category":0},"product_brand":[],"product_cat":[12312,12304],"product_tag":[],"class_list":{"0":"post-749810","1":"product","2":"type-product","3":"status-publish","5":"product_cat-diger","6":"product_cat-tarih","7":"pa_cilt-ciltli","8":"pa_tur-kitap","9":"pa_yayinevi-otuken-nesriyat","10":"pa_yazar-abdulaziz-bey","12":"first","13":"instock","14":"sale","15":"shipping-taxable","16":"purchasable","17":"product-type-simple"},"_links":{"self":[{"href":"https:\/\/roveyayinevi.com.tr\/index.php\/wp-json\/wp\/v2\/product\/749810","targetHints":{"allow":["GET"]}}],"collection":[{"href":"https:\/\/roveyayinevi.com.tr\/index.php\/wp-json\/wp\/v2\/product"}],"about":[{"href":"https:\/\/roveyayinevi.com.tr\/index.php\/wp-json\/wp\/v2\/types\/product"}],"wp:attachment":[{"href":"https:\/\/roveyayinevi.com.tr\/index.php\/wp-json\/wp\/v2\/media?parent=749810"}],"wp:term":[{"taxonomy":"product_brand","embeddable":true,"href":"https:\/\/roveyayinevi.com.tr\/index.php\/wp-json\/wp\/v2\/product_brand?post=749810"},{"taxonomy":"product_cat","embeddable":true,"href":"https:\/\/roveyayinevi.com.tr\/index.php\/wp-json\/wp\/v2\/product_cat?post=749810"},{"taxonomy":"product_tag","embeddable":true,"href":"https:\/\/roveyayinevi.com.tr\/index.php\/wp-json\/wp\/v2\/product_tag?post=749810"}],"curies":[{"name":"wp","href":"https:\/\/api.w.org\/{rel}","templated":true}]}}