{"id":749809,"date":"2025-08-28T04:04:23","date_gmt":"2025-08-28T01:04:23","guid":{"rendered":"https:\/\/roveyayinevi.com.tr\/index.php\/urun\/psikolojik-hukukbilim\/"},"modified":"2026-04-16T03:03:11","modified_gmt":"2026-04-16T00:03:11","slug":"psikolojik-hukukbilim","status":"publish","type":"product","link":"https:\/\/roveyayinevi.com.tr\/index.php\/urun\/psikolojik-hukukbilim\/","title":{"rendered":"Psikolojik Hukukbilim"},"content":{"rendered":"<p>&#8220;Arrigo b\u00fcy\u00fck bir ba\u015far\u0131ya daha imza att\u0131 ve gelece\u011fin ara\u015ft\u0131rmac\u0131lar\u0131, hukuk sisteminde g\u00f6m\u00fcl\u00fc bulunan psikolojik yakla\u015f\u0131m \u00fczerine onun etkileyici analizini payla\u015fma ve kullanma \u015fans\u0131n\u0131 yakalad\u0131lar.&#8221; \u2013Lloyd Klein   \u201cE\u011fer ceza adaleti sistemi geli\u015ftirilecekse, bu kitaptaki meseleler \u00e7\u00f6z\u00fcme kavu\u015fturulmal\u0131d\u0131r.\u201d \u2013Jeffrey T. Walker   Psikolojik hukukbilim, hukuk alan\u0131nda psikolojiden yararlanma fikri \u00fczerine temellenir. Psikoloji bilimlerinin teori ve y\u00f6ntemlerine dayanarak politika olu\u015fturman\u0131n ve adaleti tesis etmenin yeni yollar\u0131n\u0131 ara\u015ft\u0131r\u0131r. Elinizdeki kitap, edebiyat ele\u015ftirisi, psikanaliz, feminist teori, politik ekonomi gibi \u00e7e\u015fitli ele\u015ftirel d\u00fc\u015f\u00fcnce bi\u00e7imlerine dayanan \u2018radikal\u2019 bir bak\u0131\u015f sunuyor. Bu kitap, psikohukuki d\u00fc\u015f\u00fcnce bi\u00e7iminin temellerini ortaya koyuyor. Adli psikiyatri \u00e7er\u00e7evesinde h\u00fck\u00fcm verme, ebeveyn katli, isnat edilebilirlik, ergen kimlik geli\u015fimi, cezai yapt\u0131r\u0131ml\u0131l\u0131k ve su\u00e7lu rehabilitasyonu d\u00e2hil olmak \u00fczere bir dizi karma\u015f\u0131k konuyu ele al\u0131yor. Ted Kaczynski\u2019nin ele al\u0131nd\u0131\u011f\u0131 vaka analizlerinden, Freudyen profil analizlerine, sistemler kuram\u0131 ba\u011flam\u0131nda incelenen hukuk kavray\u0131\u015f\u0131ndan, hukuk d\u00fcnyas\u0131nda e\u015fitli\u011fin ve \u015fiddet \u00fcretmeyen yasalar\u0131n ger\u00e7ek anlamda nas\u0131l tesis edilebilece\u011fine e\u011filen bu eser, T\u00fcrkiye\u2019de hen\u00fcz \u00fczerinde durulmam\u0131\u015f bir dizi soruna \u0131\u015f\u0131k tutuyor. Bu a\u00e7\u0131dan kitap, vakalara yeni bir mercek tutmaya imk\u00e2n sa\u011fl\u0131yor.<\/p>\n","protected":false},"excerpt":{"rendered":"<p>&#8220;Arrigo b\u00fcy\u00fck bir ba\u015far\u0131ya daha imza att\u0131 ve gelece\u011fin ara\u015ft\u0131rmac\u0131lar\u0131, hukuk sisteminde g\u00f6m\u00fcl\u00fc bulunan psikolojik yakla\u015f\u0131m \u00fczerine onun etkileyici analizini payla\u015fma ve kullanma \u015fans\u0131n\u0131 yakalad\u0131lar.&#8221; \u2013Lloyd<span class=\"excerpt-hellip\"> [\u2026]<\/span><\/p>\n","protected":false},"featured_media":0,"template":"","meta":{"_monsterinsights_skip_tracking":false,"_monsterinsights_sitenote_active":false,"_monsterinsights_sitenote_note":"","_monsterinsights_sitenote_category":0},"product_brand":[],"product_cat":[12357],"product_tag":[],"class_list":{"0":"post-749809","1":"product","2":"type-product","3":"status-publish","5":"product_cat-psikoloji","6":"pa_cilt-ciltsiz","7":"pa_tur-kitap","8":"pa_yayinevi-fol-kitap","9":"pa_yazar-kolektif","11":"first","12":"instock","13":"sale","14":"shipping-taxable","15":"purchasable","16":"product-type-simple"},"_links":{"self":[{"href":"https:\/\/roveyayinevi.com.tr\/index.php\/wp-json\/wp\/v2\/product\/749809","targetHints":{"allow":["GET"]}}],"collection":[{"href":"https:\/\/roveyayinevi.com.tr\/index.php\/wp-json\/wp\/v2\/product"}],"about":[{"href":"https:\/\/roveyayinevi.com.tr\/index.php\/wp-json\/wp\/v2\/types\/product"}],"wp:attachment":[{"href":"https:\/\/roveyayinevi.com.tr\/index.php\/wp-json\/wp\/v2\/media?parent=749809"}],"wp:term":[{"taxonomy":"product_brand","embeddable":true,"href":"https:\/\/roveyayinevi.com.tr\/index.php\/wp-json\/wp\/v2\/product_brand?post=749809"},{"taxonomy":"product_cat","embeddable":true,"href":"https:\/\/roveyayinevi.com.tr\/index.php\/wp-json\/wp\/v2\/product_cat?post=749809"},{"taxonomy":"product_tag","embeddable":true,"href":"https:\/\/roveyayinevi.com.tr\/index.php\/wp-json\/wp\/v2\/product_tag?post=749809"}],"curies":[{"name":"wp","href":"https:\/\/api.w.org\/{rel}","templated":true}]}}