{"id":749808,"date":"2025-08-28T04:04:22","date_gmt":"2025-08-28T01:04:22","guid":{"rendered":"https:\/\/roveyayinevi.com.tr\/index.php\/urun\/rosario-vampire-tilsimli-kolye-ve-vampir-sezon-2-08\/"},"modified":"2026-04-16T03:03:11","modified_gmt":"2026-04-16T00:03:11","slug":"rosario-vampire-tilsimli-kolye-ve-vampir-sezon-2-08","status":"publish","type":"product","link":"https:\/\/roveyayinevi.com.tr\/index.php\/urun\/rosario-vampire-tilsimli-kolye-ve-vampir-sezon-2-08\/","title":{"rendered":"Rosario + Vampire &#8211; T\u0131ls\u0131ml\u0131 Kolye ve Vampir Sezon: 2 08"},"content":{"rendered":"<p>Moka?n\u0131n hat\u0131ralar\u0131n\u0131n i\u00e7ine dalan arkada\u015flar\u0131, onun gizemli ge\u00e7mi\u015fi ile kar\u015f\u0131 kar\u015f\u0131ya? Moka?n\u0131n \u00e7ocuklu\u011fu, ailesi, sahip oldu\u011fu muazzam g\u00fcc\u00fcn kayna\u011f\u0131, t\u0131ls\u0131ml\u0131 kolyenin s\u0131rr\u0131 ve merak edilen daha pek \u00e7ok soru yan\u0131t buluyor. T\u00fcm bunlar\u0131n Moka?n\u0131n annesi ve onun ger\u00e7ek kimli\u011fiyle olan ba\u011flant\u0131s\u0131 ne olabilir? Ba\u015fta Tsukune olmak \u00fczere herkesi \u015fa\u015fk\u0131na \u00e7eviren ger\u00e7ekler birer birer g\u00fcn y\u00fcz\u00fcne \u00e7\u0131k\u0131yor?.<\/p>\n","protected":false},"excerpt":{"rendered":"<p>Moka?n\u0131n hat\u0131ralar\u0131n\u0131n i\u00e7ine dalan arkada\u015flar\u0131, onun gizemli ge\u00e7mi\u015fi ile kar\u015f\u0131 kar\u015f\u0131ya? Moka?n\u0131n \u00e7ocuklu\u011fu, ailesi, sahip oldu\u011fu muazzam g\u00fcc\u00fcn kayna\u011f\u0131, t\u0131ls\u0131ml\u0131 kolyenin s\u0131rr\u0131 ve merak edilen daha<span class=\"excerpt-hellip\"> [\u2026]<\/span><\/p>\n","protected":false},"featured_media":0,"template":"","meta":{"_monsterinsights_skip_tracking":false,"_monsterinsights_sitenote_active":false,"_monsterinsights_sitenote_note":"","_monsterinsights_sitenote_category":0},"product_brand":[],"product_cat":[12416,12291],"product_tag":[],"class_list":{"0":"post-749808","1":"product","2":"type-product","3":"status-publish","5":"product_cat-cizgi-roman","6":"product_cat-edebiyat","7":"pa_cilt-ciltsiz","8":"pa_tur-kitap","9":"pa_yayinevi-akil-celen-kitaplar","10":"pa_yazar-akihisa-ikeda","12":"first","13":"instock","14":"sale","15":"shipping-taxable","16":"purchasable","17":"product-type-simple"},"_links":{"self":[{"href":"https:\/\/roveyayinevi.com.tr\/index.php\/wp-json\/wp\/v2\/product\/749808","targetHints":{"allow":["GET"]}}],"collection":[{"href":"https:\/\/roveyayinevi.com.tr\/index.php\/wp-json\/wp\/v2\/product"}],"about":[{"href":"https:\/\/roveyayinevi.com.tr\/index.php\/wp-json\/wp\/v2\/types\/product"}],"wp:attachment":[{"href":"https:\/\/roveyayinevi.com.tr\/index.php\/wp-json\/wp\/v2\/media?parent=749808"}],"wp:term":[{"taxonomy":"product_brand","embeddable":true,"href":"https:\/\/roveyayinevi.com.tr\/index.php\/wp-json\/wp\/v2\/product_brand?post=749808"},{"taxonomy":"product_cat","embeddable":true,"href":"https:\/\/roveyayinevi.com.tr\/index.php\/wp-json\/wp\/v2\/product_cat?post=749808"},{"taxonomy":"product_tag","embeddable":true,"href":"https:\/\/roveyayinevi.com.tr\/index.php\/wp-json\/wp\/v2\/product_tag?post=749808"}],"curies":[{"name":"wp","href":"https:\/\/api.w.org\/{rel}","templated":true}]}}