{"id":749807,"date":"2025-08-28T04:04:21","date_gmt":"2025-08-28T01:04:21","guid":{"rendered":"https:\/\/roveyayinevi.com.tr\/index.php\/urun\/babacigim-annecigim-bana-dinimi-sevdir\/"},"modified":"2026-04-16T03:03:11","modified_gmt":"2026-04-16T00:03:11","slug":"babacigim-annecigim-bana-dinimi-sevdir","status":"publish","type":"product","link":"https:\/\/roveyayinevi.com.tr\/index.php\/urun\/babacigim-annecigim-bana-dinimi-sevdir\/","title":{"rendered":"Babac\u0131\u011f\u0131m Anneci\u011fim Bana Dinimi Sevdir"},"content":{"rendered":"<p>\u00c7ocuklar\u0131n\u0131z\u0131 hepiniz \u00e7ok seviyorsunuz. T\u00fcm gayretiniz onlar\u0131n hem bu d\u00fcnyay\u0131 hem de ahireti anlaml\u0131 h\u00e2le getirmeleri. Dini, Peygamberimizi ve ibadetleri sevsinler istiyorsunuz. Bunlar\u0131 g\u00fczel aktaramamak sizi korkutuyor. Ve nereden ba\u015flayaca\u011f\u0131n\u0131z\u0131 bilemiyorsunuz. Bu kitap, g\u00fczel yavrular\u0131m\u0131za dinimizi sevdirmeniz i\u00e7in Sevgili Peygamberimizin (a.s.m.) y\u00fczy\u0131llara ta\u015fan g\u00fcven duygusu, \u00e7ocuk sevgisi ve y\u00f6nlendiricili\u011fiyle yaz\u0131ld\u0131. Nereden ba\u015flayaca\u011f\u0131n\u0131z\u0131, bildiklerinizi nas\u0131l aktaraca\u011f\u0131n\u0131z\u0131 anlat\u0131yor. Bunu bazen sizin elinizden tutarak bazen de \u00e7ocuklarla oynayaca\u011f\u0131n\u0131z oyunlarla yap\u0131yor. \u201cBabac\u0131\u011f\u0131m Anneci\u011fim Bana Dinimi Sevdir\u201d diyen yavrunuzu g\u00f6nl\u00fcn\u00fcze buyur edin, ahirette de bir arada ayn\u0131 muhabbetle bulu\u015fun diye\u2026 <\/p>\n","protected":false},"excerpt":{"rendered":"<p>\u00c7ocuklar\u0131n\u0131z\u0131 hepiniz \u00e7ok seviyorsunuz. T\u00fcm gayretiniz onlar\u0131n hem bu d\u00fcnyay\u0131 hem de ahireti anlaml\u0131 h\u00e2le getirmeleri. Dini, Peygamberimizi ve ibadetleri sevsinler istiyorsunuz. Bunlar\u0131 g\u00fczel aktaramamak sizi<span class=\"excerpt-hellip\"> [\u2026]<\/span><\/p>\n","protected":false},"featured_media":0,"template":"","meta":{"_monsterinsights_skip_tracking":false,"_monsterinsights_sitenote_active":false,"_monsterinsights_sitenote_note":"","_monsterinsights_sitenote_category":0},"product_brand":[],"product_cat":[12718,12719],"product_tag":[],"class_list":{"0":"post-749807","1":"product","2":"type-product","3":"status-publish","5":"product_cat-din","6":"product_cat-islam","7":"pa_cilt-ciltsiz","8":"pa_tur-kitap","9":"pa_yayinevi-nesil-yayinlari","10":"pa_yazar-seyda-apaydin","12":"first","13":"instock","14":"sale","15":"shipping-taxable","16":"purchasable","17":"product-type-simple"},"_links":{"self":[{"href":"https:\/\/roveyayinevi.com.tr\/index.php\/wp-json\/wp\/v2\/product\/749807","targetHints":{"allow":["GET"]}}],"collection":[{"href":"https:\/\/roveyayinevi.com.tr\/index.php\/wp-json\/wp\/v2\/product"}],"about":[{"href":"https:\/\/roveyayinevi.com.tr\/index.php\/wp-json\/wp\/v2\/types\/product"}],"wp:attachment":[{"href":"https:\/\/roveyayinevi.com.tr\/index.php\/wp-json\/wp\/v2\/media?parent=749807"}],"wp:term":[{"taxonomy":"product_brand","embeddable":true,"href":"https:\/\/roveyayinevi.com.tr\/index.php\/wp-json\/wp\/v2\/product_brand?post=749807"},{"taxonomy":"product_cat","embeddable":true,"href":"https:\/\/roveyayinevi.com.tr\/index.php\/wp-json\/wp\/v2\/product_cat?post=749807"},{"taxonomy":"product_tag","embeddable":true,"href":"https:\/\/roveyayinevi.com.tr\/index.php\/wp-json\/wp\/v2\/product_tag?post=749807"}],"curies":[{"name":"wp","href":"https:\/\/api.w.org\/{rel}","templated":true}]}}