{"id":749805,"date":"2025-08-28T04:04:18","date_gmt":"2025-08-28T01:04:18","guid":{"rendered":"https:\/\/roveyayinevi.com.tr\/index.php\/urun\/gecmisin-icinden\/"},"modified":"2025-10-22T08:50:43","modified_gmt":"2025-10-22T05:50:43","slug":"gecmisin-icinden","status":"publish","type":"product","link":"https:\/\/roveyayinevi.com.tr\/index.php\/urun\/gecmisin-icinden\/","title":{"rendered":"Ge\u00e7mi\u015fin \u0130\u00e7inden"},"content":{"rendered":"<p>\u201cK\u0131sa bir an durup gerisine bakmal\u0131. Zaman zaman i\u00e7 hesapla\u015fma gereklidir. Ya\u015fam san\u0131ld\u0131\u011f\u0131ndan uzun. K\u0131sa bile g\u00f6r\u00fcnse yeterli bir s\u00fcre\u00e7 insan i\u00e7in. K\u0131rk y\u0131l, elli y\u0131l, altm\u0131\u015f, yetmi\u015f y\u0131l ya\u015fam\u0131\u015fs\u0131n\u0131z. Hangi i\u015fte, u\u011fra\u015fta olursan\u0131z olun. Durup, bir soluk almak&#8230; Tek ba\u015f\u0131na kal\u0131p, kendini dinlemek&#8230; Arkada b\u0131rakt\u0131klar\u0131n\u0131 d\u00fc\u015f\u00fcnmek: \u0130nsanlar, olaylar, \u00f6zlemler, d\u00fc\u015fler&#8230; Neydi ya\u015fam\u0131n e\u015fi\u011finde kurdu\u011fun hayaller, umutlar? Ka\u00e7ta ka\u00e7\u0131 ger\u00e7ekle\u015fti, yoksa teki bile ger\u00e7ekle\u015fmedi mi? D\u00fcn, \u00f6nceki g\u00fcn, daha eski g\u00fcnler\u2026 Bir pencere \u00f6n\u00fcnde mi, bir park kanepesinde mi, yoksa kalabal\u0131k i\u00e7inde yap\u0131lan bir yolculuk an\u0131nda m\u0131? Ki\u015fi, kendisiyle hesapla\u015fmal\u0131 arada bir. S\u0131k s\u0131k de\u011fil. \u00d6ylesi dayan\u0131lmaz olur! Ama en umulmad\u0131k bir anda, bir yerde, bir ya\u015fam d\u00f6nemecinde&#8230;\u201d Edebiyat\u0131m\u0131z\u0131n b\u00fcy\u00fck ustas\u0131 Oktay Akbal, bu kitapta; ge\u00e7mi\u015fe, ge\u00e7mi\u015fin ancak an\u0131larda izleri kalm\u0131\u015f olaylar\u0131na, insanlar\u0131na, ya\u015fanm\u0131\u015fl\u0131klar\u0131na dair bir yolculu\u011fa \u00e7\u0131k\u0131yor; yine kitaplarla, yazarlarla, \u015fairlerle&#8230; Ve yine e\u015fsiz \u00fcslubuyla bizi de dahil ederek bu yolculu\u011funa&#8230;  <\/p>\n","protected":false},"excerpt":{"rendered":"<p>\u201cK\u0131sa bir an durup gerisine bakmal\u0131. Zaman zaman i\u00e7 hesapla\u015fma gereklidir. Ya\u015fam san\u0131ld\u0131\u011f\u0131ndan uzun. K\u0131sa bile g\u00f6r\u00fcnse yeterli bir s\u00fcre\u00e7 insan i\u00e7in. K\u0131rk y\u0131l, elli y\u0131l,<span class=\"excerpt-hellip\"> [\u2026]<\/span><\/p>\n","protected":false},"featured_media":0,"template":"","meta":{"_monsterinsights_skip_tracking":false,"_monsterinsights_sitenote_active":false,"_monsterinsights_sitenote_note":"","_monsterinsights_sitenote_category":0},"product_brand":[],"product_cat":[12777,12291],"product_tag":[],"class_list":{"0":"post-749805","1":"product","2":"type-product","3":"status-publish","5":"product_cat-deneme","6":"product_cat-edebiyat","7":"pa_cilt-ciltsiz","8":"pa_tur-kitap","9":"pa_yayinevi-telgrafhane-yayinlari","10":"pa_yazar-oktay-akbal","12":"first","13":"instock","14":"sale","15":"shipping-taxable","16":"purchasable","17":"product-type-simple"},"_links":{"self":[{"href":"https:\/\/roveyayinevi.com.tr\/index.php\/wp-json\/wp\/v2\/product\/749805","targetHints":{"allow":["GET"]}}],"collection":[{"href":"https:\/\/roveyayinevi.com.tr\/index.php\/wp-json\/wp\/v2\/product"}],"about":[{"href":"https:\/\/roveyayinevi.com.tr\/index.php\/wp-json\/wp\/v2\/types\/product"}],"wp:attachment":[{"href":"https:\/\/roveyayinevi.com.tr\/index.php\/wp-json\/wp\/v2\/media?parent=749805"}],"wp:term":[{"taxonomy":"product_brand","embeddable":true,"href":"https:\/\/roveyayinevi.com.tr\/index.php\/wp-json\/wp\/v2\/product_brand?post=749805"},{"taxonomy":"product_cat","embeddable":true,"href":"https:\/\/roveyayinevi.com.tr\/index.php\/wp-json\/wp\/v2\/product_cat?post=749805"},{"taxonomy":"product_tag","embeddable":true,"href":"https:\/\/roveyayinevi.com.tr\/index.php\/wp-json\/wp\/v2\/product_tag?post=749805"}],"curies":[{"name":"wp","href":"https:\/\/api.w.org\/{rel}","templated":true}]}}