{"id":749804,"date":"2025-08-28T04:04:16","date_gmt":"2025-08-28T01:04:16","guid":{"rendered":"https:\/\/roveyayinevi.com.tr\/index.php\/urun\/sir-sahibine-verilir\/"},"modified":"2026-04-16T03:03:11","modified_gmt":"2026-04-16T00:03:11","slug":"sir-sahibine-verilir","status":"publish","type":"product","link":"https:\/\/roveyayinevi.com.tr\/index.php\/urun\/sir-sahibine-verilir\/","title":{"rendered":"S\u0131r Sahibine Verilir"},"content":{"rendered":"<p>MUC\u0130ZEY\u0130 \u0130\u00c7\u0130NDE ARA \u00c7\u00dcNK\u00dc MUC\u0130ZE SENS\u0130N   \u201c\u0130lim ve hikmet, m\u00fcminin kaybolmu\u015f mal\u0131d\u0131r, onu nerede bulursa hemen als\u0131n.\u201d \u2013 Hz. Muhammed (sav)   De\u011ferli okuyucum i\u015fte bu eser Rabb\u2019inin s\u0131rlar\u0131na ula\u015facak yolu bulman i\u00e7in, \u201cBizlere seni buldur Rabbim!\u201d demem \u00fczerine Ya Kudd\u00fcs, Ya Melik, Ya Alim olan Allah (cc) ilham\u0131yla yaz\u0131ld\u0131. D\u00fcnyaya geli\u015f amac\u0131ndan ba\u015flayarak, kullu\u011funun \u00f6l\u00e7\u00fclmesinin i\u015fareti olan d\u00fcnya imtihanlar\u0131n\u0131 kolayl\u0131kla \u00e7\u00f6zebilmen i\u00e7in Z\u00fcl Celali Vel \u0130kram olan Rabb\u2019imizden ilhamla yaz\u0131ld\u0131. O senin ac\u0131lar\u0131n\u0131, korkular\u0131n\u0131, kayg\u0131lar\u0131n\u0131, h\u00fcz\u00fcnlerini, hastal\u0131klar\u0131n\u0131, t\u00fcm sorunlar\u0131n\u0131 biliyor, \u00e7\u00fcnk\u00fc O, Ya Habir\u2019dir, herkesin kalbinden ge\u00e7eni bilir. Bize \u015fimdi izin ver, t\u00fcm h\u00fcz\u00fcnlerinin giderilmesine bu eserle vesile olal\u0131m. Rabb\u2019in Kerim s\u0131fat\u0131na, \u201cZ\u00fcl Celali Vel \u0130kram\u201d oldu\u011funa bizlerle \u015fahit ol. Bug\u00fcnden sonra s\u00f6z veriyorum kimse seni \u00fczemeyecektir. \u00c7\u00fcnk\u00fc: \u201cAllah (cc) bize yeter. O ne g\u00fczel Vekil\u2019dir.\u201d <\/p>\n","protected":false},"excerpt":{"rendered":"<p>MUC\u0130ZEY\u0130 \u0130\u00c7\u0130NDE ARA \u00c7\u00dcNK\u00dc MUC\u0130ZE SENS\u0130N \u201c\u0130lim ve hikmet, m\u00fcminin kaybolmu\u015f mal\u0131d\u0131r, onu nerede bulursa hemen als\u0131n.\u201d \u2013 Hz. Muhammed (sav) De\u011ferli okuyucum i\u015fte bu eser<span class=\"excerpt-hellip\"> [\u2026]<\/span><\/p>\n","protected":false},"featured_media":0,"template":"","meta":{"_monsterinsights_skip_tracking":false,"_monsterinsights_sitenote_active":false,"_monsterinsights_sitenote_note":"","_monsterinsights_sitenote_category":0},"product_brand":[],"product_cat":[12718,12719,15238],"product_tag":[],"class_list":{"0":"post-749804","1":"product","2":"type-product","3":"status-publish","5":"product_cat-din","6":"product_cat-islam","7":"product_cat-tasavvuf","8":"pa_cilt-ciltsiz","9":"pa_tur-kitap","10":"pa_yayinevi-destek-yayinlari","11":"pa_yazar-hulya-gozacan","13":"first","14":"instock","15":"sale","16":"shipping-taxable","17":"purchasable","18":"product-type-simple"},"_links":{"self":[{"href":"https:\/\/roveyayinevi.com.tr\/index.php\/wp-json\/wp\/v2\/product\/749804","targetHints":{"allow":["GET"]}}],"collection":[{"href":"https:\/\/roveyayinevi.com.tr\/index.php\/wp-json\/wp\/v2\/product"}],"about":[{"href":"https:\/\/roveyayinevi.com.tr\/index.php\/wp-json\/wp\/v2\/types\/product"}],"wp:attachment":[{"href":"https:\/\/roveyayinevi.com.tr\/index.php\/wp-json\/wp\/v2\/media?parent=749804"}],"wp:term":[{"taxonomy":"product_brand","embeddable":true,"href":"https:\/\/roveyayinevi.com.tr\/index.php\/wp-json\/wp\/v2\/product_brand?post=749804"},{"taxonomy":"product_cat","embeddable":true,"href":"https:\/\/roveyayinevi.com.tr\/index.php\/wp-json\/wp\/v2\/product_cat?post=749804"},{"taxonomy":"product_tag","embeddable":true,"href":"https:\/\/roveyayinevi.com.tr\/index.php\/wp-json\/wp\/v2\/product_tag?post=749804"}],"curies":[{"name":"wp","href":"https:\/\/api.w.org\/{rel}","templated":true}]}}