{"id":749802,"date":"2025-08-28T04:04:13","date_gmt":"2025-08-28T01:04:13","guid":{"rendered":"https:\/\/roveyayinevi.com.tr\/index.php\/urun\/korkmayin-cunku-ben-sizinleyim\/"},"modified":"2026-04-16T03:03:11","modified_gmt":"2026-04-16T00:03:11","slug":"korkmayin-cunku-ben-sizinleyim","status":"publish","type":"product","link":"https:\/\/roveyayinevi.com.tr\/index.php\/urun\/korkmayin-cunku-ben-sizinleyim\/","title":{"rendered":"Korkmay\u0131n \u00c7\u00fcnk\u00fc Ben Sizinleyim"},"content":{"rendered":"<p>DERD\u0130 VEREN DERMANI DA VER\u0130R. Allah\u2019\u0131n kurtulu\u015f kanunu seni b\u00fct\u00fcn s\u0131k\u0131nt\u0131lar\u0131ndan kurtar\u0131r. Bu kanun t\u00fcm iyi kullar i\u00e7indir. Sana kanunun s\u0131rr\u0131n\u0131 veriyorum. Onunla huzura ula\u015f\u0131r ve b\u00fct\u00fcn dertlerinden kurtulursun. Derdi veren derman\u0131n\u0131 da nas\u0131l yarat\u0131r bunu \u00f6\u011frendi\u011finde hayat\u0131n mutlulu\u011fa d\u00f6n\u00fc\u015fecektir. Allah De \u00d6tesini B\u0131rak kitab\u0131yla T\u00fcrkiye ve d\u00fcnyada milyonlarca okura ula\u015fan, T\u00fcrkiye\u2019de \u00e7ok satan kitaplar s\u0131ralamas\u0131nda aylarca listenin ba\u015f\u0131nda kalmay\u0131 ba\u015faran, eserleri Almanca ve \u0130ngilizceye de \u00e7evrilen yazar U\u011fur Ko\u015far, KORKMAYIN \u00c7\u00dcNK\u00dc BEN S\u0130Z\u0130NLEY\u0130M adl\u0131 bu \u00e7ok beklenen kitab\u0131nda, dert ile derman aras\u0131ndaki kutsal ba\u011f\u0131n kanunlar\u0131n\u0131 yine yal\u0131n, anla\u015f\u0131l\u0131r ve naif bir dille kaleme ald\u0131. <\/p>\n","protected":false},"excerpt":{"rendered":"<p>DERD\u0130 VEREN DERMANI DA VER\u0130R. Allah\u2019\u0131n kurtulu\u015f kanunu seni b\u00fct\u00fcn s\u0131k\u0131nt\u0131lar\u0131ndan kurtar\u0131r. Bu kanun t\u00fcm iyi kullar i\u00e7indir. Sana kanunun s\u0131rr\u0131n\u0131 veriyorum. Onunla huzura ula\u015f\u0131r ve<span class=\"excerpt-hellip\"> [\u2026]<\/span><\/p>\n","protected":false},"featured_media":0,"template":"","meta":{"_monsterinsights_skip_tracking":false,"_monsterinsights_sitenote_active":false,"_monsterinsights_sitenote_note":"","_monsterinsights_sitenote_category":0},"product_brand":[],"product_cat":[12718,12719,15238],"product_tag":[],"class_list":{"0":"post-749802","1":"product","2":"type-product","3":"status-publish","5":"product_cat-din","6":"product_cat-islam","7":"product_cat-tasavvuf","8":"pa_cilt-ciltsiz","9":"pa_tur-kitap","10":"pa_yayinevi-destek-yayinlari","11":"pa_yazar-ugur-kosar","13":"first","14":"instock","15":"sale","16":"shipping-taxable","17":"purchasable","18":"product-type-simple"},"_links":{"self":[{"href":"https:\/\/roveyayinevi.com.tr\/index.php\/wp-json\/wp\/v2\/product\/749802","targetHints":{"allow":["GET"]}}],"collection":[{"href":"https:\/\/roveyayinevi.com.tr\/index.php\/wp-json\/wp\/v2\/product"}],"about":[{"href":"https:\/\/roveyayinevi.com.tr\/index.php\/wp-json\/wp\/v2\/types\/product"}],"wp:attachment":[{"href":"https:\/\/roveyayinevi.com.tr\/index.php\/wp-json\/wp\/v2\/media?parent=749802"}],"wp:term":[{"taxonomy":"product_brand","embeddable":true,"href":"https:\/\/roveyayinevi.com.tr\/index.php\/wp-json\/wp\/v2\/product_brand?post=749802"},{"taxonomy":"product_cat","embeddable":true,"href":"https:\/\/roveyayinevi.com.tr\/index.php\/wp-json\/wp\/v2\/product_cat?post=749802"},{"taxonomy":"product_tag","embeddable":true,"href":"https:\/\/roveyayinevi.com.tr\/index.php\/wp-json\/wp\/v2\/product_tag?post=749802"}],"curies":[{"name":"wp","href":"https:\/\/api.w.org\/{rel}","templated":true}]}}