{"id":749800,"date":"2025-08-28T04:04:10","date_gmt":"2025-08-28T01:04:10","guid":{"rendered":"https:\/\/roveyayinevi.com.tr\/index.php\/urun\/bu-isiltili-hayati-ben-secmedim\/"},"modified":"2026-04-08T03:09:19","modified_gmt":"2026-04-08T00:09:19","slug":"bu-isiltili-hayati-ben-secmedim","status":"publish","type":"product","link":"https:\/\/roveyayinevi.com.tr\/index.php\/urun\/bu-isiltili-hayati-ben-secmedim\/","title":{"rendered":"Bu I\u015f\u0131lt\u0131l\u0131 Hayat\u0131 Ben Se\u00e7medim"},"content":{"rendered":"<p>\u00c7ok okunan \u00e7ocuk kitaplar\u0131n\u0131n yazar\u0131 Mehmet Erkan bu kez, komik mi komik, heyecanl\u0131 m\u0131 heyecanl\u0131 bir maceraya davet ediyor sizi. Hik\u00e2yenin kahraman\u0131 Erkan, Ferit\u2019in okula d\u00f6n\u00fc\u015f partisine engel olmak i\u00e7in bir plan yap\u0131yor. Tayfas\u0131n\u0131 yan\u0131na al\u0131p alternatif olarak bir maskeli mangal partisi d\u00fczenlemeye karar veriyor fakat i\u015fler hi\u00e7 de d\u00fc\u015f\u00fcnd\u00fc\u011f\u00fc gibi gitmiyor, hatta kontrolden \u00e7\u0131k\u0131yor, ortal\u0131k kar\u0131\u015f\u0131yor. Bakal\u0131m Erkan kendi elleriyle organize etti\u011fi bu karma\u015fadan s\u0131yr\u0131lmay\u0131 ba\u015farabilecek mi? Dostlar\u0131 \u00d6zge, Yakup, Murat ve Mustafa ya\u015fananlar kar\u015f\u0131s\u0131nda ne yapacaklar? Siz de \u00fcnl\u00fc futbolcularla d\u00fc\u011f\u00fcnde halay \u00e7ekmek, sinek ilac\u0131 s\u0131kan araban\u0131n pe\u015finde ko\u015fmak, k\u0131zlarla erkeklerin g\u00fc\u00e7lerini birle\u015ftirdi\u011finde neler yapabildiklerini g\u00f6rmek ve kahkahalara bo\u011fulmak isterseniz sayfalar\u0131 \u00e7evirmeye ba\u015flay\u0131n.<\/p>\n","protected":false},"excerpt":{"rendered":"<p>\u00c7ok okunan \u00e7ocuk kitaplar\u0131n\u0131n yazar\u0131 Mehmet Erkan bu kez, komik mi komik, heyecanl\u0131 m\u0131 heyecanl\u0131 bir maceraya davet ediyor sizi. Hik\u00e2yenin kahraman\u0131 Erkan, Ferit\u2019in okula d\u00f6n\u00fc\u015f<span class=\"excerpt-hellip\"> [\u2026]<\/span><\/p>\n","protected":false},"featured_media":0,"template":"","meta":{"_monsterinsights_skip_tracking":false,"_monsterinsights_sitenote_active":false,"_monsterinsights_sitenote_note":"","_monsterinsights_sitenote_category":0},"product_brand":[],"product_cat":[12274,12284],"product_tag":[],"class_list":{"0":"post-749800","1":"product","2":"type-product","3":"status-publish","5":"product_cat-cocuk-ve-genclik-kitaplari","6":"product_cat-hikayeler","7":"pa_cilt-ciltsiz","8":"pa_tur-kitap","9":"pa_yayinevi-destek-yayinlari","10":"pa_yazar-mehmet-erkan","12":"first","13":"instock","14":"sale","15":"shipping-taxable","16":"purchasable","17":"product-type-simple"},"_links":{"self":[{"href":"https:\/\/roveyayinevi.com.tr\/index.php\/wp-json\/wp\/v2\/product\/749800","targetHints":{"allow":["GET"]}}],"collection":[{"href":"https:\/\/roveyayinevi.com.tr\/index.php\/wp-json\/wp\/v2\/product"}],"about":[{"href":"https:\/\/roveyayinevi.com.tr\/index.php\/wp-json\/wp\/v2\/types\/product"}],"wp:attachment":[{"href":"https:\/\/roveyayinevi.com.tr\/index.php\/wp-json\/wp\/v2\/media?parent=749800"}],"wp:term":[{"taxonomy":"product_brand","embeddable":true,"href":"https:\/\/roveyayinevi.com.tr\/index.php\/wp-json\/wp\/v2\/product_brand?post=749800"},{"taxonomy":"product_cat","embeddable":true,"href":"https:\/\/roveyayinevi.com.tr\/index.php\/wp-json\/wp\/v2\/product_cat?post=749800"},{"taxonomy":"product_tag","embeddable":true,"href":"https:\/\/roveyayinevi.com.tr\/index.php\/wp-json\/wp\/v2\/product_tag?post=749800"}],"curies":[{"name":"wp","href":"https:\/\/api.w.org\/{rel}","templated":true}]}}