{"id":749799,"date":"2025-08-28T04:04:09","date_gmt":"2025-08-28T01:04:09","guid":{"rendered":"https:\/\/roveyayinevi.com.tr\/index.php\/urun\/bir-agacin-gunlugu\/"},"modified":"2026-04-16T03:03:11","modified_gmt":"2026-04-16T00:03:11","slug":"bir-agacin-gunlugu","status":"publish","type":"product","link":"https:\/\/roveyayinevi.com.tr\/index.php\/urun\/bir-agacin-gunlugu\/","title":{"rendered":"Bir A\u011fac\u0131n G\u00fcnl\u00fc\u011f\u00fc"},"content":{"rendered":"<p>\u201cTristan koymu\u015flar ad\u0131m\u0131. Tam \u00fc\u00e7 y\u00fcz ya\u015f\u0131nday\u0131m.\u0130nsan duygular\u0131n\u0131n her \u00e7e\u015fidini tan\u0131d\u0131m ve bir \u015fafak vakti yere y\u0131\u011f\u0131ld\u0131m. K\u00f6klerimin aras\u0131na s\u00fcz\u00fclen \u0131\u015f\u0131\u011f\u0131n ve topra\u011fa de\u011fen dallar\u0131m\u0131n haberini postac\u0131dan ald\u0131m.Onun g\u00f6zlerinden, kendimi yolun kar\u015f\u0131s\u0131nda, yere y\u0131k\u0131lm\u0131\u015f bir h\u00e2lde g\u00f6rd\u00fcm. Doktor Lannes\u2019in iki armut a\u011fac\u0131ndan biriydim. Ben onun en de\u011ferli varl\u0131\u011f\u0131, bir hat\u0131ran\u0131n canl\u0131 an\u0131t\u0131yd\u0131m. Aram\u0131zdaki bu ba\u011f ve dostluk yeniden var olabilir mi, bilmiyorum. \u00d6l\u00fcmden sonraki ya\u015famda a\u011fa\u00e7lar ve insanlar da birbirine kavu\u015fur mu?\u201d \u00dc\u00e7 y\u00fcz ya\u015f\u0131ndaki Tristan, insanlarla i\u00e7 i\u00e7e ge\u00e7irdi\u011fi uzun y\u0131llar s\u00fcresince onlar\u0131n t\u00fcm duygular\u0131n\u0131 deneyimlemi\u015f bir armut a\u011fac\u0131d\u0131r. Sert bir f\u0131rt\u0131nan\u0131n ard\u0131ndan devrildi\u011finde bilinci, onu toprakla bulu\u015fturan k\u00f6klerinden kurtulup k\u00fc\u00e7\u00fck bir k\u0131z\u0131n kendi k\u00fct\u00fc\u011f\u00fcne oydu\u011fu heykele ge\u00e7er. Bu s\u00fcre\u00e7te Tristan, ge\u00e7mi\u015finin g\u00f6lgeleriyle y\u00fczle\u015fmeye ba\u015flar; kurumu\u015f dallar\u0131yla yak\u0131lan bir cad\u0131, yan\u0131 ba\u015f\u0131nda intihar eden gen\u00e7 bir \u015fair ve k\u00fc\u00e7\u00fck bir \u00e7ocu\u011fun \u00f6l\u00fcm\u00fcne sebep olan kur\u015fun&#8230; \u00d6l\u00fcm\u00fcn\u00fcn ard\u0131ndan, var olu\u015funun en yak\u0131n \u015fahidi iki \u00e2\u015f\u0131\u011f\u0131n beraberliklerine e\u015flik ederken zihninin derinliklerine do\u011fru bir yolculu\u011fa \u00e7\u0131kar ve o ka\u00e7\u0131n\u0131lmaz sorunun yan\u0131t\u0131n\u0131 arar: \u201cNeden h\u00e2l\u00e2 hayattay\u0131m?\u201d Bir A\u011fac\u0131n G\u00fcnl\u00fc\u011f\u00fc tabiat\u0131, d\u00fcnyay\u0131 ve insanlar\u0131 bamba\u015fka bir perspektiften, dokunakl\u0131 bir dille ele alan benzersiz bir yap\u0131t&#8230; Ba\u015ftan sona bir a\u011fac\u0131n dilinden aktar\u0131lan bu sat\u0131rlar, okuyan herkesi de\u011fi\u015ftirip do\u011faya yeni bir g\u00f6zle bakmay\u0131 \u00f6\u011freten bir t\u0131ls\u0131m.<\/p>\n","protected":false},"excerpt":{"rendered":"<p>\u201cTristan koymu\u015flar ad\u0131m\u0131. Tam \u00fc\u00e7 y\u00fcz ya\u015f\u0131nday\u0131m.\u0130nsan duygular\u0131n\u0131n her \u00e7e\u015fidini tan\u0131d\u0131m ve bir \u015fafak vakti yere y\u0131\u011f\u0131ld\u0131m. K\u00f6klerimin aras\u0131na s\u00fcz\u00fclen \u0131\u015f\u0131\u011f\u0131n ve topra\u011fa de\u011fen dallar\u0131m\u0131n haberini<span class=\"excerpt-hellip\"> [\u2026]<\/span><\/p>\n","protected":false},"featured_media":0,"template":"","meta":{"_monsterinsights_skip_tracking":false,"_monsterinsights_sitenote_active":false,"_monsterinsights_sitenote_note":"","_monsterinsights_sitenote_category":0},"product_brand":[],"product_cat":[12291,13376],"product_tag":[],"class_list":{"0":"post-749799","1":"product","2":"type-product","3":"status-publish","5":"product_cat-edebiyat","6":"product_cat-fransiz-edebiyati","7":"pa_cilt-ciltsiz","8":"pa_tur-kitap","9":"pa_yayinevi-kafka-yayinevi","10":"pa_yazar-didier-van-cauwelaert","12":"first","13":"instock","14":"sale","15":"shipping-taxable","16":"purchasable","17":"product-type-simple"},"_links":{"self":[{"href":"https:\/\/roveyayinevi.com.tr\/index.php\/wp-json\/wp\/v2\/product\/749799","targetHints":{"allow":["GET"]}}],"collection":[{"href":"https:\/\/roveyayinevi.com.tr\/index.php\/wp-json\/wp\/v2\/product"}],"about":[{"href":"https:\/\/roveyayinevi.com.tr\/index.php\/wp-json\/wp\/v2\/types\/product"}],"wp:attachment":[{"href":"https:\/\/roveyayinevi.com.tr\/index.php\/wp-json\/wp\/v2\/media?parent=749799"}],"wp:term":[{"taxonomy":"product_brand","embeddable":true,"href":"https:\/\/roveyayinevi.com.tr\/index.php\/wp-json\/wp\/v2\/product_brand?post=749799"},{"taxonomy":"product_cat","embeddable":true,"href":"https:\/\/roveyayinevi.com.tr\/index.php\/wp-json\/wp\/v2\/product_cat?post=749799"},{"taxonomy":"product_tag","embeddable":true,"href":"https:\/\/roveyayinevi.com.tr\/index.php\/wp-json\/wp\/v2\/product_tag?post=749799"}],"curies":[{"name":"wp","href":"https:\/\/api.w.org\/{rel}","templated":true}]}}