{"id":749798,"date":"2025-08-28T04:04:07","date_gmt":"2025-08-28T01:04:07","guid":{"rendered":"https:\/\/roveyayinevi.com.tr\/index.php\/urun\/karanliklar-cagi\/"},"modified":"2026-04-16T03:03:11","modified_gmt":"2026-04-16T00:03:11","slug":"karanliklar-cagi","status":"publish","type":"product","link":"https:\/\/roveyayinevi.com.tr\/index.php\/urun\/karanliklar-cagi\/","title":{"rendered":"Karanl\u0131klar \u00c7a\u011f\u0131"},"content":{"rendered":"<p>\u201cYalanlar\u0131yla tuza\u011fa d\u00fc\u015f\u00fcrecek t\u00fcm d\u00fcnyay\u0131 bir D\u00fczenbaz, \u00d6l\u00fcm\u00fcn soluk eline d\u00fc\u015fecek t\u00fcm g\u00fcnahk\u00e2rlar, Dirilecek topra\u011f\u0131n alt\u0131nda uyuyan, Ve beraberlerinde getirecekler karanl\u0131\u011f\u0131&#8230;\u201d   Nesiller boyunca Yedi K\u00e2hin, insanl\u0131\u011fa rehberlik etti. Gelecekle ilgili \u00f6ng\u00f6r\u00fclerini kullanarak sava\u015flar\u0131 sona erdirdiler ve uluslar\u0131 birle\u015ftirdiler&#8230; Ta ki bir as\u0131r \u00f6nce, arkalar\u0131nda son bir kehanet b\u0131rakarak ortadan kaybolduklar\u0131 g\u00fcne kadar&#8230;   Geriye b\u0131rakt\u0131klar\u0131, bir Karanl\u0131klar \u00c7a\u011f\u0131 ve d\u00fcnyan\u0131n kurtulu\u015fu olabilecek yeni bir K\u00e2hin\u2019in do\u011fu\u015funu \u00f6nceden bildiren son bir gizli kehanetti&#8230; Kehanetin alametleri ortaya \u00e7\u0131karken birbirleri ile hi\u00e7bir ortak noktas\u0131 olmayan be\u015f ruhun, kaderleri de birbirine ba\u011flan\u0131yor: Krall\u0131\u011f\u0131ndan s\u00fcrg\u00fcn edilmi\u015f bir prens&#8230; \u201cSoluk El\u201d olarak bilinen ac\u0131mas\u0131z bir katil&#8230; G\u00f6revi ve kalbi aras\u0131nda kalan bir zamanlar sad\u0131k bir lider&#8230;   Herhangi bir \u015feyi veya herhangi birini bulma g\u00fcc\u00fcne sahip pervas\u0131z bir kumarbaz&#8230; Ve pes etmek \u00fczere olan, \u00f6l\u00fcm\u00fcn k\u0131y\u0131s\u0131nda bir k\u0131z&#8230; Onlardan biri ya da hepsi d\u00fcnyay\u0131 alt\u00fcst edebilir. Kurtar\u0131c\u0131 m\u0131 yoksa yok edici mi olacaklar?<\/p>\n","protected":false},"excerpt":{"rendered":"<p>\u201cYalanlar\u0131yla tuza\u011fa d\u00fc\u015f\u00fcrecek t\u00fcm d\u00fcnyay\u0131 bir D\u00fczenbaz, \u00d6l\u00fcm\u00fcn soluk eline d\u00fc\u015fecek t\u00fcm g\u00fcnahk\u00e2rlar, Dirilecek topra\u011f\u0131n alt\u0131nda uyuyan, Ve beraberlerinde getirecekler karanl\u0131\u011f\u0131&#8230;\u201d Nesiller boyunca Yedi K\u00e2hin, insanl\u0131\u011fa<span class=\"excerpt-hellip\"> [\u2026]<\/span><\/p>\n","protected":false},"featured_media":0,"template":"","meta":{"_monsterinsights_skip_tracking":false,"_monsterinsights_sitenote_active":false,"_monsterinsights_sitenote_note":"","_monsterinsights_sitenote_category":0},"product_brand":[],"product_cat":[12291,12711],"product_tag":[],"class_list":{"0":"post-749798","1":"product","2":"type-product","3":"status-publish","5":"product_cat-edebiyat","6":"product_cat-roman-oyku","7":"pa_cilt-ciltsiz","8":"pa_tur-kitap","9":"pa_yayinevi-epsilon-yayinlari","10":"pa_yazar-katy-rose-pool","12":"first","13":"instock","14":"sale","15":"shipping-taxable","16":"purchasable","17":"product-type-simple"},"_links":{"self":[{"href":"https:\/\/roveyayinevi.com.tr\/index.php\/wp-json\/wp\/v2\/product\/749798","targetHints":{"allow":["GET"]}}],"collection":[{"href":"https:\/\/roveyayinevi.com.tr\/index.php\/wp-json\/wp\/v2\/product"}],"about":[{"href":"https:\/\/roveyayinevi.com.tr\/index.php\/wp-json\/wp\/v2\/types\/product"}],"wp:attachment":[{"href":"https:\/\/roveyayinevi.com.tr\/index.php\/wp-json\/wp\/v2\/media?parent=749798"}],"wp:term":[{"taxonomy":"product_brand","embeddable":true,"href":"https:\/\/roveyayinevi.com.tr\/index.php\/wp-json\/wp\/v2\/product_brand?post=749798"},{"taxonomy":"product_cat","embeddable":true,"href":"https:\/\/roveyayinevi.com.tr\/index.php\/wp-json\/wp\/v2\/product_cat?post=749798"},{"taxonomy":"product_tag","embeddable":true,"href":"https:\/\/roveyayinevi.com.tr\/index.php\/wp-json\/wp\/v2\/product_tag?post=749798"}],"curies":[{"name":"wp","href":"https:\/\/api.w.org\/{rel}","templated":true}]}}