{"id":749795,"date":"2025-08-28T04:04:04","date_gmt":"2025-08-28T01:04:04","guid":{"rendered":"https:\/\/roveyayinevi.com.tr\/index.php\/urun\/ciftlik-anatomisi\/"},"modified":"2026-04-16T03:03:11","modified_gmt":"2026-04-16T00:03:11","slug":"ciftlik-anatomisi","status":"publish","type":"product","link":"https:\/\/roveyayinevi.com.tr\/index.php\/urun\/ciftlik-anatomisi\/","title":{"rendered":"\u00c7iftlik Anatomisi"},"content":{"rendered":"<p>TAVUKTAN KARABU\u011eDAYA, YELEDEN TIRMI\u011eA KADAR HER \u015eEY Julia Rothman\u2019\u0131n e\u011flenceli ve bilgilendirici \u00e7izimleriyle \u00e7iftlik ya\u015fam\u0131na dair muhte\u015fem bir g\u00f6rsel tur&#8230; \u00c7izimleri, diyagramlar\u0131, detayl\u0131 a\u00e7\u0131klamalar\u0131 ile Rothman, sa\u011f\u0131m makinesinin par\u00e7alar\u0131ndan domuzun anatomisine, tarlan\u0131n nas\u0131l su\u0308ru\u0308lmesi gerekti\u011finden koyunun nas\u0131l k\u0131rk\u0131laca\u011f\u0131na kadar her \u015feyi anlat\u0131yor. Ke\u015ffedilecek ne kadar \u00e7ok \u015fey oldu\u011funa inanamayacaks\u0131n\u0131z. <\/p>\n","protected":false},"excerpt":{"rendered":"<p>TAVUKTAN KARABU\u011eDAYA, YELEDEN TIRMI\u011eA KADAR HER \u015eEY Julia Rothman\u2019\u0131n e\u011flenceli ve bilgilendirici \u00e7izimleriyle \u00e7iftlik ya\u015fam\u0131na dair muhte\u015fem bir g\u00f6rsel tur&#8230; \u00c7izimleri, diyagramlar\u0131, detayl\u0131 a\u00e7\u0131klamalar\u0131 ile Rothman,<span class=\"excerpt-hellip\"> [\u2026]<\/span><\/p>\n","protected":false},"featured_media":0,"template":"","meta":{"_monsterinsights_skip_tracking":false,"_monsterinsights_sitenote_active":false,"_monsterinsights_sitenote_note":"","_monsterinsights_sitenote_category":0},"product_brand":[],"product_cat":[12274,15842],"product_tag":[],"class_list":{"0":"post-749795","1":"product","2":"type-product","3":"status-publish","5":"product_cat-cocuk-ve-genclik-kitaplari","6":"product_cat-egitici-kitaplar","7":"pa_cilt-ciltsiz","8":"pa_tur-kitap","9":"pa_yayinevi-odtu-gelistirme-vakfi-yayincilik","10":"pa_yazar-julia-rothman","12":"first","13":"instock","14":"sale","15":"shipping-taxable","16":"purchasable","17":"product-type-simple"},"_links":{"self":[{"href":"https:\/\/roveyayinevi.com.tr\/index.php\/wp-json\/wp\/v2\/product\/749795","targetHints":{"allow":["GET"]}}],"collection":[{"href":"https:\/\/roveyayinevi.com.tr\/index.php\/wp-json\/wp\/v2\/product"}],"about":[{"href":"https:\/\/roveyayinevi.com.tr\/index.php\/wp-json\/wp\/v2\/types\/product"}],"wp:attachment":[{"href":"https:\/\/roveyayinevi.com.tr\/index.php\/wp-json\/wp\/v2\/media?parent=749795"}],"wp:term":[{"taxonomy":"product_brand","embeddable":true,"href":"https:\/\/roveyayinevi.com.tr\/index.php\/wp-json\/wp\/v2\/product_brand?post=749795"},{"taxonomy":"product_cat","embeddable":true,"href":"https:\/\/roveyayinevi.com.tr\/index.php\/wp-json\/wp\/v2\/product_cat?post=749795"},{"taxonomy":"product_tag","embeddable":true,"href":"https:\/\/roveyayinevi.com.tr\/index.php\/wp-json\/wp\/v2\/product_tag?post=749795"}],"curies":[{"name":"wp","href":"https:\/\/api.w.org\/{rel}","templated":true}]}}