{"id":749794,"date":"2025-08-28T04:04:02","date_gmt":"2025-08-28T01:04:02","guid":{"rendered":"https:\/\/roveyayinevi.com.tr\/index.php\/urun\/hayat-yesil-isik\/"},"modified":"2026-04-16T03:03:11","modified_gmt":"2026-04-16T00:03:11","slug":"hayat-yesil-isik","status":"publish","type":"product","link":"https:\/\/roveyayinevi.com.tr\/index.php\/urun\/hayat-yesil-isik\/","title":{"rendered":"Hayat Ye\u015fil I\u015f\u0131k"},"content":{"rendered":"<p>\u00d6nlenebilir bir halk sa\u011fl\u0131\u011f\u0131 sorunu olan ve g\u00fcvenli sistem yakla\u015f\u0131m\u0131 ile \u00e7\u00f6z\u00fcm\u00fc m\u00fcmk\u00fcn TRAF\u0130K konusunda bir can kayb\u0131 bile fazla. Ne yaz\u0131k ki \u00f6l\u00fcml\u00fc trafik kazalar\u0131nda d\u00fcnyada dokuzuncu s\u0131raday\u0131z. Ge\u00e7en y\u0131l T\u00fcrkiye\u2019de 2.422 D\u00fcnya\u2019da 1,3 milyon insan trafik kazalar\u0131nda hayat\u0131n\u0131 kaybetti. Oysa Avustralya, Hollanda, \u0130sve\u00e7, \u0130ngiltere gibi trafik sorununu \u00e7\u00f6zen \u00fclkeler var.  Bu ger\u00e7eklerden yola \u00e7\u0131karak \u00fclkemizde trafik konulu ilk \u00e7ocuk roman\u0131 yaz\u0131ld\u0131. Her ya\u015ftan insan\u0131n her zaman kar\u015f\u0131 kar\u015f\u0131ya oldu\u011fu Trafik konusunu anlatan HAYATA YE\u015e\u0130L I\u015eIK isimli roman T\u00fcrkiye Yazarlar Birli\u011fi taraf\u0131ndan 2013 y\u0131l\u0131nda \u00c7ocuk Edebiyat\u0131 \u00f6d\u00fcl\u00fcne lay\u0131k g\u00f6r\u00fclen \u00c7ocuk Edebiyat\u0131 Yazar\u0131 Y\u0131lmaz Erdo\u011fan taraf\u0131ndan kaleme al\u0131nd\u0131. Bu romanda Ordu\u2019nun Kabad\u00fcz ile Ankara\u2019n\u0131n Polatl\u0131 il\u00e7eleri pilot il\u00e7e; her iki il\u00e7enin Kaymakamlar\u0131, Emniyet M\u00fcd\u00fcrleri, okullar, \u00f6\u011frenciler ve \u00f6\u011fretmenler ise roman\u0131n kahramanlar\u0131 olarak kitapta yerini ald\u0131. Kitaptaki di\u011fer konular:     Yorgunluk ve uykusuzluk uzun yolda iki b\u00fcy\u00fck tehlike. \u0130nsan kaynakl\u0131 kazalar\u0131n nedeni emniyet kemeri takmamak ve a\u015f\u0131r\u0131 h\u0131z. Ara\u00e7lar, trafik denetimleri, bilgilendirme \u00e7al\u0131\u015fmalar\u0131 ve kampanyalar, kaza sonras\u0131 m\u00fcdahale. Trafik altyap\u0131s\u0131nda hayat\u00ee \u00f6nem ta\u015f\u0131yan yerel y\u00f6netimlerin alaca\u011f\u0131 kararlar. Trafik kurallar\u0131 sebepsiz de\u011fildir. Trafikte alternatif \u00e7\u00f6z\u00fcmler. G\u00fcvenli okul yolu projesi, \u00e7ocuk trafik e\u011fitim parklar\u0131, kaza kara noktalar\u0131. Okullarda de\u011ferler e\u011fitiminin temel unsurlar\u0131 ve trafik konulu yar\u0131\u015fmalar. Toplumda birlik ve beraberli\u011fi sa\u011flayan yard\u0131mla\u015fma, arkada\u015fl\u0131k, halk\u0131n resm\u00ee makamlarla ili\u015fkileri, Anadolu insan\u0131n\u0131n fedak\u00e2rl\u0131k \u00f6rnekleri\u2026<\/p>\n","protected":false},"excerpt":{"rendered":"<p>\u00d6nlenebilir bir halk sa\u011fl\u0131\u011f\u0131 sorunu olan ve g\u00fcvenli sistem yakla\u015f\u0131m\u0131 ile \u00e7\u00f6z\u00fcm\u00fc m\u00fcmk\u00fcn TRAF\u0130K konusunda bir can kayb\u0131 bile fazla. Ne yaz\u0131k ki \u00f6l\u00fcml\u00fc trafik kazalar\u0131nda<span class=\"excerpt-hellip\"> [\u2026]<\/span><\/p>\n","protected":false},"featured_media":0,"template":"","meta":{"_monsterinsights_skip_tracking":false,"_monsterinsights_sitenote_active":false,"_monsterinsights_sitenote_note":"","_monsterinsights_sitenote_category":0},"product_brand":[],"product_cat":[12291,12711],"product_tag":[],"class_list":{"0":"post-749794","1":"product","2":"type-product","3":"status-publish","5":"product_cat-edebiyat","6":"product_cat-roman-oyku","7":"pa_cilt-ciltsiz","8":"pa_tur-kitap","9":"pa_yayinevi-genc-hayat","10":"pa_yazar-yilmaz-erdogan","12":"first","13":"instock","14":"sale","15":"shipping-taxable","16":"purchasable","17":"product-type-simple"},"_links":{"self":[{"href":"https:\/\/roveyayinevi.com.tr\/index.php\/wp-json\/wp\/v2\/product\/749794","targetHints":{"allow":["GET"]}}],"collection":[{"href":"https:\/\/roveyayinevi.com.tr\/index.php\/wp-json\/wp\/v2\/product"}],"about":[{"href":"https:\/\/roveyayinevi.com.tr\/index.php\/wp-json\/wp\/v2\/types\/product"}],"wp:attachment":[{"href":"https:\/\/roveyayinevi.com.tr\/index.php\/wp-json\/wp\/v2\/media?parent=749794"}],"wp:term":[{"taxonomy":"product_brand","embeddable":true,"href":"https:\/\/roveyayinevi.com.tr\/index.php\/wp-json\/wp\/v2\/product_brand?post=749794"},{"taxonomy":"product_cat","embeddable":true,"href":"https:\/\/roveyayinevi.com.tr\/index.php\/wp-json\/wp\/v2\/product_cat?post=749794"},{"taxonomy":"product_tag","embeddable":true,"href":"https:\/\/roveyayinevi.com.tr\/index.php\/wp-json\/wp\/v2\/product_tag?post=749794"}],"curies":[{"name":"wp","href":"https:\/\/api.w.org\/{rel}","templated":true}]}}