{"id":749787,"date":"2025-08-28T04:03:53","date_gmt":"2025-08-28T01:03:53","guid":{"rendered":"https:\/\/roveyayinevi.com.tr\/index.php\/urun\/medya-nedir\/"},"modified":"2026-04-16T03:03:11","modified_gmt":"2026-04-16T00:03:11","slug":"medya-nedir","status":"publish","type":"product","link":"https:\/\/roveyayinevi.com.tr\/index.php\/urun\/medya-nedir\/","title":{"rendered":"Medya Nedir?"},"content":{"rendered":"<p>Bebekli\u011fimizden beri televizyon, ak\u0131ll\u0131 telefonlar, oyunlar, dergiler, radyo, internet siteleri, sosyal medya, romanlar, du\u0308nyay\u0131 go\u0308rme, alg\u0131lama ve anlamland\u0131rma \u015feklimizi etkileyen gu\u0308c\u0327lu\u0308 arac\u0327lar olmus\u0327lard\u0131r. Bunu yapmaya hala devam etmekteler. Etkili ic\u0327eriklere sahip olan bu medya t\u00fcrleriyle has\u0327\u0131r nes\u0327ir olurken, ele\u015ftiren ve her s\u0327eyin fark\u0131nda olan medya takipc\u0327ileri haline gelmek ic\u0327in de medya okuryazar\u0131 olacag\u0306\u0131m\u0131z baz\u0131 yetileri ve al\u0131s\u0327kanl\u0131klar\u0131 kazanmam\u0131z gerekmektedir. Ancak b\u00f6ylelikle medyay\u0131 do\u011fru kullanabilir, medya i\u00e7eriklerini ele\u015ftirel bir bak\u0131\u015fla inceleyebilir ve kendimiz medya i\u00e7erikleri haz\u0131rlayabiliriz. I\u0307s\u0327te tu\u0308m bu s\u00fcreci tamamlay\u0131nca da medya okuryazar\u0131 oluruz.<\/p>\n","protected":false},"excerpt":{"rendered":"<p>Bebekli\u011fimizden beri televizyon, ak\u0131ll\u0131 telefonlar, oyunlar, dergiler, radyo, internet siteleri, sosyal medya, romanlar, du\u0308nyay\u0131 go\u0308rme, alg\u0131lama ve anlamland\u0131rma \u015feklimizi etkileyen gu\u0308c\u0327lu\u0308 arac\u0327lar olmus\u0327lard\u0131r. Bunu yapmaya hala<span class=\"excerpt-hellip\"> [\u2026]<\/span><\/p>\n","protected":false},"featured_media":0,"template":"","meta":{"_monsterinsights_skip_tracking":false,"_monsterinsights_sitenote_active":false,"_monsterinsights_sitenote_note":"","_monsterinsights_sitenote_category":0},"product_brand":[],"product_cat":[15983,13488],"product_tag":[],"class_list":{"0":"post-749787","1":"product","2":"type-product","3":"status-publish","5":"product_cat-iletisim-ve-medya","6":"product_cat-toplum-ve-insan","7":"pa_cilt-ciltsiz","8":"pa_tur-kitap","9":"pa_yayinevi-cikolata-yayinevi","10":"pa_yazar-meltem-erincmen-kanoglu","12":"first","13":"instock","14":"sale","15":"shipping-taxable","16":"purchasable","17":"product-type-simple"},"_links":{"self":[{"href":"https:\/\/roveyayinevi.com.tr\/index.php\/wp-json\/wp\/v2\/product\/749787","targetHints":{"allow":["GET"]}}],"collection":[{"href":"https:\/\/roveyayinevi.com.tr\/index.php\/wp-json\/wp\/v2\/product"}],"about":[{"href":"https:\/\/roveyayinevi.com.tr\/index.php\/wp-json\/wp\/v2\/types\/product"}],"wp:attachment":[{"href":"https:\/\/roveyayinevi.com.tr\/index.php\/wp-json\/wp\/v2\/media?parent=749787"}],"wp:term":[{"taxonomy":"product_brand","embeddable":true,"href":"https:\/\/roveyayinevi.com.tr\/index.php\/wp-json\/wp\/v2\/product_brand?post=749787"},{"taxonomy":"product_cat","embeddable":true,"href":"https:\/\/roveyayinevi.com.tr\/index.php\/wp-json\/wp\/v2\/product_cat?post=749787"},{"taxonomy":"product_tag","embeddable":true,"href":"https:\/\/roveyayinevi.com.tr\/index.php\/wp-json\/wp\/v2\/product_tag?post=749787"}],"curies":[{"name":"wp","href":"https:\/\/api.w.org\/{rel}","templated":true}]}}