{"id":749786,"date":"2025-08-28T04:03:52","date_gmt":"2025-08-28T01:03:52","guid":{"rendered":"https:\/\/roveyayinevi.com.tr\/index.php\/urun\/tumburluplar-disleksi-misleksi-6-yas\/"},"modified":"2026-04-16T03:03:11","modified_gmt":"2026-04-16T00:03:11","slug":"tumburluplar-disleksi-misleksi-6-yas","status":"publish","type":"product","link":"https:\/\/roveyayinevi.com.tr\/index.php\/urun\/tumburluplar-disleksi-misleksi-6-yas\/","title":{"rendered":"Tumburluplar &#8211; Disleksi Misleksi (6+ Ya\u015f)"},"content":{"rendered":"<p>Tumburluplar Disleksi Misleksi, Okul \u00e7a\u011f\u0131na gelindi\u011finde, okuma zorlu\u011fu ya da \u00f6\u011frenme g\u00fc\u00e7l\u00fc\u011f\u00fc diye adland\u0131r\u0131lan disleksiyle kar\u015f\u0131la\u015fan \u00e7ocuklar, velileri ve \u00f6\u011fretmenleri i\u00e7in yaz\u0131lm\u0131\u015f. \u00c7ocuklar ve yeti\u015fkinler Tumburluplar Disleksi Misleksi kitab\u0131n\u0131 okuyunca, disleksinin asl\u0131nda \u00f6\u011frenme zorlu\u011fu de\u011fil bir t\u00fcr farkl\u0131 alg\u0131lama oldu\u011funu g\u00f6recekler. Disleksi, kitapta, e\u011fitim uzmanlar\u0131n\u0131n, pedagoglar\u0131n, n\u00f6robilimcilerin \u00e7al\u0131\u015fmalar\u0131 a\u00e7\u0131s\u0131ndan bilimsel bir yakla\u015f\u0131mla ele al\u0131n\u0131rken, bir yandan da ileti\u015fim bilimleri alan\u0131nda \u00e7al\u0131\u015fan bir akademisyen ve bir disleksik olan yazar\u0131n kendi deneyimleri, sorunla ba\u015fa \u00e7\u0131k\u0131\u015f\u0131 ve \u00e7\u00f6z\u00fcm \u00f6nerileriyle zenginle\u015fmi\u015ftir.<\/p>\n","protected":false},"excerpt":{"rendered":"<p>Tumburluplar Disleksi Misleksi, Okul \u00e7a\u011f\u0131na gelindi\u011finde, okuma zorlu\u011fu ya da \u00f6\u011frenme g\u00fc\u00e7l\u00fc\u011f\u00fc diye adland\u0131r\u0131lan disleksiyle kar\u015f\u0131la\u015fan \u00e7ocuklar, velileri ve \u00f6\u011fretmenleri i\u00e7in yaz\u0131lm\u0131\u015f. \u00c7ocuklar ve yeti\u015fkinler Tumburluplar<span class=\"excerpt-hellip\"> [\u2026]<\/span><\/p>\n","protected":false},"featured_media":0,"template":"","meta":{"_monsterinsights_skip_tracking":false,"_monsterinsights_sitenote_active":false,"_monsterinsights_sitenote_note":"","_monsterinsights_sitenote_category":0},"product_brand":[],"product_cat":[12275,12274],"product_tag":[],"class_list":{"0":"post-749786","1":"product","2":"type-product","3":"status-publish","5":"product_cat-6-12-yas-kitaplari","6":"product_cat-cocuk-ve-genclik-kitaplari","7":"pa_cilt-ciltsiz","8":"pa_tur-kitap","9":"pa_yayinevi-cikolata-yayinevi","10":"pa_yazar-meltem-erincmen-kanoglu","12":"first","13":"instock","14":"sale","15":"shipping-taxable","16":"purchasable","17":"product-type-simple"},"_links":{"self":[{"href":"https:\/\/roveyayinevi.com.tr\/index.php\/wp-json\/wp\/v2\/product\/749786","targetHints":{"allow":["GET"]}}],"collection":[{"href":"https:\/\/roveyayinevi.com.tr\/index.php\/wp-json\/wp\/v2\/product"}],"about":[{"href":"https:\/\/roveyayinevi.com.tr\/index.php\/wp-json\/wp\/v2\/types\/product"}],"wp:attachment":[{"href":"https:\/\/roveyayinevi.com.tr\/index.php\/wp-json\/wp\/v2\/media?parent=749786"}],"wp:term":[{"taxonomy":"product_brand","embeddable":true,"href":"https:\/\/roveyayinevi.com.tr\/index.php\/wp-json\/wp\/v2\/product_brand?post=749786"},{"taxonomy":"product_cat","embeddable":true,"href":"https:\/\/roveyayinevi.com.tr\/index.php\/wp-json\/wp\/v2\/product_cat?post=749786"},{"taxonomy":"product_tag","embeddable":true,"href":"https:\/\/roveyayinevi.com.tr\/index.php\/wp-json\/wp\/v2\/product_tag?post=749786"}],"curies":[{"name":"wp","href":"https:\/\/api.w.org\/{rel}","templated":true}]}}