{"id":749780,"date":"2025-08-28T04:03:44","date_gmt":"2025-08-28T01:03:44","guid":{"rendered":"https:\/\/roveyayinevi.com.tr\/index.php\/urun\/canavar-pesinde-65-kralligin-kaderi\/"},"modified":"2026-04-13T03:08:44","modified_gmt":"2026-04-13T00:08:44","slug":"canavar-pesinde-65-kralligin-kaderi","status":"publish","type":"product","link":"https:\/\/roveyayinevi.com.tr\/index.php\/urun\/canavar-pesinde-65-kralligin-kaderi\/","title":{"rendered":"Canavar Pe\u015finde 65 &#8211; Krall\u0131\u011f\u0131n Kaderi"},"content":{"rendered":"<p>B\u00fcy\u00fcc\u00fc Kensa taraf\u0131ndan yarat\u0131lan Deh\u015fet S\u00fcr\u00fcngeni Serpio, \u00f6nemli bir m\u00fccevheri koruyor. Tom ve Elenna o m\u00fccevheri ele ge\u00e7irip yok ederlerse Avantia\u2019y\u0131 kurtarabileceklerini biliyorlar\u2026<\/p>\n","protected":false},"excerpt":{"rendered":"<p>B\u00fcy\u00fcc\u00fc Kensa taraf\u0131ndan yarat\u0131lan Deh\u015fet S\u00fcr\u00fcngeni Serpio, \u00f6nemli bir m\u00fccevheri koruyor. Tom ve Elenna o m\u00fccevheri ele ge\u00e7irip yok ederlerse Avantia\u2019y\u0131 kurtarabileceklerini biliyorlar\u2026<\/p>\n","protected":false},"featured_media":0,"template":"","meta":{"_monsterinsights_skip_tracking":false,"_monsterinsights_sitenote_active":false,"_monsterinsights_sitenote_note":"","_monsterinsights_sitenote_category":0},"product_brand":[],"product_cat":[12274,12284],"product_tag":[],"class_list":{"0":"post-749780","1":"product","2":"type-product","3":"status-publish","5":"product_cat-cocuk-ve-genclik-kitaplari","6":"product_cat-hikayeler","7":"pa_cilt-ciltsiz","8":"pa_tur-kitap","9":"pa_yayinevi-beyaz-balina-yayinlari","10":"pa_yazar-adam-blade","12":"first","13":"instock","14":"sale","15":"shipping-taxable","16":"purchasable","17":"product-type-simple"},"_links":{"self":[{"href":"https:\/\/roveyayinevi.com.tr\/index.php\/wp-json\/wp\/v2\/product\/749780","targetHints":{"allow":["GET"]}}],"collection":[{"href":"https:\/\/roveyayinevi.com.tr\/index.php\/wp-json\/wp\/v2\/product"}],"about":[{"href":"https:\/\/roveyayinevi.com.tr\/index.php\/wp-json\/wp\/v2\/types\/product"}],"wp:attachment":[{"href":"https:\/\/roveyayinevi.com.tr\/index.php\/wp-json\/wp\/v2\/media?parent=749780"}],"wp:term":[{"taxonomy":"product_brand","embeddable":true,"href":"https:\/\/roveyayinevi.com.tr\/index.php\/wp-json\/wp\/v2\/product_brand?post=749780"},{"taxonomy":"product_cat","embeddable":true,"href":"https:\/\/roveyayinevi.com.tr\/index.php\/wp-json\/wp\/v2\/product_cat?post=749780"},{"taxonomy":"product_tag","embeddable":true,"href":"https:\/\/roveyayinevi.com.tr\/index.php\/wp-json\/wp\/v2\/product_tag?post=749780"}],"curies":[{"name":"wp","href":"https:\/\/api.w.org\/{rel}","templated":true}]}}