{"id":749779,"date":"2025-08-28T04:03:42","date_gmt":"2025-08-28T01:03:42","guid":{"rendered":"https:\/\/roveyayinevi.com.tr\/index.php\/urun\/anne-baba-haydi-oyun-oynayalim\/"},"modified":"2026-04-16T03:03:11","modified_gmt":"2026-04-16T00:03:11","slug":"anne-baba-haydi-oyun-oynayalim","status":"publish","type":"product","link":"https:\/\/roveyayinevi.com.tr\/index.php\/urun\/anne-baba-haydi-oyun-oynayalim\/","title":{"rendered":"Anne, Baba Haydi Oyun Oynayal\u0131m!"},"content":{"rendered":"<p>\u00c7ocu\u011funuz s\u00fcrekli heves, merak ve bitmek bilmeyen bir Enerji ile mi dolu? Buna ra\u011fmen siz de \u00e7o\u011fu zaman i\u015fi ba\u015f\u0131ndan a\u015fk\u0131n olan bir ebeveyn misiniz?\u00d6yleyse bu kitap tam size g\u00f6re! Ne kadar zaman\u0131n\u0131z ya da yeriniz oldu\u011funun veya elinizin alt\u0131nda bulunan malzemelerin bir \u00f6nemi yok.Her \u015fartta \u00e7ocu\u011funuzun merak\u0131n\u0131 canl\u0131 tutacak birbirinden kolay, h\u0131zl\u0131 ve e\u011flenceli aktivite \u00f6nerileri bu kitapla daima elinizin alt\u0131nda olacak.Anne, Baba Haydi Oyun Oynayal\u0131m! evinizde her g\u00fcn kulland\u0131\u011f\u0131n\u0131z, kolay bulunan, basit malzemelerle \u00e7ocu\u011funuzla e\u011fitici ve e\u011flenceli oyunlar oynayabilmenize imk\u00e2n tan\u0131yor. Bo\u015f bir an\u0131, be\u015f dakikadan daha k\u0131sa s\u00fcrede e\u011fitici bir oyuna \u00e7evirmek hi\u00e7 bu kadar kolay olmam\u0131\u015ft\u0131!100\u2019den Fazla E\u011fitici Aktivite \u00c7ocu\u011funuzu aktif oyun, kolay bilimsel deneyler, yarat\u0131c\u0131l\u0131\u011f\u0131 ve hayal g\u00fcc\u00fcn\u00fc destekleyen aktivitelerle oyalay\u0131n. Hangi aktiviteyi se\u00e7ti\u011finizin \u00f6nemi yok, \u00e7ocu\u011funuz her oyunda e\u011flenecek ve bir \u015feyler \u00f6\u011frenecektir.H\u0131zl\u0131, Kolay Haz\u0131rl\u0131k Sadece be\u015f dakika ya da daha k\u0131sa s\u00fcrede haz\u0131rlayabilece\u011finiz oyunlar i\u00e7in evinizde kolayca bulabilece\u011finiz basit malzemeler kullanman\u0131z yeterli.Geli\u015fimsel D\u00f6n\u00fcm Noktolar\u0131 Aktivitelerde yer alan g\u00f6stergeleri takip ederek \u00e7ocu\u011funuza uygun geli\u015fimsel becerilerin desteklendi\u011finden emin olabilirsiniz.<\/p>\n","protected":false},"excerpt":{"rendered":"<p>\u00c7ocu\u011funuz s\u00fcrekli heves, merak ve bitmek bilmeyen bir Enerji ile mi dolu? Buna ra\u011fmen siz de \u00e7o\u011fu zaman i\u015fi ba\u015f\u0131ndan a\u015fk\u0131n olan bir ebeveyn misiniz?\u00d6yleyse bu<span class=\"excerpt-hellip\"> [\u2026]<\/span><\/p>\n","protected":false},"featured_media":0,"template":"","meta":{"_monsterinsights_skip_tracking":false,"_monsterinsights_sitenote_active":false,"_monsterinsights_sitenote_note":"","_monsterinsights_sitenote_category":0},"product_brand":[],"product_cat":[12274,15842],"product_tag":[],"class_list":{"0":"post-749779","1":"product","2":"type-product","3":"status-publish","5":"product_cat-cocuk-ve-genclik-kitaplari","6":"product_cat-egitici-kitaplar","7":"pa_cilt-ciltsiz","8":"pa_tur-kitap","9":"pa_yayinevi-beyaz-balina-yayinlari","10":"pa_yazar-krissy-bonning-gould","12":"first","13":"instock","14":"sale","15":"shipping-taxable","16":"purchasable","17":"product-type-simple"},"_links":{"self":[{"href":"https:\/\/roveyayinevi.com.tr\/index.php\/wp-json\/wp\/v2\/product\/749779","targetHints":{"allow":["GET"]}}],"collection":[{"href":"https:\/\/roveyayinevi.com.tr\/index.php\/wp-json\/wp\/v2\/product"}],"about":[{"href":"https:\/\/roveyayinevi.com.tr\/index.php\/wp-json\/wp\/v2\/types\/product"}],"wp:attachment":[{"href":"https:\/\/roveyayinevi.com.tr\/index.php\/wp-json\/wp\/v2\/media?parent=749779"}],"wp:term":[{"taxonomy":"product_brand","embeddable":true,"href":"https:\/\/roveyayinevi.com.tr\/index.php\/wp-json\/wp\/v2\/product_brand?post=749779"},{"taxonomy":"product_cat","embeddable":true,"href":"https:\/\/roveyayinevi.com.tr\/index.php\/wp-json\/wp\/v2\/product_cat?post=749779"},{"taxonomy":"product_tag","embeddable":true,"href":"https:\/\/roveyayinevi.com.tr\/index.php\/wp-json\/wp\/v2\/product_tag?post=749779"}],"curies":[{"name":"wp","href":"https:\/\/api.w.org\/{rel}","templated":true}]}}