{"id":749778,"date":"2025-08-28T04:03:41","date_gmt":"2025-08-28T01:03:41","guid":{"rendered":"https:\/\/roveyayinevi.com.tr\/index.php\/urun\/tuhaf-bilimler-akademisi\/"},"modified":"2026-04-16T03:03:11","modified_gmt":"2026-04-16T00:03:11","slug":"tuhaf-bilimler-akademisi","status":"publish","type":"product","link":"https:\/\/roveyayinevi.com.tr\/index.php\/urun\/tuhaf-bilimler-akademisi\/","title":{"rendered":"Tuhaf Bilimler Akademisi"},"content":{"rendered":"<p>Bilim kurgu macera t\u00fcr\u00fcndeki e\u011flenceli ve ufuk a\u00e7an kitaplar\u0131yla her ya\u015ftan okura hitap eden \u00e7a\u011fda\u015f \u00e7ocuk edebiyat\u0131 yazar\u0131 \u015e\u00f6hret Do\u011fruyol Sa\u011fba\u015f\u2019\u0131n kaleminden Tuhaf Bilimler Akademisi, s\u00fcr\u00fckleyici anlat\u0131m\u0131 ve ak\u0131c\u0131 dili ile kitap okumay\u0131 sevmedi\u011fini sanan \u00e7ocuklar\u0131 bile soluksuz bir maceraya \u00e7\u0131kar\u0131yor.Sadece \u00e7ok zeki \u00e7ocuklar\u0131n al\u0131nd\u0131\u011f\u0131 Bilim Akademisinde okuyan N\u00e2dir\u2019in herkesten saklad\u0131\u011f\u0131 bir s\u0131rr\u0131 vard\u0131r. Bu s\u0131rla ya\u015famak zorunda oldu\u011fu ger\u00e7e\u011fini kabullenmeye \u00e7al\u0131\u015f\u0131rken akademide tuhaf ve esrarengiz olaylar\u0131n ya\u015fand\u0131\u011f\u0131n\u0131 fark eder. \u0130\u015fin ilgin\u00e7 yan\u0131, ondan ba\u015fka hi\u00e7 kimse bu durumun fark\u0131nda de\u011fildir. T\u00fcm bunlar yaln\u0131zca bana m\u0131 \u00f6yle geliyor, diye d\u00fc\u015f\u00fcnen N\u00e2dir, bir g\u00fcn asla duymamas\u0131 gereken konu\u015fmalara \u015fahit olunca kendini karma\u015f\u0131k olaylar\u0131n i\u00e7inde bir dedektif gibi iz s\u00fcrerken bulur ve sonunu kestiremedi\u011fi bir maceraya at\u0131l\u0131r.<\/p>\n","protected":false},"excerpt":{"rendered":"<p>Bilim kurgu macera t\u00fcr\u00fcndeki e\u011flenceli ve ufuk a\u00e7an kitaplar\u0131yla her ya\u015ftan okura hitap eden \u00e7a\u011fda\u015f \u00e7ocuk edebiyat\u0131 yazar\u0131 \u015e\u00f6hret Do\u011fruyol Sa\u011fba\u015f\u2019\u0131n kaleminden Tuhaf Bilimler Akademisi, s\u00fcr\u00fckleyici<span class=\"excerpt-hellip\"> [\u2026]<\/span><\/p>\n","protected":false},"featured_media":0,"template":"","meta":{"_monsterinsights_skip_tracking":false,"_monsterinsights_sitenote_active":false,"_monsterinsights_sitenote_note":"","_monsterinsights_sitenote_category":0},"product_brand":[],"product_cat":[12274,12284],"product_tag":[],"class_list":{"0":"post-749778","1":"product","2":"type-product","3":"status-publish","5":"product_cat-cocuk-ve-genclik-kitaplari","6":"product_cat-hikayeler","7":"pa_cilt-ciltsiz","8":"pa_tur-kitap","9":"pa_yayinevi-epsilon-ozel-urun","10":"pa_yazar-sohret-dogruyol-sagbas","12":"first","13":"instock","14":"sale","15":"shipping-taxable","16":"purchasable","17":"product-type-simple"},"_links":{"self":[{"href":"https:\/\/roveyayinevi.com.tr\/index.php\/wp-json\/wp\/v2\/product\/749778","targetHints":{"allow":["GET"]}}],"collection":[{"href":"https:\/\/roveyayinevi.com.tr\/index.php\/wp-json\/wp\/v2\/product"}],"about":[{"href":"https:\/\/roveyayinevi.com.tr\/index.php\/wp-json\/wp\/v2\/types\/product"}],"wp:attachment":[{"href":"https:\/\/roveyayinevi.com.tr\/index.php\/wp-json\/wp\/v2\/media?parent=749778"}],"wp:term":[{"taxonomy":"product_brand","embeddable":true,"href":"https:\/\/roveyayinevi.com.tr\/index.php\/wp-json\/wp\/v2\/product_brand?post=749778"},{"taxonomy":"product_cat","embeddable":true,"href":"https:\/\/roveyayinevi.com.tr\/index.php\/wp-json\/wp\/v2\/product_cat?post=749778"},{"taxonomy":"product_tag","embeddable":true,"href":"https:\/\/roveyayinevi.com.tr\/index.php\/wp-json\/wp\/v2\/product_tag?post=749778"}],"curies":[{"name":"wp","href":"https:\/\/api.w.org\/{rel}","templated":true}]}}