{"id":749777,"date":"2025-08-28T04:03:40","date_gmt":"2025-08-28T01:03:40","guid":{"rendered":"https:\/\/roveyayinevi.com.tr\/index.php\/urun\/kagittan-sehir\/"},"modified":"2026-04-16T03:03:11","modified_gmt":"2026-04-16T00:03:11","slug":"kagittan-sehir","status":"publish","type":"product","link":"https:\/\/roveyayinevi.com.tr\/index.php\/urun\/kagittan-sehir\/","title":{"rendered":"Ka\u011f\u0131ttan \u015eehir"},"content":{"rendered":"<p>\u0130ranl\u0131 \u00e7izer Nazli Tahvili\u2019nin \u2018sessizce\u2019 anlatt\u0131\u011f\u0131 bu hik\u00e2ye ile sizleri sessiz kitaplar\u0131n b\u00fcy\u00fcl\u00fc d\u00fcnyas\u0131na davet ediyoruz. Sessiz kitaplar, hik\u00e2yenin temel olarak resimlerle anlat\u0131ld\u0131\u011f\u0131, tamamen metinsiz veya \u00e7ok az metinle haz\u0131rlanan kitaplard\u0131r. Yazar, K\u00e2\u011f\u0131ttan \u015eehir\u2019de bizlere kendi hayal d\u00fcnyas\u0131nda ya\u015fayan bir k\u0131z\u0131n maceras\u0131n\u0131 anlat\u0131yor. Binalar\u0131, gemileri ve arkada\u015flar\u0131n\u0131 bile k\u00e2\u011f\u0131ttan var eden bu k\u0131z, bir g\u00fcn odas\u0131nda capcanl\u0131 bir ku\u015f g\u00f6r\u00fcr ve bir anda b\u00fct\u00fcn d\u00fcnyas\u0131 de\u011fi\u015fiverir. Bu kitapta metin y\u00f6nlendirmesi olmad\u0131\u011f\u0131 i\u00e7in her okur hayal g\u00fcc\u00fcn\u00fc harekete ge\u00e7irerek bamba\u015fka hik\u00e2yeler ortaya \u00e7\u0131karabilir. B\u00f6ylece s\u00f6zl\u00fc \u00f6yk\u00fc anlat\u0131m\u0131n\u0131 da g\u00fc\u00e7lendirebilir. Kitaplar\u0131yla bir\u00e7ok \u00f6d\u00fcl alm\u0131\u015f olan Nazli Tahvili, \u0130ran \u00c7ocuk Kitaplar\u0131 Konseyi taraf\u0131ndan da \u00f6d\u00fcllendirilmi\u015ftir. \u00c7izerin bu \u00f6zel kitab\u0131 ilk kez T\u00fcrkiye\u2019de okurlarla bulu\u015fuyor!  <\/p>\n","protected":false},"excerpt":{"rendered":"<p>\u0130ranl\u0131 \u00e7izer Nazli Tahvili\u2019nin \u2018sessizce\u2019 anlatt\u0131\u011f\u0131 bu hik\u00e2ye ile sizleri sessiz kitaplar\u0131n b\u00fcy\u00fcl\u00fc d\u00fcnyas\u0131na davet ediyoruz. Sessiz kitaplar, hik\u00e2yenin temel olarak resimlerle anlat\u0131ld\u0131\u011f\u0131, tamamen metinsiz veya<span class=\"excerpt-hellip\"> [\u2026]<\/span><\/p>\n","protected":false},"featured_media":0,"template":"","meta":{"_monsterinsights_skip_tracking":false,"_monsterinsights_sitenote_active":false,"_monsterinsights_sitenote_note":"","_monsterinsights_sitenote_category":0},"product_brand":[],"product_cat":[12913,12274],"product_tag":[],"class_list":{"0":"post-749777","1":"product","2":"type-product","3":"status-publish","5":"product_cat-3-6-yas-kitaplari","6":"product_cat-cocuk-ve-genclik-kitaplari","7":"pa_cilt-ciltsiz","8":"pa_tur-kitap","9":"pa_yayinevi-redhouse-kidz-yayinlari","10":"pa_yazar-nazli-tahvili","12":"first","13":"instock","14":"sale","15":"shipping-taxable","16":"purchasable","17":"product-type-simple"},"_links":{"self":[{"href":"https:\/\/roveyayinevi.com.tr\/index.php\/wp-json\/wp\/v2\/product\/749777","targetHints":{"allow":["GET"]}}],"collection":[{"href":"https:\/\/roveyayinevi.com.tr\/index.php\/wp-json\/wp\/v2\/product"}],"about":[{"href":"https:\/\/roveyayinevi.com.tr\/index.php\/wp-json\/wp\/v2\/types\/product"}],"wp:attachment":[{"href":"https:\/\/roveyayinevi.com.tr\/index.php\/wp-json\/wp\/v2\/media?parent=749777"}],"wp:term":[{"taxonomy":"product_brand","embeddable":true,"href":"https:\/\/roveyayinevi.com.tr\/index.php\/wp-json\/wp\/v2\/product_brand?post=749777"},{"taxonomy":"product_cat","embeddable":true,"href":"https:\/\/roveyayinevi.com.tr\/index.php\/wp-json\/wp\/v2\/product_cat?post=749777"},{"taxonomy":"product_tag","embeddable":true,"href":"https:\/\/roveyayinevi.com.tr\/index.php\/wp-json\/wp\/v2\/product_tag?post=749777"}],"curies":[{"name":"wp","href":"https:\/\/api.w.org\/{rel}","templated":true}]}}