{"id":749776,"date":"2025-08-28T04:03:39","date_gmt":"2025-08-28T01:03:39","guid":{"rendered":"https:\/\/roveyayinevi.com.tr\/index.php\/urun\/iletisim-nedir-2\/"},"modified":"2026-04-16T03:03:11","modified_gmt":"2026-04-16T00:03:11","slug":"iletisim-nedir-2","status":"publish","type":"product","link":"https:\/\/roveyayinevi.com.tr\/index.php\/urun\/iletisim-nedir-2\/","title":{"rendered":"\u0130leti\u015fim Nedir?"},"content":{"rendered":"<p>En basit anlam\u0131 ile ileti\u015fim, bilginin bir ki\u015fiden veya kurumdan bir di\u011ferine iletilmesidir. K\u0131saca, ileti\u015fim Latince k\u00f6keninde oldu\u011fu gibi anlamlar\u0131 payla\u015fmak demektir. Bilginin iletilmesiyle payla\u015f\u0131lan anlam\u0131n al\u0131c\u0131 taraf\u0131ndan nas\u0131l alg\u0131land\u0131\u011f\u0131 da \u00f6nemlidir. Medyay\u0131 izleyen ve kullanan gen\u00e7ler ayn\u0131 zamanda g\u00fcnl\u00fck hayatlar\u0131nda da konu\u015farak, mesajla\u015farak ve beden dillerini kullanarak aktif ileti\u015fimde bulunurlar.  \u0130leti\u015fimin \u00f6\u011felerini, t\u00fcrlerini, a\u015famalar\u0131n\u0131, anlam kurma s\u00fcre\u00e7lerini, ileti\u015fim s\u0131ras\u0131nda olu\u015fmas\u0131 muhtemel sorunlar\u0131 ile etkili ve ba\u015far\u0131l\u0131 ileti\u015fimi anlayan gen\u00e7 bir birey, kendini ifade etme, metinleri do\u011fru anlama, mesajlar\u0131 do\u011fru \u015fekilde iletme, empati kurma ve etkile\u015fimde bulunma yetilerine de sahip olacakt\u0131r.B\u00f6ylece medya okuryazar\u0131 olma y\u00f6n\u00fcnde b\u00fcy\u00fck bir ad\u0131m daha at\u0131lm\u0131\u015f olacakt\u0131r. <\/p>\n","protected":false},"excerpt":{"rendered":"<p>En basit anlam\u0131 ile ileti\u015fim, bilginin bir ki\u015fiden veya kurumdan bir di\u011ferine iletilmesidir. K\u0131saca, ileti\u015fim Latince k\u00f6keninde oldu\u011fu gibi anlamlar\u0131 payla\u015fmak demektir. Bilginin iletilmesiyle payla\u015f\u0131lan anlam\u0131n<span class=\"excerpt-hellip\"> [\u2026]<\/span><\/p>\n","protected":false},"featured_media":0,"template":"","meta":{"_monsterinsights_skip_tracking":false,"_monsterinsights_sitenote_active":false,"_monsterinsights_sitenote_note":"","_monsterinsights_sitenote_category":0},"product_brand":[],"product_cat":[15983,13488],"product_tag":[],"class_list":{"0":"post-749776","1":"product","2":"type-product","3":"status-publish","5":"product_cat-iletisim-ve-medya","6":"product_cat-toplum-ve-insan","7":"pa_cilt-ciltsiz","8":"pa_tur-kitap","9":"pa_yayinevi-cikolata-yayinevi","10":"pa_yazar-meltem-erincmen-kanoglu","12":"first","13":"instock","14":"sale","15":"shipping-taxable","16":"purchasable","17":"product-type-simple"},"_links":{"self":[{"href":"https:\/\/roveyayinevi.com.tr\/index.php\/wp-json\/wp\/v2\/product\/749776","targetHints":{"allow":["GET"]}}],"collection":[{"href":"https:\/\/roveyayinevi.com.tr\/index.php\/wp-json\/wp\/v2\/product"}],"about":[{"href":"https:\/\/roveyayinevi.com.tr\/index.php\/wp-json\/wp\/v2\/types\/product"}],"wp:attachment":[{"href":"https:\/\/roveyayinevi.com.tr\/index.php\/wp-json\/wp\/v2\/media?parent=749776"}],"wp:term":[{"taxonomy":"product_brand","embeddable":true,"href":"https:\/\/roveyayinevi.com.tr\/index.php\/wp-json\/wp\/v2\/product_brand?post=749776"},{"taxonomy":"product_cat","embeddable":true,"href":"https:\/\/roveyayinevi.com.tr\/index.php\/wp-json\/wp\/v2\/product_cat?post=749776"},{"taxonomy":"product_tag","embeddable":true,"href":"https:\/\/roveyayinevi.com.tr\/index.php\/wp-json\/wp\/v2\/product_tag?post=749776"}],"curies":[{"name":"wp","href":"https:\/\/api.w.org\/{rel}","templated":true}]}}