{"id":749773,"date":"2025-08-28T04:03:35","date_gmt":"2025-08-28T01:03:35","guid":{"rendered":"https:\/\/roveyayinevi.com.tr\/index.php\/urun\/tumburluplar-internette-guvenlik\/"},"modified":"2026-04-16T03:03:10","modified_gmt":"2026-04-16T00:03:10","slug":"tumburluplar-internette-guvenlik","status":"publish","type":"product","link":"https:\/\/roveyayinevi.com.tr\/index.php\/urun\/tumburluplar-internette-guvenlik\/","title":{"rendered":"Tumburluplar &#8211; \u0130nternette G\u00fcvenlik"},"content":{"rendered":"<p>Medya okuryazarl\u0131\u011f\u0131 kapsam\u0131nda dijital vatanda\u015f olma yolunda Z ku\u015fa\u011f\u0131 okuru i\u00e7in temel al\u0131n\u0131lmas\u0131 gereken bir konu ele al\u0131n\u0131yor. Tumburluplar&#8217;\u0131n internette oyun oynarken girdikleri siteler, bir\u00e7ok sorunu da beraberinde getiriyor. Olaylar\u0131 inceleyen M\u00fcfetti\u015f Amanvermez ise, internetteki tehlikelere kar\u015f\u0131 \u00e7ocuklar\u0131 uyar\u0131yor ve ailelerin nas\u0131l davranmalar\u0131 gerekti\u011fine de\u011finiyor. \u0130nternette G\u00fcvenli Olmak \u0130\u00e7in Be\u015f Alt\u0131n Kural sayfas\u0131yla biten kitab\u0131n s\u00fcrprizi ise Biraz E\u011flenelim ve S\u00f6zc\u00fck Av\u0131 sayfalar\u0131.<\/p>\n","protected":false},"excerpt":{"rendered":"<p>Medya okuryazarl\u0131\u011f\u0131 kapsam\u0131nda dijital vatanda\u015f olma yolunda Z ku\u015fa\u011f\u0131 okuru i\u00e7in temel al\u0131n\u0131lmas\u0131 gereken bir konu ele al\u0131n\u0131yor. Tumburluplar&#8217;\u0131n internette oyun oynarken girdikleri siteler, bir\u00e7ok sorunu<span class=\"excerpt-hellip\"> [\u2026]<\/span><\/p>\n","protected":false},"featured_media":0,"template":"","meta":{"_monsterinsights_skip_tracking":false,"_monsterinsights_sitenote_active":false,"_monsterinsights_sitenote_note":"","_monsterinsights_sitenote_category":0},"product_brand":[],"product_cat":[12275,12274],"product_tag":[],"class_list":{"0":"post-749773","1":"product","2":"type-product","3":"status-publish","5":"product_cat-6-12-yas-kitaplari","6":"product_cat-cocuk-ve-genclik-kitaplari","7":"pa_cilt-ciltsiz","8":"pa_tur-kitap","9":"pa_yayinevi-cikolata-yayinevi","10":"pa_yazar-meltem-erincmen-kanoglu","12":"first","13":"instock","14":"sale","15":"shipping-taxable","16":"purchasable","17":"product-type-simple"},"_links":{"self":[{"href":"https:\/\/roveyayinevi.com.tr\/index.php\/wp-json\/wp\/v2\/product\/749773","targetHints":{"allow":["GET"]}}],"collection":[{"href":"https:\/\/roveyayinevi.com.tr\/index.php\/wp-json\/wp\/v2\/product"}],"about":[{"href":"https:\/\/roveyayinevi.com.tr\/index.php\/wp-json\/wp\/v2\/types\/product"}],"wp:attachment":[{"href":"https:\/\/roveyayinevi.com.tr\/index.php\/wp-json\/wp\/v2\/media?parent=749773"}],"wp:term":[{"taxonomy":"product_brand","embeddable":true,"href":"https:\/\/roveyayinevi.com.tr\/index.php\/wp-json\/wp\/v2\/product_brand?post=749773"},{"taxonomy":"product_cat","embeddable":true,"href":"https:\/\/roveyayinevi.com.tr\/index.php\/wp-json\/wp\/v2\/product_cat?post=749773"},{"taxonomy":"product_tag","embeddable":true,"href":"https:\/\/roveyayinevi.com.tr\/index.php\/wp-json\/wp\/v2\/product_tag?post=749773"}],"curies":[{"name":"wp","href":"https:\/\/api.w.org\/{rel}","templated":true}]}}