{"id":749772,"date":"2025-08-28T04:03:34","date_gmt":"2025-08-28T01:03:34","guid":{"rendered":"https:\/\/roveyayinevi.com.tr\/index.php\/urun\/101-derste-urun-tasarimi\/"},"modified":"2026-04-14T03:08:45","modified_gmt":"2026-04-14T00:08:45","slug":"101-derste-urun-tasarimi","status":"publish","type":"product","link":"https:\/\/roveyayinevi.com.tr\/index.php\/urun\/101-derste-urun-tasarimi\/","title":{"rendered":"101 Derste \u00dcr\u00fcn Tasar\u0131m\u0131"},"content":{"rendered":"<p>101 DERSTE \u00dcR\u00dcN TASARIMINihai beceri, tasar\u0131m becerisi de\u011fildir; anlay\u0131\u015f becerisidir.T\u00fcm tasar\u0131mlar neden bedenle ili\u015fkilidir? G\u00fczellik alg\u0131s\u0131 evrensel midir? Bir \u00fcr\u00fcn\u00fc kullanmaya ba\u015flarken nas\u0131l hissetmemiz gerekir? \u00d6zg\u00fcn olmak i\u00e7in \u00e7ok fazla \u00e7aba g\u00f6stermek neden risklidir?Etraf\u0131m\u0131z\u0131 saran binlerce \u00fcr\u00fcn\u00fcn bir tasar\u0131m hik\u00e2yesi vard\u0131r. Her bir tasar\u0131m de\u011fi\u015fken ihtiya\u00e7lara, estetik duyarl\u0131l\u0131klara ve farkl\u0131 i\u015flevlere hitap etse de t\u00fcm bu devasa alanda iyi bir tasar\u0131m ortaya koyman\u0131n temel yollar\u0131 var. 101 Derste \u00dcr\u00fcn Tasar\u0131m\u0131 ba\u015far\u0131l\u0131 bir tasar\u0131mc\u0131 olmaya giden bu yollar\u0131 sade ve e\u011flenceli bir \u00fcslupla anlat\u0131yor ve sanat, zanaat, psikoloji, k\u00fclt\u00fcr, ergonomi, malzeme ve pazarlama alanlar\u0131n\u0131n \u00fcr\u00fcn tasar\u0131m\u0131yla olan ili\u015fkisini ayd\u0131nlat\u0131yor.\u201cFarkl\u0131 olmak \u00e7ok kolayd\u0131r, ancak daha iyi olmak \u00e7ok zordur.\u201d\u2013Jonathan Ive<\/p>\n","protected":false},"excerpt":{"rendered":"<p>101 DERSTE \u00dcR\u00dcN TASARIMINihai beceri, tasar\u0131m becerisi de\u011fildir; anlay\u0131\u015f becerisidir.T\u00fcm tasar\u0131mlar neden bedenle ili\u015fkilidir? G\u00fczellik alg\u0131s\u0131 evrensel midir? Bir \u00fcr\u00fcn\u00fc kullanmaya ba\u015flarken nas\u0131l hissetmemiz gerekir? \u00d6zg\u00fcn<span class=\"excerpt-hellip\"> [\u2026]<\/span><\/p>\n","protected":false},"featured_media":0,"template":"","meta":{"_monsterinsights_skip_tracking":false,"_monsterinsights_sitenote_active":false,"_monsterinsights_sitenote_note":"","_monsterinsights_sitenote_category":0},"product_brand":[],"product_cat":[15983,13488],"product_tag":[],"class_list":{"0":"post-749772","1":"product","2":"type-product","3":"status-publish","5":"product_cat-iletisim-ve-medya","6":"product_cat-toplum-ve-insan","7":"pa_cilt-ciltsiz","8":"pa_tur-kitap","9":"pa_yayinevi-say-yayinlari","10":"pa_yazar-sung-jang-martin-thaler-matthew-frederick","12":"first","13":"instock","14":"sale","15":"shipping-taxable","16":"purchasable","17":"product-type-simple"},"_links":{"self":[{"href":"https:\/\/roveyayinevi.com.tr\/index.php\/wp-json\/wp\/v2\/product\/749772","targetHints":{"allow":["GET"]}}],"collection":[{"href":"https:\/\/roveyayinevi.com.tr\/index.php\/wp-json\/wp\/v2\/product"}],"about":[{"href":"https:\/\/roveyayinevi.com.tr\/index.php\/wp-json\/wp\/v2\/types\/product"}],"wp:attachment":[{"href":"https:\/\/roveyayinevi.com.tr\/index.php\/wp-json\/wp\/v2\/media?parent=749772"}],"wp:term":[{"taxonomy":"product_brand","embeddable":true,"href":"https:\/\/roveyayinevi.com.tr\/index.php\/wp-json\/wp\/v2\/product_brand?post=749772"},{"taxonomy":"product_cat","embeddable":true,"href":"https:\/\/roveyayinevi.com.tr\/index.php\/wp-json\/wp\/v2\/product_cat?post=749772"},{"taxonomy":"product_tag","embeddable":true,"href":"https:\/\/roveyayinevi.com.tr\/index.php\/wp-json\/wp\/v2\/product_tag?post=749772"}],"curies":[{"name":"wp","href":"https:\/\/api.w.org\/{rel}","templated":true}]}}