{"id":749771,"date":"2025-08-28T04:03:32","date_gmt":"2025-08-28T01:03:32","guid":{"rendered":"https:\/\/roveyayinevi.com.tr\/index.php\/urun\/bizim-hikayemiz\/"},"modified":"2026-04-16T03:03:10","modified_gmt":"2026-04-16T00:03:10","slug":"bizim-hikayemiz","status":"publish","type":"product","link":"https:\/\/roveyayinevi.com.tr\/index.php\/urun\/bizim-hikayemiz\/","title":{"rendered":"Bizim Hikayemiz"},"content":{"rendered":"<p>&#8230;Ama sonu h\u00e2l\u00e2 yaz\u0131lmad\u0131.   Otty bin be\u015f y\u00fcz ba\u015fvurunun i\u00e7inden s\u0131yr\u0131larak sayg\u0131n bir prod\u00fcksiyon \u015firketi sahibi olan Russell Styles\u2019\u0131n senaryo yaz\u0131m ekibine kat\u0131lmak \u00fczeredir. Tam hayalindeki i\u015fe ad\u0131m atman\u0131n heyecan\u0131 i\u00e7indeyken bu harika ba\u015flang\u0131c\u0131n arifesinde evinden at\u0131l\u0131r. Joe ise y\u0131llard\u0131r Russell\u2019\u0131n ekibindeki g\u00f6zde \u00e7al\u0131\u015fan\u0131 ve en iyi yazar\u0131d\u0131r; \u00f6te yandan Joe\u2019nun da son zamanlarda hayat\u0131nda, ev arkada\u015f\u0131n\u0131n kendisine haber vermeden ta\u015f\u0131nmas\u0131 gibi ters giden konular vard\u0131r.   Otty ile Joe\u2019nun ayn\u0131 evi payla\u015fmas\u0131 ilk bak\u0131\u015fta her ikisinin de sorunlar\u0131na en bariz \u00e7\u00f6z\u00fcm gibi g\u00f6r\u00fcn\u00fcr ama olacaklara haz\u0131rl\u0131kl\u0131 de\u011fillerdir. Yazar odas\u0131nda birlikte \u00e7al\u0131\u015fmaya ba\u015flad\u0131klar\u0131nda m\u00fckemmel uyumlar\u0131 sayesinde birbirleri i\u00e7in harika birer yaz\u0131 orta\u011f\u0131 haline gelirler. Ancak sayfalar\u0131n \u00f6tesine ge\u00e7en ili\u015fkileri, ikisinin de nedenini anlayamad\u0131\u011f\u0131, tamamen farkl\u0131 bir hik\u00e2yeyi ba\u015flat\u0131r.   Biz, kendi \u00f6n\u00fcm\u00fczdeki en b\u00fcy\u00fck engeliz; Bizim Hik\u00e2yemiz de kendi yolumuzdan \u00e7ekildi\u011fimizde olabilecekleri ke\u015ffe \u00e7\u0131k\u0131yor. G\u00fcn\u00fcm\u00fcz\u00fcn epik ve modern a\u015fk hik\u00e2yesinde hepimiz kendimizden yans\u0131malar g\u00f6rece\u011fiz. \u201cKusursuzlu\u011fun k\u00e2\u011f\u0131da d\u00f6k\u00fclm\u00fc\u015f hali. Ruhunuza i\u015fleyen, kalbinizi \u0131s\u0131tan ve okurken i\u00e7 \u00e7ekece\u011finiz bir hik\u00e2ye.\u201d  Milly Johnson    \u201cUstaca yaz\u0131lm\u0131\u015f, s\u00fcr\u00fckleyici bir a\u015fk hik\u00e2yesi.\u201d Sarah Morgan   \u201cNefes kesecek kadar romantik ve son derece b\u00fcy\u00fcleyici; daha ilk sayfada Otty ile Joe&#8217;ya \u00e2\u015f\u0131k oldum.\u201d Cathy Bramley   \u201cBu \u0131\u015f\u0131lt\u0131l\u0131 a\u015fk hik\u00e2yesi (\u2026) kesinlikle y\u00fcz\u00fcn\u00fczde bir g\u00fcl\u00fcmseme b\u0131rakacak.\u201d Woman\u2019s Weekly <\/p>\n","protected":false},"excerpt":{"rendered":"<p>&#8230;Ama sonu h\u00e2l\u00e2 yaz\u0131lmad\u0131. Otty bin be\u015f y\u00fcz ba\u015fvurunun i\u00e7inden s\u0131yr\u0131larak sayg\u0131n bir prod\u00fcksiyon \u015firketi sahibi olan Russell Styles\u2019\u0131n senaryo yaz\u0131m ekibine kat\u0131lmak \u00fczeredir. Tam hayalindeki<span class=\"excerpt-hellip\"> [\u2026]<\/span><\/p>\n","protected":false},"featured_media":0,"template":"","meta":{"_monsterinsights_skip_tracking":false,"_monsterinsights_sitenote_active":false,"_monsterinsights_sitenote_note":"","_monsterinsights_sitenote_category":0},"product_brand":[],"product_cat":[12291,18202],"product_tag":[],"class_list":{"0":"post-749771","1":"product","2":"type-product","3":"status-publish","5":"product_cat-edebiyat","6":"product_cat-hikaye","7":"pa_cilt-ciltsiz","8":"pa_tur-kitap","9":"pa_yayinevi-indigo-kitap","10":"pa_yazar-miranda-dickinson","12":"first","13":"instock","14":"sale","15":"shipping-taxable","16":"purchasable","17":"product-type-simple"},"_links":{"self":[{"href":"https:\/\/roveyayinevi.com.tr\/index.php\/wp-json\/wp\/v2\/product\/749771","targetHints":{"allow":["GET"]}}],"collection":[{"href":"https:\/\/roveyayinevi.com.tr\/index.php\/wp-json\/wp\/v2\/product"}],"about":[{"href":"https:\/\/roveyayinevi.com.tr\/index.php\/wp-json\/wp\/v2\/types\/product"}],"wp:attachment":[{"href":"https:\/\/roveyayinevi.com.tr\/index.php\/wp-json\/wp\/v2\/media?parent=749771"}],"wp:term":[{"taxonomy":"product_brand","embeddable":true,"href":"https:\/\/roveyayinevi.com.tr\/index.php\/wp-json\/wp\/v2\/product_brand?post=749771"},{"taxonomy":"product_cat","embeddable":true,"href":"https:\/\/roveyayinevi.com.tr\/index.php\/wp-json\/wp\/v2\/product_cat?post=749771"},{"taxonomy":"product_tag","embeddable":true,"href":"https:\/\/roveyayinevi.com.tr\/index.php\/wp-json\/wp\/v2\/product_tag?post=749771"}],"curies":[{"name":"wp","href":"https:\/\/api.w.org\/{rel}","templated":true}]}}