{"id":749770,"date":"2025-08-28T04:03:31","date_gmt":"2025-08-28T01:03:31","guid":{"rendered":"https:\/\/roveyayinevi.com.tr\/index.php\/urun\/monte-cristo-kontu-fleksi\/"},"modified":"2026-04-16T03:03:10","modified_gmt":"2026-04-16T00:03:10","slug":"monte-cristo-kontu-fleksi","status":"publish","type":"product","link":"https:\/\/roveyayinevi.com.tr\/index.php\/urun\/monte-cristo-kontu-fleksi\/","title":{"rendered":"Monte Cristo Kontu (Fleksi)"},"content":{"rendered":"<p>\u00dcnl\u00fc Frans\u0131z romanc\u0131s\u0131 Alexandre Dumas\u2019\u0131n bu yap\u0131t\u0131, ilk kez 1844 y\u0131l\u0131nda yay\u0131mlanm\u0131\u015f ve g\u00fcn\u00fcm\u00fczde d\u00fcnya klasikleri aras\u0131na girmi\u015ftir.   Roman\u0131n kahraman\u0131 Edmond Dantes, bir komplo sonucu haks\u0131z yere su\u00e7lan\u0131p If Kalesi\u2019ne hapsedilir. Burada gizlice dostluk kurdu\u011fu bir ba\u015fka tutukludan Monte Cristo Adas\u0131\u2019nda g\u00f6m\u00fcl\u00fc b\u00fcy\u00fck bir hazine oldu\u011funu \u00f6\u011frenir. Bunun \u00fczerine hapisten ka\u00e7maya ve bu hazineyi bulup kendisini haks\u0131z yere su\u00e7layanlardan intikam almaya karar verir.   <\/p>\n","protected":false},"excerpt":{"rendered":"<p>\u00dcnl\u00fc Frans\u0131z romanc\u0131s\u0131 Alexandre Dumas\u2019\u0131n bu yap\u0131t\u0131, ilk kez 1844 y\u0131l\u0131nda yay\u0131mlanm\u0131\u015f ve g\u00fcn\u00fcm\u00fczde d\u00fcnya klasikleri aras\u0131na girmi\u015ftir. Roman\u0131n kahraman\u0131 Edmond Dantes, bir komplo sonucu haks\u0131z<span class=\"excerpt-hellip\"> [\u2026]<\/span><\/p>\n","protected":false},"featured_media":0,"template":"","meta":{"_monsterinsights_skip_tracking":false,"_monsterinsights_sitenote_active":false,"_monsterinsights_sitenote_note":"","_monsterinsights_sitenote_category":0},"product_brand":[],"product_cat":[12274,12467],"product_tag":[],"class_list":{"0":"post-749770","1":"product","2":"type-product","3":"status-publish","5":"product_cat-cocuk-ve-genclik-kitaplari","6":"product_cat-dunya-klasikleri","7":"pa_cilt-ciltsiz","8":"pa_tur-kitap","9":"pa_yayinevi-remzi-kitabevi","10":"pa_yazar-alexandre-dumas","12":"first","13":"instock","14":"sale","15":"shipping-taxable","16":"purchasable","17":"product-type-simple"},"_links":{"self":[{"href":"https:\/\/roveyayinevi.com.tr\/index.php\/wp-json\/wp\/v2\/product\/749770","targetHints":{"allow":["GET"]}}],"collection":[{"href":"https:\/\/roveyayinevi.com.tr\/index.php\/wp-json\/wp\/v2\/product"}],"about":[{"href":"https:\/\/roveyayinevi.com.tr\/index.php\/wp-json\/wp\/v2\/types\/product"}],"wp:attachment":[{"href":"https:\/\/roveyayinevi.com.tr\/index.php\/wp-json\/wp\/v2\/media?parent=749770"}],"wp:term":[{"taxonomy":"product_brand","embeddable":true,"href":"https:\/\/roveyayinevi.com.tr\/index.php\/wp-json\/wp\/v2\/product_brand?post=749770"},{"taxonomy":"product_cat","embeddable":true,"href":"https:\/\/roveyayinevi.com.tr\/index.php\/wp-json\/wp\/v2\/product_cat?post=749770"},{"taxonomy":"product_tag","embeddable":true,"href":"https:\/\/roveyayinevi.com.tr\/index.php\/wp-json\/wp\/v2\/product_tag?post=749770"}],"curies":[{"name":"wp","href":"https:\/\/api.w.org\/{rel}","templated":true}]}}