{"id":749767,"date":"2025-08-28T04:03:27","date_gmt":"2025-08-28T01:03:27","guid":{"rendered":"https:\/\/roveyayinevi.com.tr\/index.php\/urun\/tutsak-5\/"},"modified":"2026-04-16T03:03:10","modified_gmt":"2026-04-16T00:03:10","slug":"tutsak-5","status":"publish","type":"product","link":"https:\/\/roveyayinevi.com.tr\/index.php\/urun\/tutsak-5\/","title":{"rendered":"Tutsak"},"content":{"rendered":"<p>Alt\u0131n. Alt\u0131n zemin, alt\u0131n duvarlar, alt\u0131n e\u015fyalar, alt\u0131n k\u0131yafetler. Kral Midas&#8217;\u0131n, buzdan da\u011flar\u0131n hemen \u00fczerine kurdu\u011fu saray\u0131nda her \u015fey alt\u0131ndand\u0131. BEN B\u0130LE. Kral Midas efsanesi bu sefer alt\u0131na d\u00f6n\u00fc\u015ft\u00fcrd\u00fc\u011f\u00fc bir kad\u0131n\u0131n bak\u0131\u015f a\u00e7\u0131s\u0131ndan, a\u00e7g\u00f6zl\u00fcl\u00fc\u011f\u00fcn karanl\u0131k yan\u0131 ele al\u0131narak tekrardan anlat\u0131l\u0131yor. Bu ilgi \u00e7ekici yeti\u015fkin fantastik seri, beklenmedik oldu\u011fu kadar da s\u00fcr\u00fckleyici. Orea&#8217;n\u0131n yald\u0131zl\u0131 d\u00fcnyas\u0131ndaki romantizm, entrika ve tehlike ilk sayfadan sizi i\u00e7ine \u00e7ekecek. <\/p>\n","protected":false},"excerpt":{"rendered":"<p>Alt\u0131n. Alt\u0131n zemin, alt\u0131n duvarlar, alt\u0131n e\u015fyalar, alt\u0131n k\u0131yafetler. Kral Midas&#8217;\u0131n, buzdan da\u011flar\u0131n hemen \u00fczerine kurdu\u011fu saray\u0131nda her \u015fey alt\u0131ndand\u0131. BEN B\u0130LE. Kral Midas efsanesi bu<span class=\"excerpt-hellip\"> [\u2026]<\/span><\/p>\n","protected":false},"featured_media":0,"template":"","meta":{"_monsterinsights_skip_tracking":false,"_monsterinsights_sitenote_active":false,"_monsterinsights_sitenote_note":"","_monsterinsights_sitenote_category":0},"product_brand":[],"product_cat":[12291,14777],"product_tag":[],"class_list":{"0":"post-749767","1":"product","2":"type-product","3":"status-publish","5":"product_cat-edebiyat","6":"product_cat-fantastik","7":"pa_cilt-ciltsiz","8":"pa_tur-kitap","9":"pa_yayinevi-ren-kitap","10":"pa_yazar-raven-kennedy","12":"first","13":"instock","14":"sale","15":"shipping-taxable","16":"purchasable","17":"product-type-simple"},"_links":{"self":[{"href":"https:\/\/roveyayinevi.com.tr\/index.php\/wp-json\/wp\/v2\/product\/749767","targetHints":{"allow":["GET"]}}],"collection":[{"href":"https:\/\/roveyayinevi.com.tr\/index.php\/wp-json\/wp\/v2\/product"}],"about":[{"href":"https:\/\/roveyayinevi.com.tr\/index.php\/wp-json\/wp\/v2\/types\/product"}],"wp:attachment":[{"href":"https:\/\/roveyayinevi.com.tr\/index.php\/wp-json\/wp\/v2\/media?parent=749767"}],"wp:term":[{"taxonomy":"product_brand","embeddable":true,"href":"https:\/\/roveyayinevi.com.tr\/index.php\/wp-json\/wp\/v2\/product_brand?post=749767"},{"taxonomy":"product_cat","embeddable":true,"href":"https:\/\/roveyayinevi.com.tr\/index.php\/wp-json\/wp\/v2\/product_cat?post=749767"},{"taxonomy":"product_tag","embeddable":true,"href":"https:\/\/roveyayinevi.com.tr\/index.php\/wp-json\/wp\/v2\/product_tag?post=749767"}],"curies":[{"name":"wp","href":"https:\/\/api.w.org\/{rel}","templated":true}]}}